{"id":904,"date":"2024-08-27T13:21:54","date_gmt":"2024-08-27T13:21:54","guid":{"rendered":"https:\/\/italfile.it\/prodotto\/easy-check\/"},"modified":"2025-02-05T13:52:02","modified_gmt":"2025-02-05T13:52:02","slug":"easy-check","status":"publish","type":"product","link":"https:\/\/italfile.it\/fr\/produit\/easy-check\/","title":{"rendered":"Easy Check"},"content":{"rendered":"<p>Programmeur pour t\u00e9l\u00e9commandes<\/p>\n","protected":false},"excerpt":{"rendered":"<p><strong>Easy Check <\/strong>est le partenaire parfait pour les professionnels de la duplication, capable de s\u2019adapter constamment aux nouvelles exigences du secteur gr\u00e2ce \u00e0 ses mises \u00e0 jour continues. <strong>Easy Check<\/strong> est un instrument technologiquement avanc\u00e9, mais en m\u00eame temps simple et intuitif. Une fois t\u00e9l\u00e9charg\u00e9 l\u2019application t\u00e9l\u00e9charg\u00e9e sur votre t\u00e9l\u00e9phone ou tablette, il suffit d\u2019allumer Easy Check et il sera imm\u00e9diatement op\u00e9rationnel, sans n\u00e9cessiter d\u2019inscription ou de cr\u00e9ation de compte. Il suffit de le charger pendant quelques heures, apr\u00e8s quoi il aura une autonomie d\u2019environ 8 heures. En utilisant la connexion de votre t\u00e9l\u00e9phone, <strong>Easy Check<\/strong> se mettra \u00e0 jour automatiquement. Toutes les mises \u00e0 jour sont gratuites et servent \u00e0 augmenter la compatibilit\u00e9 et les fonctionnalit\u00e9s de l\u2019application.<\/p>\n<p><strong>Easy Check est compatible uniquement avec les t\u00e9l\u00e9commandes version NOW.<\/strong><\/p>\n","protected":false},"featured_media":700,"template":"","meta":{"_acf_changed":false,"_et_pb_use_builder":"","_et_pb_old_content":"","_et_gb_content_width":""},"product_cat":[42],"product_tag":[],"class_list":{"0":"post-904","1":"product","2":"type-product","3":"status-publish","4":"has-post-thumbnail","6":"product_cat-programmeur","8":"first","9":"instock","10":"shipping-taxable","11":"product-type-simple"},"acf":[],"yoast_head":"<!-- This site is optimized with the Yoast SEO plugin v24.0 - https:\/\/yoast.com\/wordpress\/plugins\/seo\/ -->\n<title>Easy Check - Italfile<\/title>\n<meta name=\"robots\" content=\"index, follow, max-snippet:-1, max-image-preview:large, max-video-preview:-1\" \/>\n<link rel=\"canonical\" href=\"https:\/\/italfile.it\/fr\/produit\/easy-check\/\" \/>\n<meta property=\"og:locale\" content=\"fr_FR\" \/>\n<meta property=\"og:type\" content=\"article\" \/>\n<meta property=\"og:title\" content=\"Easy Check - Italfile\" \/>\n<meta property=\"og:description\" content=\"Easy Check est le partenaire parfait pour les professionnels de la duplication, capable de s\u2019adapter constamment aux nouvelles exigences du secteur gr\u00e2ce \u00e0 ses mises \u00e0 jour continues. Easy Check est un instrument technologiquement avanc\u00e9, mais en m\u00eame temps simple et intuitif. Une fois t\u00e9l\u00e9charg\u00e9 l\u2019application t\u00e9l\u00e9charg\u00e9e sur votre t\u00e9l\u00e9phone ou tablette, il suffit d\u2019allumer Easy Check et il sera imm\u00e9diatement op\u00e9rationnel, sans n\u00e9cessiter d\u2019inscription ou de cr\u00e9ation de compte. Il suffit de le charger pendant quelques heures, apr\u00e8s quoi il aura une autonomie d\u2019environ 8 heures. En utilisant la connexion de votre t\u00e9l\u00e9phone, Easy Check se mettra \u00e0 jour automatiquement. Toutes les mises \u00e0 jour sont gratuites et servent \u00e0 augmenter la compatibilit\u00e9 et les fonctionnalit\u00e9s de l\u2019application.       Easy Check est compatible uniquement avec les t\u00e9l\u00e9commandes version NOW.\" \/>\n<meta property=\"og:url\" content=\"https:\/\/italfile.it\/fr\/produit\/easy-check\/\" \/>\n<meta property=\"og:site_name\" content=\"Italfile\" \/>\n<meta property=\"article:modified_time\" content=\"2025-02-05T13:52:02+00:00\" \/>\n<meta property=\"og:image\" content=\"https:\/\/italfile.it\/wp-content\/uploads\/2024\/08\/EasyCheck_principal.png\" \/>\n\t<meta property=\"og:image:width\" content=\"540\" \/>\n\t<meta property=\"og:image:height\" content=\"540\" \/>\n\t<meta property=\"og:image:type\" content=\"image\/png\" \/>\n<meta name=\"twitter:card\" content=\"summary_large_image\" \/>\n<meta name=\"twitter:label1\" content=\"Dur\u00e9e de lecture estim\u00e9e\" \/>\n\t<meta name=\"twitter:data1\" content=\"1 minute\" \/>\n<script type=\"application\/ld+json\" class=\"yoast-schema-graph\">{\"@context\":\"https:\/\/schema.org\",\"@graph\":[{\"@type\":\"WebPage\",\"@id\":\"https:\/\/italfile.it\/fr\/produit\/easy-check\/\",\"url\":\"https:\/\/italfile.it\/fr\/produit\/easy-check\/\",\"name\":\"Easy Check - Italfile\",\"isPartOf\":{\"@id\":\"https:\/\/italfile.it\/#website\"},\"primaryImageOfPage\":{\"@id\":\"https:\/\/italfile.it\/fr\/produit\/easy-check\/#primaryimage\"},\"image\":{\"@id\":\"https:\/\/italfile.it\/fr\/produit\/easy-check\/#primaryimage\"},\"thumbnailUrl\":\"https:\/\/italfile.it\/wp-content\/uploads\/2024\/08\/EasyCheck_principal.png\",\"datePublished\":\"2024-08-27T13:21:54+00:00\",\"dateModified\":\"2025-02-05T13:52:02+00:00\",\"breadcrumb\":{\"@id\":\"https:\/\/italfile.it\/fr\/produit\/easy-check\/#breadcrumb\"},\"inLanguage\":\"fr-FR\",\"potentialAction\":[{\"@type\":\"ReadAction\",\"target\":[\"https:\/\/italfile.it\/fr\/produit\/easy-check\/\"]}]},{\"@type\":\"ImageObject\",\"inLanguage\":\"fr-FR\",\"@id\":\"https:\/\/italfile.it\/fr\/produit\/easy-check\/#primaryimage\",\"url\":\"https:\/\/italfile.it\/wp-content\/uploads\/2024\/08\/EasyCheck_principal.png\",\"contentUrl\":\"https:\/\/italfile.it\/wp-content\/uploads\/2024\/08\/EasyCheck_principal.png\",\"width\":540,\"height\":540},{\"@type\":\"BreadcrumbList\",\"@id\":\"https:\/\/italfile.it\/fr\/produit\/easy-check\/#breadcrumb\",\"itemListElement\":[{\"@type\":\"ListItem\",\"position\":1,\"name\":\"Home\",\"item\":\"https:\/\/italfile.it\/fr\/\"},{\"@type\":\"ListItem\",\"position\":2,\"name\":\"Boutique\",\"item\":\"https:\/\/italfile.it\/fr\/boutique\/\"},{\"@type\":\"ListItem\",\"position\":3,\"name\":\"Easy Check\"}]},{\"@type\":\"WebSite\",\"@id\":\"https:\/\/italfile.it\/#website\",\"url\":\"https:\/\/italfile.it\/\",\"name\":\"Italfile - Radiocomandi Universali\",\"description\":\"Radiocomandi Universali per Cancelli\",\"publisher\":{\"@id\":\"https:\/\/italfile.it\/#organization\"},\"potentialAction\":[{\"@type\":\"SearchAction\",\"target\":{\"@type\":\"EntryPoint\",\"urlTemplate\":\"https:\/\/italfile.it\/?s={search_term_string}\"},\"query-input\":{\"@type\":\"PropertyValueSpecification\",\"valueRequired\":true,\"valueName\":\"search_term_string\"}}],\"inLanguage\":\"fr-FR\"},{\"@type\":\"Organization\",\"@id\":\"https:\/\/italfile.it\/#organization\",\"name\":\"Italfile Srl\",\"url\":\"https:\/\/italfile.it\/\",\"logo\":{\"@type\":\"ImageObject\",\"inLanguage\":\"fr-FR\",\"@id\":\"https:\/\/italfile.it\/#\/schema\/logo\/image\/\",\"url\":\"https:\/\/italfile.it\/wp-content\/uploads\/2024\/07\/itafile-logo225.png\",\"contentUrl\":\"https:\/\/italfile.it\/wp-content\/uploads\/2024\/07\/itafile-logo225.png\",\"width\":225,\"height\":23,\"caption\":\"Italfile Srl\"},\"image\":{\"@id\":\"https:\/\/italfile.it\/#\/schema\/logo\/image\/\"}}]}<\/script>\n<!-- \/ Yoast SEO plugin. -->","yoast_head_json":{"title":"Easy Check - Italfile","robots":{"index":"index","follow":"follow","max-snippet":"max-snippet:-1","max-image-preview":"max-image-preview:large","max-video-preview":"max-video-preview:-1"},"canonical":"https:\/\/italfile.it\/fr\/produit\/easy-check\/","og_locale":"fr_FR","og_type":"article","og_title":"Easy Check - Italfile","og_description":"Easy Check est le partenaire parfait pour les professionnels de la duplication, capable de s\u2019adapter constamment aux nouvelles exigences du secteur gr\u00e2ce \u00e0 ses mises \u00e0 jour continues. Easy Check est un instrument technologiquement avanc\u00e9, mais en m\u00eame temps simple et intuitif. Une fois t\u00e9l\u00e9charg\u00e9 l\u2019application t\u00e9l\u00e9charg\u00e9e sur votre t\u00e9l\u00e9phone ou tablette, il suffit d\u2019allumer Easy Check et il sera imm\u00e9diatement op\u00e9rationnel, sans n\u00e9cessiter d\u2019inscription ou de cr\u00e9ation de compte. Il suffit de le charger pendant quelques heures, apr\u00e8s quoi il aura une autonomie d\u2019environ 8 heures. En utilisant la connexion de votre t\u00e9l\u00e9phone, Easy Check se mettra \u00e0 jour automatiquement. Toutes les mises \u00e0 jour sont gratuites et servent \u00e0 augmenter la compatibilit\u00e9 et les fonctionnalit\u00e9s de l\u2019application.       Easy Check est compatible uniquement avec les t\u00e9l\u00e9commandes version NOW.","og_url":"https:\/\/italfile.it\/fr\/produit\/easy-check\/","og_site_name":"Italfile","article_modified_time":"2025-02-05T13:52:02+00:00","og_image":[{"width":540,"height":540,"url":"https:\/\/italfile.it\/wp-content\/uploads\/2024\/08\/EasyCheck_principal.png","type":"image\/png"}],"twitter_card":"summary_large_image","twitter_misc":{"Dur\u00e9e de lecture estim\u00e9e":"1 minute"},"schema":{"@context":"https:\/\/schema.org","@graph":[{"@type":"WebPage","@id":"https:\/\/italfile.it\/fr\/produit\/easy-check\/","url":"https:\/\/italfile.it\/fr\/produit\/easy-check\/","name":"Easy Check - Italfile","isPartOf":{"@id":"https:\/\/italfile.it\/#website"},"primaryImageOfPage":{"@id":"https:\/\/italfile.it\/fr\/produit\/easy-check\/#primaryimage"},"image":{"@id":"https:\/\/italfile.it\/fr\/produit\/easy-check\/#primaryimage"},"thumbnailUrl":"https:\/\/italfile.it\/wp-content\/uploads\/2024\/08\/EasyCheck_principal.png","datePublished":"2024-08-27T13:21:54+00:00","dateModified":"2025-02-05T13:52:02+00:00","breadcrumb":{"@id":"https:\/\/italfile.it\/fr\/produit\/easy-check\/#breadcrumb"},"inLanguage":"fr-FR","potentialAction":[{"@type":"ReadAction","target":["https:\/\/italfile.it\/fr\/produit\/easy-check\/"]}]},{"@type":"ImageObject","inLanguage":"fr-FR","@id":"https:\/\/italfile.it\/fr\/produit\/easy-check\/#primaryimage","url":"https:\/\/italfile.it\/wp-content\/uploads\/2024\/08\/EasyCheck_principal.png","contentUrl":"https:\/\/italfile.it\/wp-content\/uploads\/2024\/08\/EasyCheck_principal.png","width":540,"height":540},{"@type":"BreadcrumbList","@id":"https:\/\/italfile.it\/fr\/produit\/easy-check\/#breadcrumb","itemListElement":[{"@type":"ListItem","position":1,"name":"Home","item":"https:\/\/italfile.it\/fr\/"},{"@type":"ListItem","position":2,"name":"Boutique","item":"https:\/\/italfile.it\/fr\/boutique\/"},{"@type":"ListItem","position":3,"name":"Easy Check"}]},{"@type":"WebSite","@id":"https:\/\/italfile.it\/#website","url":"https:\/\/italfile.it\/","name":"Italfile - Radiocomandi Universali","description":"Radiocomandi Universali per Cancelli","publisher":{"@id":"https:\/\/italfile.it\/#organization"},"potentialAction":[{"@type":"SearchAction","target":{"@type":"EntryPoint","urlTemplate":"https:\/\/italfile.it\/?s={search_term_string}"},"query-input":{"@type":"PropertyValueSpecification","valueRequired":true,"valueName":"search_term_string"}}],"inLanguage":"fr-FR"},{"@type":"Organization","@id":"https:\/\/italfile.it\/#organization","name":"Italfile Srl","url":"https:\/\/italfile.it\/","logo":{"@type":"ImageObject","inLanguage":"fr-FR","@id":"https:\/\/italfile.it\/#\/schema\/logo\/image\/","url":"https:\/\/italfile.it\/wp-content\/uploads\/2024\/07\/itafile-logo225.png","contentUrl":"https:\/\/italfile.it\/wp-content\/uploads\/2024\/07\/itafile-logo225.png","width":225,"height":23,"caption":"Italfile Srl"},"image":{"@id":"https:\/\/italfile.it\/#\/schema\/logo\/image\/"}}]}},"_links":{"self":[{"href":"https:\/\/italfile.it\/fr\/wp-json\/wp\/v2\/product\/904","targetHints":{"allow":["GET"]}}],"collection":[{"href":"https:\/\/italfile.it\/fr\/wp-json\/wp\/v2\/product"}],"about":[{"href":"https:\/\/italfile.it\/fr\/wp-json\/wp\/v2\/types\/product"}],"wp:featuredmedia":[{"embeddable":true,"href":"https:\/\/italfile.it\/fr\/wp-json\/wp\/v2\/media\/700"}],"wp:attachment":[{"href":"https:\/\/italfile.it\/fr\/wp-json\/wp\/v2\/media?parent=904"}],"wp:term":[{"taxonomy":"product_cat","embeddable":true,"href":"https:\/\/italfile.it\/fr\/wp-json\/wp\/v2\/product_cat?post=904"},{"taxonomy":"product_tag","embeddable":true,"href":"https:\/\/italfile.it\/fr\/wp-json\/wp\/v2\/product_tag?post=904"}],"curies":[{"name":"wp","href":"https:\/\/api.w.org\/{rel}","templated":true}]}}