{"id":900,"date":"2024-08-27T13:13:55","date_gmt":"2024-08-27T13:13:55","guid":{"rendered":"https:\/\/italfile.it\/prodotto\/rxjf2c\/"},"modified":"2024-11-04T14:41:35","modified_gmt":"2024-11-04T14:41:35","slug":"rxjf2c","status":"publish","type":"product","link":"https:\/\/italfile.it\/fr\/produit\/rxjf2c\/","title":{"rendered":"RXJF2C"},"content":{"rendered":"<p>R\u00e9cepteur \u00e0 2 canaux<br \/>\nAlimentation : 12\/24 Volts AC\/DC<br \/>\nFr\u00e9quence : 433,92 MHz<br \/>\n\u00c9quip\u00e9 d\u2019un filtre anti-interf\u00e9rences pour optimiser les fr\u00e9quences des t\u00e9l\u00e9commandes<br \/>\n3 fonctions ind\u00e9pendantes : impulsion &#8211; pas \u00e0 pas &#8211; temporis\u00e9<\/p>\n","protected":false},"excerpt":{"rendered":"<h2><strong>COMPATIBLE AVEC:<\/strong><\/h2>\n<ul>\n<li><strong>JANE version F<\/strong> code d\u2019usine<\/li>\n<li> <strong>JANE versions TOP 01 et TOP 02<\/strong> en g\u00e9n\u00e9rant des codes standards \u00e0 12 bits<\/li>\n<li><strong>PRIME version F <\/strong>codes d\u2019usine ou en g\u00e9n\u00e9rant des codes standards \u00e0 12 bits<\/li>\n<li><strong>IRIS version 433<\/strong> codes d\u2019usine ou en g\u00e9n\u00e9rant des codes standards \u00e0 12 bits<\/li>\n<li><strong>T\u00e9l\u00e9commandes d\u2019origine<\/strong> \u00e0 code standard \u00e0 12 bits avec fr\u00e9quence 433,92 MHz<\/li>\n<\/ul>\n","protected":false},"featured_media":640,"template":"","meta":{"_acf_changed":false,"_et_pb_use_builder":"off","_et_pb_old_content":"La versione <strong>TOP 02<\/strong> \u00e8 compatibile con la maggior parte dei radiocomandi a codice fisso multifrequenza e una serie di radiocomandi a codice rolling. Sono escluse le frequenza quarzate. La versione <strong>TOP 02<\/strong> genera codici fissi a 12 e 24 bit e codici rolling compatibili. Il doppio colore del led identifica il tipo di codice che trasmette: verde codice fisso, rosso rolling. \n\n ","_et_gb_content_width":""},"product_cat":[41],"product_tag":[],"class_list":{"0":"post-900","1":"product","2":"type-product","3":"status-publish","4":"has-post-thumbnail","6":"product_cat-recepteur","8":"first","9":"instock","10":"shipping-taxable","11":"product-type-simple"},"acf":[],"yoast_head":"<!-- This site is optimized with the Yoast SEO plugin v24.0 - https:\/\/yoast.com\/wordpress\/plugins\/seo\/ -->\n<title>RXJF2C - Italfile<\/title>\n<meta name=\"robots\" content=\"index, follow, max-snippet:-1, max-image-preview:large, max-video-preview:-1\" \/>\n<link rel=\"canonical\" href=\"https:\/\/italfile.it\/fr\/produit\/rxjf2c\/\" \/>\n<meta property=\"og:locale\" content=\"fr_FR\" \/>\n<meta property=\"og:type\" content=\"article\" \/>\n<meta property=\"og:title\" content=\"RXJF2C - Italfile\" \/>\n<meta property=\"og:description\" content=\"COMPATIBLE AVEC:  JANE version F code d\u2019usine  JANE versions TOP 01 et TOP 02 en g\u00e9n\u00e9rant des codes standards \u00e0 12 bits  PRIME version F codes d\u2019usine ou en g\u00e9n\u00e9rant des codes standards \u00e0 12 bits  IRIS version 433 codes d\u2019usine ou en g\u00e9n\u00e9rant des codes standards \u00e0 12 bits  T\u00e9l\u00e9commandes d\u2019origine \u00e0 code standard \u00e0 12 bits avec fr\u00e9quence 433,92 MHz\" \/>\n<meta property=\"og:url\" content=\"https:\/\/italfile.it\/fr\/produit\/rxjf2c\/\" \/>\n<meta property=\"og:site_name\" content=\"Italfile\" \/>\n<meta property=\"article:modified_time\" content=\"2024-11-04T14:41:35+00:00\" \/>\n<meta property=\"og:image\" content=\"https:\/\/italfile.it\/wp-content\/uploads\/2024\/08\/DSCF0294-compress.jpg\" \/>\n\t<meta property=\"og:image:width\" content=\"1280\" \/>\n\t<meta property=\"og:image:height\" content=\"1920\" \/>\n\t<meta property=\"og:image:type\" content=\"image\/jpeg\" \/>\n<meta name=\"twitter:card\" content=\"summary_large_image\" \/>\n<script type=\"application\/ld+json\" class=\"yoast-schema-graph\">{\"@context\":\"https:\/\/schema.org\",\"@graph\":[{\"@type\":\"WebPage\",\"@id\":\"https:\/\/italfile.it\/fr\/produit\/rxjf2c\/\",\"url\":\"https:\/\/italfile.it\/fr\/produit\/rxjf2c\/\",\"name\":\"RXJF2C - Italfile\",\"isPartOf\":{\"@id\":\"https:\/\/italfile.it\/#website\"},\"primaryImageOfPage\":{\"@id\":\"https:\/\/italfile.it\/fr\/produit\/rxjf2c\/#primaryimage\"},\"image\":{\"@id\":\"https:\/\/italfile.it\/fr\/produit\/rxjf2c\/#primaryimage\"},\"thumbnailUrl\":\"https:\/\/italfile.it\/wp-content\/uploads\/2024\/08\/DSCF0294-compress.jpg\",\"datePublished\":\"2024-08-27T13:13:55+00:00\",\"dateModified\":\"2024-11-04T14:41:35+00:00\",\"breadcrumb\":{\"@id\":\"https:\/\/italfile.it\/fr\/produit\/rxjf2c\/#breadcrumb\"},\"inLanguage\":\"fr-FR\",\"potentialAction\":[{\"@type\":\"ReadAction\",\"target\":[\"https:\/\/italfile.it\/fr\/produit\/rxjf2c\/\"]}]},{\"@type\":\"ImageObject\",\"inLanguage\":\"fr-FR\",\"@id\":\"https:\/\/italfile.it\/fr\/produit\/rxjf2c\/#primaryimage\",\"url\":\"https:\/\/italfile.it\/wp-content\/uploads\/2024\/08\/DSCF0294-compress.jpg\",\"contentUrl\":\"https:\/\/italfile.it\/wp-content\/uploads\/2024\/08\/DSCF0294-compress.jpg\",\"width\":1280,\"height\":1920},{\"@type\":\"BreadcrumbList\",\"@id\":\"https:\/\/italfile.it\/fr\/produit\/rxjf2c\/#breadcrumb\",\"itemListElement\":[{\"@type\":\"ListItem\",\"position\":1,\"name\":\"Home\",\"item\":\"https:\/\/italfile.it\/fr\/\"},{\"@type\":\"ListItem\",\"position\":2,\"name\":\"Boutique\",\"item\":\"https:\/\/italfile.it\/fr\/boutique\/\"},{\"@type\":\"ListItem\",\"position\":3,\"name\":\"RXJF2C\"}]},{\"@type\":\"WebSite\",\"@id\":\"https:\/\/italfile.it\/#website\",\"url\":\"https:\/\/italfile.it\/\",\"name\":\"Italfile - Radiocomandi Universali\",\"description\":\"Radiocomandi Universali per Cancelli\",\"publisher\":{\"@id\":\"https:\/\/italfile.it\/#organization\"},\"potentialAction\":[{\"@type\":\"SearchAction\",\"target\":{\"@type\":\"EntryPoint\",\"urlTemplate\":\"https:\/\/italfile.it\/?s={search_term_string}\"},\"query-input\":{\"@type\":\"PropertyValueSpecification\",\"valueRequired\":true,\"valueName\":\"search_term_string\"}}],\"inLanguage\":\"fr-FR\"},{\"@type\":\"Organization\",\"@id\":\"https:\/\/italfile.it\/#organization\",\"name\":\"Italfile Srl\",\"url\":\"https:\/\/italfile.it\/\",\"logo\":{\"@type\":\"ImageObject\",\"inLanguage\":\"fr-FR\",\"@id\":\"https:\/\/italfile.it\/#\/schema\/logo\/image\/\",\"url\":\"https:\/\/italfile.it\/wp-content\/uploads\/2024\/07\/itafile-logo225.png\",\"contentUrl\":\"https:\/\/italfile.it\/wp-content\/uploads\/2024\/07\/itafile-logo225.png\",\"width\":225,\"height\":23,\"caption\":\"Italfile Srl\"},\"image\":{\"@id\":\"https:\/\/italfile.it\/#\/schema\/logo\/image\/\"}}]}<\/script>\n<!-- \/ Yoast SEO plugin. -->","yoast_head_json":{"title":"RXJF2C - Italfile","robots":{"index":"index","follow":"follow","max-snippet":"max-snippet:-1","max-image-preview":"max-image-preview:large","max-video-preview":"max-video-preview:-1"},"canonical":"https:\/\/italfile.it\/fr\/produit\/rxjf2c\/","og_locale":"fr_FR","og_type":"article","og_title":"RXJF2C - Italfile","og_description":"COMPATIBLE AVEC:  JANE version F code d\u2019usine  JANE versions TOP 01 et TOP 02 en g\u00e9n\u00e9rant des codes standards \u00e0 12 bits  PRIME version F codes d\u2019usine ou en g\u00e9n\u00e9rant des codes standards \u00e0 12 bits  IRIS version 433 codes d\u2019usine ou en g\u00e9n\u00e9rant des codes standards \u00e0 12 bits  T\u00e9l\u00e9commandes d\u2019origine \u00e0 code standard \u00e0 12 bits avec fr\u00e9quence 433,92 MHz","og_url":"https:\/\/italfile.it\/fr\/produit\/rxjf2c\/","og_site_name":"Italfile","article_modified_time":"2024-11-04T14:41:35+00:00","og_image":[{"width":1280,"height":1920,"url":"https:\/\/italfile.it\/wp-content\/uploads\/2024\/08\/DSCF0294-compress.jpg","type":"image\/jpeg"}],"twitter_card":"summary_large_image","schema":{"@context":"https:\/\/schema.org","@graph":[{"@type":"WebPage","@id":"https:\/\/italfile.it\/fr\/produit\/rxjf2c\/","url":"https:\/\/italfile.it\/fr\/produit\/rxjf2c\/","name":"RXJF2C - Italfile","isPartOf":{"@id":"https:\/\/italfile.it\/#website"},"primaryImageOfPage":{"@id":"https:\/\/italfile.it\/fr\/produit\/rxjf2c\/#primaryimage"},"image":{"@id":"https:\/\/italfile.it\/fr\/produit\/rxjf2c\/#primaryimage"},"thumbnailUrl":"https:\/\/italfile.it\/wp-content\/uploads\/2024\/08\/DSCF0294-compress.jpg","datePublished":"2024-08-27T13:13:55+00:00","dateModified":"2024-11-04T14:41:35+00:00","breadcrumb":{"@id":"https:\/\/italfile.it\/fr\/produit\/rxjf2c\/#breadcrumb"},"inLanguage":"fr-FR","potentialAction":[{"@type":"ReadAction","target":["https:\/\/italfile.it\/fr\/produit\/rxjf2c\/"]}]},{"@type":"ImageObject","inLanguage":"fr-FR","@id":"https:\/\/italfile.it\/fr\/produit\/rxjf2c\/#primaryimage","url":"https:\/\/italfile.it\/wp-content\/uploads\/2024\/08\/DSCF0294-compress.jpg","contentUrl":"https:\/\/italfile.it\/wp-content\/uploads\/2024\/08\/DSCF0294-compress.jpg","width":1280,"height":1920},{"@type":"BreadcrumbList","@id":"https:\/\/italfile.it\/fr\/produit\/rxjf2c\/#breadcrumb","itemListElement":[{"@type":"ListItem","position":1,"name":"Home","item":"https:\/\/italfile.it\/fr\/"},{"@type":"ListItem","position":2,"name":"Boutique","item":"https:\/\/italfile.it\/fr\/boutique\/"},{"@type":"ListItem","position":3,"name":"RXJF2C"}]},{"@type":"WebSite","@id":"https:\/\/italfile.it\/#website","url":"https:\/\/italfile.it\/","name":"Italfile - Radiocomandi Universali","description":"Radiocomandi Universali per Cancelli","publisher":{"@id":"https:\/\/italfile.it\/#organization"},"potentialAction":[{"@type":"SearchAction","target":{"@type":"EntryPoint","urlTemplate":"https:\/\/italfile.it\/?s={search_term_string}"},"query-input":{"@type":"PropertyValueSpecification","valueRequired":true,"valueName":"search_term_string"}}],"inLanguage":"fr-FR"},{"@type":"Organization","@id":"https:\/\/italfile.it\/#organization","name":"Italfile Srl","url":"https:\/\/italfile.it\/","logo":{"@type":"ImageObject","inLanguage":"fr-FR","@id":"https:\/\/italfile.it\/#\/schema\/logo\/image\/","url":"https:\/\/italfile.it\/wp-content\/uploads\/2024\/07\/itafile-logo225.png","contentUrl":"https:\/\/italfile.it\/wp-content\/uploads\/2024\/07\/itafile-logo225.png","width":225,"height":23,"caption":"Italfile Srl"},"image":{"@id":"https:\/\/italfile.it\/#\/schema\/logo\/image\/"}}]}},"_links":{"self":[{"href":"https:\/\/italfile.it\/fr\/wp-json\/wp\/v2\/product\/900","targetHints":{"allow":["GET"]}}],"collection":[{"href":"https:\/\/italfile.it\/fr\/wp-json\/wp\/v2\/product"}],"about":[{"href":"https:\/\/italfile.it\/fr\/wp-json\/wp\/v2\/types\/product"}],"wp:featuredmedia":[{"embeddable":true,"href":"https:\/\/italfile.it\/fr\/wp-json\/wp\/v2\/media\/640"}],"wp:attachment":[{"href":"https:\/\/italfile.it\/fr\/wp-json\/wp\/v2\/media?parent=900"}],"wp:term":[{"taxonomy":"product_cat","embeddable":true,"href":"https:\/\/italfile.it\/fr\/wp-json\/wp\/v2\/product_cat?post=900"},{"taxonomy":"product_tag","embeddable":true,"href":"https:\/\/italfile.it\/fr\/wp-json\/wp\/v2\/product_tag?post=900"}],"curies":[{"name":"wp","href":"https:\/\/api.w.org\/{rel}","templated":true}]}}