{"id":896,"date":"2024-08-30T08:39:02","date_gmt":"2024-08-30T08:39:02","guid":{"rendered":"https:\/\/italfile.it\/prodotto\/iris-versione-top\/"},"modified":"2024-11-26T07:45:11","modified_gmt":"2024-11-26T07:45:11","slug":"iris-version-top","status":"publish","type":"product","link":"https:\/\/italfile.it\/fr\/produit\/iris-version-top\/","title":{"rendered":"IRIS &#8211; Version TOP"},"content":{"rendered":"<p>La <strong>version IRIS<\/strong> <strong>TOP<\/strong> est une t\u00e9l\u00e9commande universelle capable de dupliquer jusqu&rsquo;\u00e0 2 dispositifs diff\u00e9rents.<\/p>\n","protected":false},"excerpt":{"rendered":"<p>La version IRIS TOP est une t\u00e9l\u00e9commande universelle capable de dupliquer jusqu&rsquo;\u00e0 2 dispositifs diff\u00e9rents.<\/p>\n","protected":false},"featured_media":670,"template":"","meta":{"_acf_changed":false,"_et_pb_use_builder":"off","_et_pb_old_content":"La versione <strong>TOP 02<\/strong> \u00e8 compatibile con la maggior parte dei radiocomandi a codice fisso multifrequenza e una serie di radiocomandi a codice rolling. Sono escluse le frequenza quarzate. La versione <strong>TOP 02<\/strong> genera codici fissi a 12 e 24 bit e codici rolling compatibili. Il doppio colore del led identifica il tipo di codice che trasmette: verde codice fisso, rosso rolling. \r\n\r\n ","_et_gb_content_width":""},"product_cat":[36],"product_tag":[],"class_list":{"0":"post-896","1":"product","2":"type-product","3":"status-publish","4":"has-post-thumbnail","6":"product_cat-iris-fr","8":"first","9":"instock","10":"shipping-taxable","11":"product-type-simple"},"acf":[],"yoast_head":"<!-- This site is optimized with the Yoast SEO plugin v24.0 - https:\/\/yoast.com\/wordpress\/plugins\/seo\/ -->\n<title>IRIS - Version TOP - Italfile<\/title>\n<meta name=\"robots\" content=\"index, follow, max-snippet:-1, max-image-preview:large, max-video-preview:-1\" \/>\n<link rel=\"canonical\" href=\"https:\/\/italfile.it\/fr\/produit\/iris-version-top\/\" \/>\n<meta property=\"og:locale\" content=\"fr_FR\" \/>\n<meta property=\"og:type\" content=\"article\" \/>\n<meta property=\"og:title\" content=\"IRIS - Version TOP - Italfile\" \/>\n<meta property=\"og:description\" content=\"La version IRIS TOP est une t\u00e9l\u00e9commande universelle capable de dupliquer jusqu&rsquo;\u00e0 2 dispositifs diff\u00e9rents.\" \/>\n<meta property=\"og:url\" content=\"https:\/\/italfile.it\/fr\/produit\/iris-version-top\/\" \/>\n<meta property=\"og:site_name\" content=\"Italfile\" \/>\n<meta property=\"article:modified_time\" content=\"2024-11-26T07:45:11+00:00\" \/>\n<meta property=\"og:image\" content=\"https:\/\/italfile.it\/wp-content\/uploads\/2024\/08\/iris-top-cat.jpg\" \/>\n\t<meta property=\"og:image:width\" content=\"1920\" \/>\n\t<meta property=\"og:image:height\" content=\"1411\" \/>\n\t<meta property=\"og:image:type\" content=\"image\/jpeg\" \/>\n<meta name=\"twitter:card\" content=\"summary_large_image\" \/>\n<meta name=\"twitter:label1\" content=\"Dur\u00e9e de lecture estim\u00e9e\" \/>\n\t<meta name=\"twitter:data1\" content=\"1 minute\" \/>\n<script type=\"application\/ld+json\" class=\"yoast-schema-graph\">{\"@context\":\"https:\/\/schema.org\",\"@graph\":[{\"@type\":\"WebPage\",\"@id\":\"https:\/\/italfile.it\/fr\/produit\/iris-version-top\/\",\"url\":\"https:\/\/italfile.it\/fr\/produit\/iris-version-top\/\",\"name\":\"IRIS - Version TOP - Italfile\",\"isPartOf\":{\"@id\":\"https:\/\/italfile.it\/#website\"},\"primaryImageOfPage\":{\"@id\":\"https:\/\/italfile.it\/fr\/produit\/iris-version-top\/#primaryimage\"},\"image\":{\"@id\":\"https:\/\/italfile.it\/fr\/produit\/iris-version-top\/#primaryimage\"},\"thumbnailUrl\":\"https:\/\/italfile.it\/wp-content\/uploads\/2024\/08\/iris-top-cat.jpg\",\"datePublished\":\"2024-08-30T08:39:02+00:00\",\"dateModified\":\"2024-11-26T07:45:11+00:00\",\"breadcrumb\":{\"@id\":\"https:\/\/italfile.it\/fr\/produit\/iris-version-top\/#breadcrumb\"},\"inLanguage\":\"fr-FR\",\"potentialAction\":[{\"@type\":\"ReadAction\",\"target\":[\"https:\/\/italfile.it\/fr\/produit\/iris-version-top\/\"]}]},{\"@type\":\"ImageObject\",\"inLanguage\":\"fr-FR\",\"@id\":\"https:\/\/italfile.it\/fr\/produit\/iris-version-top\/#primaryimage\",\"url\":\"https:\/\/italfile.it\/wp-content\/uploads\/2024\/08\/iris-top-cat.jpg\",\"contentUrl\":\"https:\/\/italfile.it\/wp-content\/uploads\/2024\/08\/iris-top-cat.jpg\",\"width\":1920,\"height\":1411},{\"@type\":\"BreadcrumbList\",\"@id\":\"https:\/\/italfile.it\/fr\/produit\/iris-version-top\/#breadcrumb\",\"itemListElement\":[{\"@type\":\"ListItem\",\"position\":1,\"name\":\"Home\",\"item\":\"https:\/\/italfile.it\/fr\/\"},{\"@type\":\"ListItem\",\"position\":2,\"name\":\"Boutique\",\"item\":\"https:\/\/italfile.it\/fr\/boutique\/\"},{\"@type\":\"ListItem\",\"position\":3,\"name\":\"IRIS &#8211; Version TOP\"}]},{\"@type\":\"WebSite\",\"@id\":\"https:\/\/italfile.it\/#website\",\"url\":\"https:\/\/italfile.it\/\",\"name\":\"Italfile - Radiocomandi Universali\",\"description\":\"Radiocomandi Universali per Cancelli\",\"publisher\":{\"@id\":\"https:\/\/italfile.it\/#organization\"},\"potentialAction\":[{\"@type\":\"SearchAction\",\"target\":{\"@type\":\"EntryPoint\",\"urlTemplate\":\"https:\/\/italfile.it\/?s={search_term_string}\"},\"query-input\":{\"@type\":\"PropertyValueSpecification\",\"valueRequired\":true,\"valueName\":\"search_term_string\"}}],\"inLanguage\":\"fr-FR\"},{\"@type\":\"Organization\",\"@id\":\"https:\/\/italfile.it\/#organization\",\"name\":\"Italfile Srl\",\"url\":\"https:\/\/italfile.it\/\",\"logo\":{\"@type\":\"ImageObject\",\"inLanguage\":\"fr-FR\",\"@id\":\"https:\/\/italfile.it\/#\/schema\/logo\/image\/\",\"url\":\"https:\/\/italfile.it\/wp-content\/uploads\/2024\/07\/itafile-logo225.png\",\"contentUrl\":\"https:\/\/italfile.it\/wp-content\/uploads\/2024\/07\/itafile-logo225.png\",\"width\":225,\"height\":23,\"caption\":\"Italfile Srl\"},\"image\":{\"@id\":\"https:\/\/italfile.it\/#\/schema\/logo\/image\/\"}}]}<\/script>\n<!-- \/ Yoast SEO plugin. -->","yoast_head_json":{"title":"IRIS - Version TOP - Italfile","robots":{"index":"index","follow":"follow","max-snippet":"max-snippet:-1","max-image-preview":"max-image-preview:large","max-video-preview":"max-video-preview:-1"},"canonical":"https:\/\/italfile.it\/fr\/produit\/iris-version-top\/","og_locale":"fr_FR","og_type":"article","og_title":"IRIS - Version TOP - Italfile","og_description":"La version IRIS TOP est une t\u00e9l\u00e9commande universelle capable de dupliquer jusqu&rsquo;\u00e0 2 dispositifs diff\u00e9rents.","og_url":"https:\/\/italfile.it\/fr\/produit\/iris-version-top\/","og_site_name":"Italfile","article_modified_time":"2024-11-26T07:45:11+00:00","og_image":[{"width":1920,"height":1411,"url":"https:\/\/italfile.it\/wp-content\/uploads\/2024\/08\/iris-top-cat.jpg","type":"image\/jpeg"}],"twitter_card":"summary_large_image","twitter_misc":{"Dur\u00e9e de lecture estim\u00e9e":"1 minute"},"schema":{"@context":"https:\/\/schema.org","@graph":[{"@type":"WebPage","@id":"https:\/\/italfile.it\/fr\/produit\/iris-version-top\/","url":"https:\/\/italfile.it\/fr\/produit\/iris-version-top\/","name":"IRIS - Version TOP - Italfile","isPartOf":{"@id":"https:\/\/italfile.it\/#website"},"primaryImageOfPage":{"@id":"https:\/\/italfile.it\/fr\/produit\/iris-version-top\/#primaryimage"},"image":{"@id":"https:\/\/italfile.it\/fr\/produit\/iris-version-top\/#primaryimage"},"thumbnailUrl":"https:\/\/italfile.it\/wp-content\/uploads\/2024\/08\/iris-top-cat.jpg","datePublished":"2024-08-30T08:39:02+00:00","dateModified":"2024-11-26T07:45:11+00:00","breadcrumb":{"@id":"https:\/\/italfile.it\/fr\/produit\/iris-version-top\/#breadcrumb"},"inLanguage":"fr-FR","potentialAction":[{"@type":"ReadAction","target":["https:\/\/italfile.it\/fr\/produit\/iris-version-top\/"]}]},{"@type":"ImageObject","inLanguage":"fr-FR","@id":"https:\/\/italfile.it\/fr\/produit\/iris-version-top\/#primaryimage","url":"https:\/\/italfile.it\/wp-content\/uploads\/2024\/08\/iris-top-cat.jpg","contentUrl":"https:\/\/italfile.it\/wp-content\/uploads\/2024\/08\/iris-top-cat.jpg","width":1920,"height":1411},{"@type":"BreadcrumbList","@id":"https:\/\/italfile.it\/fr\/produit\/iris-version-top\/#breadcrumb","itemListElement":[{"@type":"ListItem","position":1,"name":"Home","item":"https:\/\/italfile.it\/fr\/"},{"@type":"ListItem","position":2,"name":"Boutique","item":"https:\/\/italfile.it\/fr\/boutique\/"},{"@type":"ListItem","position":3,"name":"IRIS &#8211; Version TOP"}]},{"@type":"WebSite","@id":"https:\/\/italfile.it\/#website","url":"https:\/\/italfile.it\/","name":"Italfile - Radiocomandi Universali","description":"Radiocomandi Universali per Cancelli","publisher":{"@id":"https:\/\/italfile.it\/#organization"},"potentialAction":[{"@type":"SearchAction","target":{"@type":"EntryPoint","urlTemplate":"https:\/\/italfile.it\/?s={search_term_string}"},"query-input":{"@type":"PropertyValueSpecification","valueRequired":true,"valueName":"search_term_string"}}],"inLanguage":"fr-FR"},{"@type":"Organization","@id":"https:\/\/italfile.it\/#organization","name":"Italfile Srl","url":"https:\/\/italfile.it\/","logo":{"@type":"ImageObject","inLanguage":"fr-FR","@id":"https:\/\/italfile.it\/#\/schema\/logo\/image\/","url":"https:\/\/italfile.it\/wp-content\/uploads\/2024\/07\/itafile-logo225.png","contentUrl":"https:\/\/italfile.it\/wp-content\/uploads\/2024\/07\/itafile-logo225.png","width":225,"height":23,"caption":"Italfile Srl"},"image":{"@id":"https:\/\/italfile.it\/#\/schema\/logo\/image\/"}}]}},"_links":{"self":[{"href":"https:\/\/italfile.it\/fr\/wp-json\/wp\/v2\/product\/896","targetHints":{"allow":["GET"]}}],"collection":[{"href":"https:\/\/italfile.it\/fr\/wp-json\/wp\/v2\/product"}],"about":[{"href":"https:\/\/italfile.it\/fr\/wp-json\/wp\/v2\/types\/product"}],"wp:featuredmedia":[{"embeddable":true,"href":"https:\/\/italfile.it\/fr\/wp-json\/wp\/v2\/media\/670"}],"wp:attachment":[{"href":"https:\/\/italfile.it\/fr\/wp-json\/wp\/v2\/media?parent=896"}],"wp:term":[{"taxonomy":"product_cat","embeddable":true,"href":"https:\/\/italfile.it\/fr\/wp-json\/wp\/v2\/product_cat?post=896"},{"taxonomy":"product_tag","embeddable":true,"href":"https:\/\/italfile.it\/fr\/wp-json\/wp\/v2\/product_tag?post=896"}],"curies":[{"name":"wp","href":"https:\/\/api.w.org\/{rel}","templated":true}]}}