{"id":885,"date":"2024-08-30T08:18:18","date_gmt":"2024-08-30T08:18:18","guid":{"rendered":"https:\/\/italfile.it\/prodotto\/jane-versione-q\/"},"modified":"2024-11-04T14:02:13","modified_gmt":"2024-11-04T14:02:13","slug":"jane-version-q","status":"publish","type":"product","link":"https:\/\/italfile.it\/fr\/produit\/jane-version-q\/","title":{"rendered":"Jane &#8211; Version Q"},"content":{"rendered":"<p>La <strong>version Q <\/strong>est compatible avec les t\u00e9l\u00e9commandes \u00e0 code fixe fonctionnant \u00e0 fr\u00e9quence quartz<\/p>\n","protected":false},"excerpt":{"rendered":"<p>La version Q est compatible avec les t\u00e9l\u00e9commandes \u00e0 code fixe fonctionnant \u00e0 fr\u00e9quence quartz<\/p>\n","protected":false},"featured_media":664,"template":"","meta":{"_acf_changed":false,"_et_pb_use_builder":"off","_et_pb_old_content":"La version <strong>TOP 02<\/strong> est compatible avec la plupart des radiocommandes multifr\u00e9quences \u00e0 code fixe et une gamme de radiocommandes \u00e0 code tournant. Les fr\u00e9quences de quartz sont exclues. La version <strong>TOP 02<\/strong> g\u00e9n\u00e8re des codes fixes 12 et 24 bits et des codes roulants compatibles. La double couleur de la LED identifie le type de code transmis : code fixe vert, code d\u00e9roulant rouge. \r\n\r\n ","_et_gb_content_width":""},"product_cat":[39],"product_tag":[],"class_list":{"0":"post-885","1":"product","2":"type-product","3":"status-publish","4":"has-post-thumbnail","6":"product_cat-jane-fr","8":"first","9":"instock","10":"shipping-taxable","11":"product-type-simple"},"acf":[],"yoast_head":"<!-- This site is optimized with the Yoast SEO plugin v24.0 - https:\/\/yoast.com\/wordpress\/plugins\/seo\/ -->\n<title>Jane - Version Q - Italfile<\/title>\n<meta name=\"robots\" content=\"index, follow, max-snippet:-1, max-image-preview:large, max-video-preview:-1\" \/>\n<link rel=\"canonical\" href=\"https:\/\/italfile.it\/fr\/produit\/jane-version-q\/\" \/>\n<meta property=\"og:locale\" content=\"fr_FR\" \/>\n<meta property=\"og:type\" content=\"article\" \/>\n<meta property=\"og:title\" content=\"Jane - Version Q - Italfile\" \/>\n<meta property=\"og:description\" content=\"La version Q est compatible avec les t\u00e9l\u00e9commandes \u00e0 code fixe fonctionnant \u00e0 fr\u00e9quence quartz\" \/>\n<meta property=\"og:url\" content=\"https:\/\/italfile.it\/fr\/produit\/jane-version-q\/\" \/>\n<meta property=\"og:site_name\" content=\"Italfile\" \/>\n<meta property=\"article:modified_time\" content=\"2024-11-04T14:02:13+00:00\" \/>\n<meta property=\"og:image\" content=\"https:\/\/italfile.it\/wp-content\/uploads\/2024\/08\/Jane-Q-24.jpg\" \/>\n\t<meta property=\"og:image:width\" content=\"2000\" \/>\n\t<meta property=\"og:image:height\" content=\"1449\" \/>\n\t<meta property=\"og:image:type\" content=\"image\/jpeg\" \/>\n<meta name=\"twitter:card\" content=\"summary_large_image\" \/>\n<meta name=\"twitter:label1\" content=\"Dur\u00e9e de lecture estim\u00e9e\" \/>\n\t<meta name=\"twitter:data1\" content=\"1 minute\" \/>\n<script type=\"application\/ld+json\" class=\"yoast-schema-graph\">{\"@context\":\"https:\/\/schema.org\",\"@graph\":[{\"@type\":\"WebPage\",\"@id\":\"https:\/\/italfile.it\/fr\/produit\/jane-version-q\/\",\"url\":\"https:\/\/italfile.it\/fr\/produit\/jane-version-q\/\",\"name\":\"Jane - Version Q - Italfile\",\"isPartOf\":{\"@id\":\"https:\/\/italfile.it\/#website\"},\"primaryImageOfPage\":{\"@id\":\"https:\/\/italfile.it\/fr\/produit\/jane-version-q\/#primaryimage\"},\"image\":{\"@id\":\"https:\/\/italfile.it\/fr\/produit\/jane-version-q\/#primaryimage\"},\"thumbnailUrl\":\"https:\/\/italfile.it\/wp-content\/uploads\/2024\/08\/Jane-Q-24.jpg\",\"datePublished\":\"2024-08-30T08:18:18+00:00\",\"dateModified\":\"2024-11-04T14:02:13+00:00\",\"breadcrumb\":{\"@id\":\"https:\/\/italfile.it\/fr\/produit\/jane-version-q\/#breadcrumb\"},\"inLanguage\":\"fr-FR\",\"potentialAction\":[{\"@type\":\"ReadAction\",\"target\":[\"https:\/\/italfile.it\/fr\/produit\/jane-version-q\/\"]}]},{\"@type\":\"ImageObject\",\"inLanguage\":\"fr-FR\",\"@id\":\"https:\/\/italfile.it\/fr\/produit\/jane-version-q\/#primaryimage\",\"url\":\"https:\/\/italfile.it\/wp-content\/uploads\/2024\/08\/Jane-Q-24.jpg\",\"contentUrl\":\"https:\/\/italfile.it\/wp-content\/uploads\/2024\/08\/Jane-Q-24.jpg\",\"width\":2000,\"height\":1449},{\"@type\":\"BreadcrumbList\",\"@id\":\"https:\/\/italfile.it\/fr\/produit\/jane-version-q\/#breadcrumb\",\"itemListElement\":[{\"@type\":\"ListItem\",\"position\":1,\"name\":\"Home\",\"item\":\"https:\/\/italfile.it\/fr\/\"},{\"@type\":\"ListItem\",\"position\":2,\"name\":\"Boutique\",\"item\":\"https:\/\/italfile.it\/fr\/boutique\/\"},{\"@type\":\"ListItem\",\"position\":3,\"name\":\"Jane &#8211; Version Q\"}]},{\"@type\":\"WebSite\",\"@id\":\"https:\/\/italfile.it\/#website\",\"url\":\"https:\/\/italfile.it\/\",\"name\":\"Italfile - Radiocomandi Universali\",\"description\":\"Radiocomandi Universali per Cancelli\",\"publisher\":{\"@id\":\"https:\/\/italfile.it\/#organization\"},\"potentialAction\":[{\"@type\":\"SearchAction\",\"target\":{\"@type\":\"EntryPoint\",\"urlTemplate\":\"https:\/\/italfile.it\/?s={search_term_string}\"},\"query-input\":{\"@type\":\"PropertyValueSpecification\",\"valueRequired\":true,\"valueName\":\"search_term_string\"}}],\"inLanguage\":\"fr-FR\"},{\"@type\":\"Organization\",\"@id\":\"https:\/\/italfile.it\/#organization\",\"name\":\"Italfile Srl\",\"url\":\"https:\/\/italfile.it\/\",\"logo\":{\"@type\":\"ImageObject\",\"inLanguage\":\"fr-FR\",\"@id\":\"https:\/\/italfile.it\/#\/schema\/logo\/image\/\",\"url\":\"https:\/\/italfile.it\/wp-content\/uploads\/2024\/07\/itafile-logo225.png\",\"contentUrl\":\"https:\/\/italfile.it\/wp-content\/uploads\/2024\/07\/itafile-logo225.png\",\"width\":225,\"height\":23,\"caption\":\"Italfile Srl\"},\"image\":{\"@id\":\"https:\/\/italfile.it\/#\/schema\/logo\/image\/\"}}]}<\/script>\n<!-- \/ Yoast SEO plugin. -->","yoast_head_json":{"title":"Jane - Version Q - Italfile","robots":{"index":"index","follow":"follow","max-snippet":"max-snippet:-1","max-image-preview":"max-image-preview:large","max-video-preview":"max-video-preview:-1"},"canonical":"https:\/\/italfile.it\/fr\/produit\/jane-version-q\/","og_locale":"fr_FR","og_type":"article","og_title":"Jane - Version Q - Italfile","og_description":"La version Q est compatible avec les t\u00e9l\u00e9commandes \u00e0 code fixe fonctionnant \u00e0 fr\u00e9quence quartz","og_url":"https:\/\/italfile.it\/fr\/produit\/jane-version-q\/","og_site_name":"Italfile","article_modified_time":"2024-11-04T14:02:13+00:00","og_image":[{"width":2000,"height":1449,"url":"https:\/\/italfile.it\/wp-content\/uploads\/2024\/08\/Jane-Q-24.jpg","type":"image\/jpeg"}],"twitter_card":"summary_large_image","twitter_misc":{"Dur\u00e9e de lecture estim\u00e9e":"1 minute"},"schema":{"@context":"https:\/\/schema.org","@graph":[{"@type":"WebPage","@id":"https:\/\/italfile.it\/fr\/produit\/jane-version-q\/","url":"https:\/\/italfile.it\/fr\/produit\/jane-version-q\/","name":"Jane - Version Q - Italfile","isPartOf":{"@id":"https:\/\/italfile.it\/#website"},"primaryImageOfPage":{"@id":"https:\/\/italfile.it\/fr\/produit\/jane-version-q\/#primaryimage"},"image":{"@id":"https:\/\/italfile.it\/fr\/produit\/jane-version-q\/#primaryimage"},"thumbnailUrl":"https:\/\/italfile.it\/wp-content\/uploads\/2024\/08\/Jane-Q-24.jpg","datePublished":"2024-08-30T08:18:18+00:00","dateModified":"2024-11-04T14:02:13+00:00","breadcrumb":{"@id":"https:\/\/italfile.it\/fr\/produit\/jane-version-q\/#breadcrumb"},"inLanguage":"fr-FR","potentialAction":[{"@type":"ReadAction","target":["https:\/\/italfile.it\/fr\/produit\/jane-version-q\/"]}]},{"@type":"ImageObject","inLanguage":"fr-FR","@id":"https:\/\/italfile.it\/fr\/produit\/jane-version-q\/#primaryimage","url":"https:\/\/italfile.it\/wp-content\/uploads\/2024\/08\/Jane-Q-24.jpg","contentUrl":"https:\/\/italfile.it\/wp-content\/uploads\/2024\/08\/Jane-Q-24.jpg","width":2000,"height":1449},{"@type":"BreadcrumbList","@id":"https:\/\/italfile.it\/fr\/produit\/jane-version-q\/#breadcrumb","itemListElement":[{"@type":"ListItem","position":1,"name":"Home","item":"https:\/\/italfile.it\/fr\/"},{"@type":"ListItem","position":2,"name":"Boutique","item":"https:\/\/italfile.it\/fr\/boutique\/"},{"@type":"ListItem","position":3,"name":"Jane &#8211; Version Q"}]},{"@type":"WebSite","@id":"https:\/\/italfile.it\/#website","url":"https:\/\/italfile.it\/","name":"Italfile - Radiocomandi Universali","description":"Radiocomandi Universali per Cancelli","publisher":{"@id":"https:\/\/italfile.it\/#organization"},"potentialAction":[{"@type":"SearchAction","target":{"@type":"EntryPoint","urlTemplate":"https:\/\/italfile.it\/?s={search_term_string}"},"query-input":{"@type":"PropertyValueSpecification","valueRequired":true,"valueName":"search_term_string"}}],"inLanguage":"fr-FR"},{"@type":"Organization","@id":"https:\/\/italfile.it\/#organization","name":"Italfile Srl","url":"https:\/\/italfile.it\/","logo":{"@type":"ImageObject","inLanguage":"fr-FR","@id":"https:\/\/italfile.it\/#\/schema\/logo\/image\/","url":"https:\/\/italfile.it\/wp-content\/uploads\/2024\/07\/itafile-logo225.png","contentUrl":"https:\/\/italfile.it\/wp-content\/uploads\/2024\/07\/itafile-logo225.png","width":225,"height":23,"caption":"Italfile Srl"},"image":{"@id":"https:\/\/italfile.it\/#\/schema\/logo\/image\/"}}]}},"_links":{"self":[{"href":"https:\/\/italfile.it\/fr\/wp-json\/wp\/v2\/product\/885","targetHints":{"allow":["GET"]}}],"collection":[{"href":"https:\/\/italfile.it\/fr\/wp-json\/wp\/v2\/product"}],"about":[{"href":"https:\/\/italfile.it\/fr\/wp-json\/wp\/v2\/types\/product"}],"wp:featuredmedia":[{"embeddable":true,"href":"https:\/\/italfile.it\/fr\/wp-json\/wp\/v2\/media\/664"}],"wp:attachment":[{"href":"https:\/\/italfile.it\/fr\/wp-json\/wp\/v2\/media?parent=885"}],"wp:term":[{"taxonomy":"product_cat","embeddable":true,"href":"https:\/\/italfile.it\/fr\/wp-json\/wp\/v2\/product_cat?post=885"},{"taxonomy":"product_tag","embeddable":true,"href":"https:\/\/italfile.it\/fr\/wp-json\/wp\/v2\/product_tag?post=885"}],"curies":[{"name":"wp","href":"https:\/\/api.w.org\/{rel}","templated":true}]}}