{"id":881,"date":"2024-08-30T08:00:53","date_gmt":"2024-08-30T08:00:53","guid":{"rendered":"https:\/\/italfile.it\/prodotto\/jane-versione-top-01-top-02\/"},"modified":"2024-11-04T13:47:04","modified_gmt":"2024-11-04T13:47:04","slug":"jane-versions-top-01-top-02","status":"publish","type":"product","link":"https:\/\/italfile.it\/fr\/produit\/jane-versions-top-01-top-02\/","title":{"rendered":"Jane &#8211; Versions TOP 01 &#8211; TOP 02"},"content":{"rendered":"<p>JANE version <strong>TOP<\/strong> est une t\u00e9l\u00e9commande universelle capable de dupliquer jusqu\u2019\u00e0 4 dispositifs diff\u00e9rents.<\/p>\n","protected":false},"excerpt":{"rendered":"<p>JANE version TOP est une t\u00e9l\u00e9commande universelle capable de dupliquer jusqu\u2019\u00e0 4 dispositifs diff\u00e9rents.<\/p>\n","protected":false},"featured_media":578,"template":"","meta":{"_acf_changed":false,"_et_pb_use_builder":"off","_et_pb_old_content":"La version <strong>TOP 02<\/strong> est compatible avec la plupart des radiocommandes multifr\u00e9quences \u00e0 code fixe et une gamme de radiocommandes \u00e0 code tournant. Les fr\u00e9quences de quartz sont exclues. La version <strong>TOP 02<\/strong> g\u00e9n\u00e8re des codes fixes 12 et 24 bits et des codes roulants compatibles. La double couleur de la LED identifie le type de code transmis : code fixe vert, code d\u00e9roulant rouge. \r\n\r\n ","_et_gb_content_width":""},"product_cat":[39],"product_tag":[],"class_list":{"0":"post-881","1":"product","2":"type-product","3":"status-publish","4":"has-post-thumbnail","6":"product_cat-jane-fr","8":"first","9":"instock","10":"shipping-taxable","11":"product-type-simple"},"acf":[],"yoast_head":"<!-- This site is optimized with the Yoast SEO plugin v24.0 - https:\/\/yoast.com\/wordpress\/plugins\/seo\/ -->\n<title>Jane - Versions TOP 01 - TOP 02 - Italfile<\/title>\n<meta name=\"robots\" content=\"index, follow, max-snippet:-1, max-image-preview:large, max-video-preview:-1\" \/>\n<link rel=\"canonical\" href=\"https:\/\/italfile.it\/fr\/produit\/jane-versions-top-01-top-02\/\" \/>\n<meta property=\"og:locale\" content=\"fr_FR\" \/>\n<meta property=\"og:type\" content=\"article\" \/>\n<meta property=\"og:title\" content=\"Jane - Versions TOP 01 - TOP 02 - Italfile\" \/>\n<meta property=\"og:description\" content=\"JANE version TOP est une t\u00e9l\u00e9commande universelle capable de dupliquer jusqu\u2019\u00e0 4 dispositifs diff\u00e9rents.\" \/>\n<meta property=\"og:url\" content=\"https:\/\/italfile.it\/fr\/produit\/jane-versions-top-01-top-02\/\" \/>\n<meta property=\"og:site_name\" content=\"Italfile\" \/>\n<meta property=\"article:modified_time\" content=\"2024-11-04T13:47:04+00:00\" \/>\n<meta property=\"og:image\" content=\"https:\/\/italfile.it\/wp-content\/uploads\/2024\/07\/Jane-top-24.jpg\" \/>\n\t<meta property=\"og:image:width\" content=\"1920\" \/>\n\t<meta property=\"og:image:height\" content=\"1411\" \/>\n\t<meta property=\"og:image:type\" content=\"image\/jpeg\" \/>\n<meta name=\"twitter:card\" content=\"summary_large_image\" \/>\n<meta name=\"twitter:label1\" content=\"Dur\u00e9e de lecture estim\u00e9e\" \/>\n\t<meta name=\"twitter:data1\" content=\"1 minute\" \/>\n<script type=\"application\/ld+json\" class=\"yoast-schema-graph\">{\"@context\":\"https:\/\/schema.org\",\"@graph\":[{\"@type\":\"WebPage\",\"@id\":\"https:\/\/italfile.it\/fr\/produit\/jane-versions-top-01-top-02\/\",\"url\":\"https:\/\/italfile.it\/fr\/produit\/jane-versions-top-01-top-02\/\",\"name\":\"Jane - Versions TOP 01 - TOP 02 - Italfile\",\"isPartOf\":{\"@id\":\"https:\/\/italfile.it\/#website\"},\"primaryImageOfPage\":{\"@id\":\"https:\/\/italfile.it\/fr\/produit\/jane-versions-top-01-top-02\/#primaryimage\"},\"image\":{\"@id\":\"https:\/\/italfile.it\/fr\/produit\/jane-versions-top-01-top-02\/#primaryimage\"},\"thumbnailUrl\":\"https:\/\/italfile.it\/wp-content\/uploads\/2024\/07\/Jane-top-24.jpg\",\"datePublished\":\"2024-08-30T08:00:53+00:00\",\"dateModified\":\"2024-11-04T13:47:04+00:00\",\"breadcrumb\":{\"@id\":\"https:\/\/italfile.it\/fr\/produit\/jane-versions-top-01-top-02\/#breadcrumb\"},\"inLanguage\":\"fr-FR\",\"potentialAction\":[{\"@type\":\"ReadAction\",\"target\":[\"https:\/\/italfile.it\/fr\/produit\/jane-versions-top-01-top-02\/\"]}]},{\"@type\":\"ImageObject\",\"inLanguage\":\"fr-FR\",\"@id\":\"https:\/\/italfile.it\/fr\/produit\/jane-versions-top-01-top-02\/#primaryimage\",\"url\":\"https:\/\/italfile.it\/wp-content\/uploads\/2024\/07\/Jane-top-24.jpg\",\"contentUrl\":\"https:\/\/italfile.it\/wp-content\/uploads\/2024\/07\/Jane-top-24.jpg\",\"width\":1920,\"height\":1411},{\"@type\":\"BreadcrumbList\",\"@id\":\"https:\/\/italfile.it\/fr\/produit\/jane-versions-top-01-top-02\/#breadcrumb\",\"itemListElement\":[{\"@type\":\"ListItem\",\"position\":1,\"name\":\"Home\",\"item\":\"https:\/\/italfile.it\/fr\/\"},{\"@type\":\"ListItem\",\"position\":2,\"name\":\"Boutique\",\"item\":\"https:\/\/italfile.it\/fr\/boutique\/\"},{\"@type\":\"ListItem\",\"position\":3,\"name\":\"Jane &#8211; Versions TOP 01 &#8211; TOP 02\"}]},{\"@type\":\"WebSite\",\"@id\":\"https:\/\/italfile.it\/#website\",\"url\":\"https:\/\/italfile.it\/\",\"name\":\"Italfile - Radiocomandi Universali\",\"description\":\"Radiocomandi Universali per Cancelli\",\"publisher\":{\"@id\":\"https:\/\/italfile.it\/#organization\"},\"potentialAction\":[{\"@type\":\"SearchAction\",\"target\":{\"@type\":\"EntryPoint\",\"urlTemplate\":\"https:\/\/italfile.it\/?s={search_term_string}\"},\"query-input\":{\"@type\":\"PropertyValueSpecification\",\"valueRequired\":true,\"valueName\":\"search_term_string\"}}],\"inLanguage\":\"fr-FR\"},{\"@type\":\"Organization\",\"@id\":\"https:\/\/italfile.it\/#organization\",\"name\":\"Italfile Srl\",\"url\":\"https:\/\/italfile.it\/\",\"logo\":{\"@type\":\"ImageObject\",\"inLanguage\":\"fr-FR\",\"@id\":\"https:\/\/italfile.it\/#\/schema\/logo\/image\/\",\"url\":\"https:\/\/italfile.it\/wp-content\/uploads\/2024\/07\/itafile-logo225.png\",\"contentUrl\":\"https:\/\/italfile.it\/wp-content\/uploads\/2024\/07\/itafile-logo225.png\",\"width\":225,\"height\":23,\"caption\":\"Italfile Srl\"},\"image\":{\"@id\":\"https:\/\/italfile.it\/#\/schema\/logo\/image\/\"}}]}<\/script>\n<!-- \/ Yoast SEO plugin. -->","yoast_head_json":{"title":"Jane - Versions TOP 01 - TOP 02 - Italfile","robots":{"index":"index","follow":"follow","max-snippet":"max-snippet:-1","max-image-preview":"max-image-preview:large","max-video-preview":"max-video-preview:-1"},"canonical":"https:\/\/italfile.it\/fr\/produit\/jane-versions-top-01-top-02\/","og_locale":"fr_FR","og_type":"article","og_title":"Jane - Versions TOP 01 - TOP 02 - Italfile","og_description":"JANE version TOP est une t\u00e9l\u00e9commande universelle capable de dupliquer jusqu\u2019\u00e0 4 dispositifs diff\u00e9rents.","og_url":"https:\/\/italfile.it\/fr\/produit\/jane-versions-top-01-top-02\/","og_site_name":"Italfile","article_modified_time":"2024-11-04T13:47:04+00:00","og_image":[{"width":1920,"height":1411,"url":"https:\/\/italfile.it\/wp-content\/uploads\/2024\/07\/Jane-top-24.jpg","type":"image\/jpeg"}],"twitter_card":"summary_large_image","twitter_misc":{"Dur\u00e9e de lecture estim\u00e9e":"1 minute"},"schema":{"@context":"https:\/\/schema.org","@graph":[{"@type":"WebPage","@id":"https:\/\/italfile.it\/fr\/produit\/jane-versions-top-01-top-02\/","url":"https:\/\/italfile.it\/fr\/produit\/jane-versions-top-01-top-02\/","name":"Jane - Versions TOP 01 - TOP 02 - Italfile","isPartOf":{"@id":"https:\/\/italfile.it\/#website"},"primaryImageOfPage":{"@id":"https:\/\/italfile.it\/fr\/produit\/jane-versions-top-01-top-02\/#primaryimage"},"image":{"@id":"https:\/\/italfile.it\/fr\/produit\/jane-versions-top-01-top-02\/#primaryimage"},"thumbnailUrl":"https:\/\/italfile.it\/wp-content\/uploads\/2024\/07\/Jane-top-24.jpg","datePublished":"2024-08-30T08:00:53+00:00","dateModified":"2024-11-04T13:47:04+00:00","breadcrumb":{"@id":"https:\/\/italfile.it\/fr\/produit\/jane-versions-top-01-top-02\/#breadcrumb"},"inLanguage":"fr-FR","potentialAction":[{"@type":"ReadAction","target":["https:\/\/italfile.it\/fr\/produit\/jane-versions-top-01-top-02\/"]}]},{"@type":"ImageObject","inLanguage":"fr-FR","@id":"https:\/\/italfile.it\/fr\/produit\/jane-versions-top-01-top-02\/#primaryimage","url":"https:\/\/italfile.it\/wp-content\/uploads\/2024\/07\/Jane-top-24.jpg","contentUrl":"https:\/\/italfile.it\/wp-content\/uploads\/2024\/07\/Jane-top-24.jpg","width":1920,"height":1411},{"@type":"BreadcrumbList","@id":"https:\/\/italfile.it\/fr\/produit\/jane-versions-top-01-top-02\/#breadcrumb","itemListElement":[{"@type":"ListItem","position":1,"name":"Home","item":"https:\/\/italfile.it\/fr\/"},{"@type":"ListItem","position":2,"name":"Boutique","item":"https:\/\/italfile.it\/fr\/boutique\/"},{"@type":"ListItem","position":3,"name":"Jane &#8211; Versions TOP 01 &#8211; TOP 02"}]},{"@type":"WebSite","@id":"https:\/\/italfile.it\/#website","url":"https:\/\/italfile.it\/","name":"Italfile - Radiocomandi Universali","description":"Radiocomandi Universali per Cancelli","publisher":{"@id":"https:\/\/italfile.it\/#organization"},"potentialAction":[{"@type":"SearchAction","target":{"@type":"EntryPoint","urlTemplate":"https:\/\/italfile.it\/?s={search_term_string}"},"query-input":{"@type":"PropertyValueSpecification","valueRequired":true,"valueName":"search_term_string"}}],"inLanguage":"fr-FR"},{"@type":"Organization","@id":"https:\/\/italfile.it\/#organization","name":"Italfile Srl","url":"https:\/\/italfile.it\/","logo":{"@type":"ImageObject","inLanguage":"fr-FR","@id":"https:\/\/italfile.it\/#\/schema\/logo\/image\/","url":"https:\/\/italfile.it\/wp-content\/uploads\/2024\/07\/itafile-logo225.png","contentUrl":"https:\/\/italfile.it\/wp-content\/uploads\/2024\/07\/itafile-logo225.png","width":225,"height":23,"caption":"Italfile Srl"},"image":{"@id":"https:\/\/italfile.it\/#\/schema\/logo\/image\/"}}]}},"_links":{"self":[{"href":"https:\/\/italfile.it\/fr\/wp-json\/wp\/v2\/product\/881","targetHints":{"allow":["GET"]}}],"collection":[{"href":"https:\/\/italfile.it\/fr\/wp-json\/wp\/v2\/product"}],"about":[{"href":"https:\/\/italfile.it\/fr\/wp-json\/wp\/v2\/types\/product"}],"wp:featuredmedia":[{"embeddable":true,"href":"https:\/\/italfile.it\/fr\/wp-json\/wp\/v2\/media\/578"}],"wp:attachment":[{"href":"https:\/\/italfile.it\/fr\/wp-json\/wp\/v2\/media?parent=881"}],"wp:term":[{"taxonomy":"product_cat","embeddable":true,"href":"https:\/\/italfile.it\/fr\/wp-json\/wp\/v2\/product_cat?post=881"},{"taxonomy":"product_tag","embeddable":true,"href":"https:\/\/italfile.it\/fr\/wp-json\/wp\/v2\/product_tag?post=881"}],"curies":[{"name":"wp","href":"https:\/\/api.w.org\/{rel}","templated":true}]}}