{"id":1217,"date":"2024-08-27T13:21:54","date_gmt":"2024-08-27T13:21:54","guid":{"rendered":"https:\/\/italfile.it\/prodotto\/easy-check\/"},"modified":"2025-02-05T13:53:20","modified_gmt":"2025-02-05T13:53:20","slug":"easy-check","status":"publish","type":"product","link":"https:\/\/italfile.it\/es\/producto\/easy-check\/","title":{"rendered":"Easy Check"},"content":{"rendered":"<p>Programador para mandos a distancia.<\/p>\n","protected":false},"excerpt":{"rendered":"<p><strong>Easy Check <\/strong>es el compa\u00f1ero perfecto para los profesionales de la duplicaci\u00f3n, capaz de adaptarse constantemente a las nuevas necesidades del sector gracias a sus continuas actualizaciones. <strong>Easy Check<\/strong> es una herramienta tecnol\u00f3gicamente avanzada, pero al mismo tiempo simple e intuitiva. Una vez descargada la aplicaci\u00f3n en el m\u00f3vil o tablet, basta con<br \/>\nencender Easy Check y estar\u00e1 operativo de inmediato, sin necesidad de registros o creaci\u00f3n de cuentas. Solo hay que cargarlo durante un par de horas, despu\u00e9s de lo cual tendr\u00e1 una autonom\u00eda de aproximadamente 8 horas. Al utilizar la conexi\u00f3n del m\u00f3vil, <strong>Easy Check<\/strong> se actualizar\u00e1 autom\u00e1ticamente. Todas las actualizaciones son gratuitas y sirven para aumentar la<br \/>\ncompatibilidad y las funcionalidades de la aplicaci\u00f3n.<\/p>\n<p><strong>Easy Check es compatible solo con los mandos a distancia de la versi\u00f3n NOW.<\/strong><\/p>\n","protected":false},"featured_media":1124,"template":"","meta":{"_acf_changed":false,"_et_pb_use_builder":"","_et_pb_old_content":"","_et_gb_content_width":""},"product_cat":[63],"product_tag":[],"class_list":{"0":"post-1217","1":"product","2":"type-product","3":"status-publish","4":"has-post-thumbnail","6":"product_cat-programador","8":"first","9":"instock","10":"shipping-taxable","11":"product-type-simple"},"acf":[],"yoast_head":"<!-- This site is optimized with the Yoast SEO plugin v24.0 - https:\/\/yoast.com\/wordpress\/plugins\/seo\/ -->\n<title>Easy Check - Italfile<\/title>\n<meta name=\"robots\" content=\"index, follow, max-snippet:-1, max-image-preview:large, max-video-preview:-1\" \/>\n<link rel=\"canonical\" href=\"https:\/\/italfile.it\/es\/producto\/easy-check\/\" \/>\n<meta property=\"og:locale\" content=\"es_ES\" \/>\n<meta property=\"og:type\" content=\"article\" \/>\n<meta property=\"og:title\" content=\"Easy Check - Italfile\" \/>\n<meta property=\"og:description\" content=\"Easy Check es el compa\u00f1ero perfecto para los profesionales de la duplicaci\u00f3n, capaz de adaptarse constantemente a las nuevas necesidades del sector gracias a sus continuas actualizaciones. Easy Check es una herramienta tecnol\u00f3gicamente avanzada, pero al mismo tiempo simple e intuitiva. Una vez descargada la aplicaci\u00f3n en el m\u00f3vil o tablet, basta con encender Easy Check y estar\u00e1 operativo de inmediato, sin necesidad de registros o creaci\u00f3n de cuentas. Solo hay que cargarlo durante un par de horas, despu\u00e9s de lo cual tendr\u00e1 una autonom\u00eda de aproximadamente 8 horas. Al utilizar la conexi\u00f3n del m\u00f3vil, Easy Check se actualizar\u00e1 autom\u00e1ticamente. Todas las actualizaciones son gratuitas y sirven para aumentar la compatibilidad y las funcionalidades de la aplicaci\u00f3n.  Easy Check es compatible solo con los mandos a distancia de la versi\u00f3n NOW.\" \/>\n<meta property=\"og:url\" content=\"https:\/\/italfile.it\/es\/producto\/easy-check\/\" \/>\n<meta property=\"og:site_name\" content=\"Italfile\" \/>\n<meta property=\"article:modified_time\" content=\"2025-02-05T13:53:20+00:00\" \/>\n<meta property=\"og:image\" content=\"https:\/\/italfile.it\/wp-content\/uploads\/2024\/08\/EasyCheck_principal.png\" \/>\n\t<meta property=\"og:image:width\" content=\"540\" \/>\n\t<meta property=\"og:image:height\" content=\"540\" \/>\n\t<meta property=\"og:image:type\" content=\"image\/png\" \/>\n<meta name=\"twitter:card\" content=\"summary_large_image\" \/>\n<meta name=\"twitter:label1\" content=\"Tiempo de lectura\" \/>\n\t<meta name=\"twitter:data1\" content=\"1 minuto\" \/>\n<script type=\"application\/ld+json\" class=\"yoast-schema-graph\">{\"@context\":\"https:\/\/schema.org\",\"@graph\":[{\"@type\":\"WebPage\",\"@id\":\"https:\/\/italfile.it\/es\/producto\/easy-check\/\",\"url\":\"https:\/\/italfile.it\/es\/producto\/easy-check\/\",\"name\":\"Easy Check - Italfile\",\"isPartOf\":{\"@id\":\"https:\/\/italfile.it\/#website\"},\"primaryImageOfPage\":{\"@id\":\"https:\/\/italfile.it\/es\/producto\/easy-check\/#primaryimage\"},\"image\":{\"@id\":\"https:\/\/italfile.it\/es\/producto\/easy-check\/#primaryimage\"},\"thumbnailUrl\":\"https:\/\/italfile.it\/wp-content\/uploads\/2024\/08\/EasyCheck_principal.png\",\"datePublished\":\"2024-08-27T13:21:54+00:00\",\"dateModified\":\"2025-02-05T13:53:20+00:00\",\"breadcrumb\":{\"@id\":\"https:\/\/italfile.it\/es\/producto\/easy-check\/#breadcrumb\"},\"inLanguage\":\"es\",\"potentialAction\":[{\"@type\":\"ReadAction\",\"target\":[\"https:\/\/italfile.it\/es\/producto\/easy-check\/\"]}]},{\"@type\":\"ImageObject\",\"inLanguage\":\"es\",\"@id\":\"https:\/\/italfile.it\/es\/producto\/easy-check\/#primaryimage\",\"url\":\"https:\/\/italfile.it\/wp-content\/uploads\/2024\/08\/EasyCheck_principal.png\",\"contentUrl\":\"https:\/\/italfile.it\/wp-content\/uploads\/2024\/08\/EasyCheck_principal.png\",\"width\":540,\"height\":540},{\"@type\":\"BreadcrumbList\",\"@id\":\"https:\/\/italfile.it\/es\/producto\/easy-check\/#breadcrumb\",\"itemListElement\":[{\"@type\":\"ListItem\",\"position\":1,\"name\":\"Home\",\"item\":\"https:\/\/italfile.it\/es\/\"},{\"@type\":\"ListItem\",\"position\":2,\"name\":\"Shop\",\"item\":\"https:\/\/italfile.it\/?page_id=558\"},{\"@type\":\"ListItem\",\"position\":3,\"name\":\"Easy Check\"}]},{\"@type\":\"WebSite\",\"@id\":\"https:\/\/italfile.it\/#website\",\"url\":\"https:\/\/italfile.it\/\",\"name\":\"Italfile - Radiocomandi Universali\",\"description\":\"Radiocomandi Universali per Cancelli\",\"publisher\":{\"@id\":\"https:\/\/italfile.it\/#organization\"},\"potentialAction\":[{\"@type\":\"SearchAction\",\"target\":{\"@type\":\"EntryPoint\",\"urlTemplate\":\"https:\/\/italfile.it\/?s={search_term_string}\"},\"query-input\":{\"@type\":\"PropertyValueSpecification\",\"valueRequired\":true,\"valueName\":\"search_term_string\"}}],\"inLanguage\":\"es\"},{\"@type\":\"Organization\",\"@id\":\"https:\/\/italfile.it\/#organization\",\"name\":\"Italfile Srl\",\"url\":\"https:\/\/italfile.it\/\",\"logo\":{\"@type\":\"ImageObject\",\"inLanguage\":\"es\",\"@id\":\"https:\/\/italfile.it\/#\/schema\/logo\/image\/\",\"url\":\"https:\/\/italfile.it\/wp-content\/uploads\/2024\/07\/itafile-logo225.png\",\"contentUrl\":\"https:\/\/italfile.it\/wp-content\/uploads\/2024\/07\/itafile-logo225.png\",\"width\":225,\"height\":23,\"caption\":\"Italfile Srl\"},\"image\":{\"@id\":\"https:\/\/italfile.it\/#\/schema\/logo\/image\/\"}}]}<\/script>\n<!-- \/ Yoast SEO plugin. -->","yoast_head_json":{"title":"Easy Check - Italfile","robots":{"index":"index","follow":"follow","max-snippet":"max-snippet:-1","max-image-preview":"max-image-preview:large","max-video-preview":"max-video-preview:-1"},"canonical":"https:\/\/italfile.it\/es\/producto\/easy-check\/","og_locale":"es_ES","og_type":"article","og_title":"Easy Check - Italfile","og_description":"Easy Check es el compa\u00f1ero perfecto para los profesionales de la duplicaci\u00f3n, capaz de adaptarse constantemente a las nuevas necesidades del sector gracias a sus continuas actualizaciones. Easy Check es una herramienta tecnol\u00f3gicamente avanzada, pero al mismo tiempo simple e intuitiva. Una vez descargada la aplicaci\u00f3n en el m\u00f3vil o tablet, basta con encender Easy Check y estar\u00e1 operativo de inmediato, sin necesidad de registros o creaci\u00f3n de cuentas. Solo hay que cargarlo durante un par de horas, despu\u00e9s de lo cual tendr\u00e1 una autonom\u00eda de aproximadamente 8 horas. Al utilizar la conexi\u00f3n del m\u00f3vil, Easy Check se actualizar\u00e1 autom\u00e1ticamente. Todas las actualizaciones son gratuitas y sirven para aumentar la compatibilidad y las funcionalidades de la aplicaci\u00f3n.  Easy Check es compatible solo con los mandos a distancia de la versi\u00f3n NOW.","og_url":"https:\/\/italfile.it\/es\/producto\/easy-check\/","og_site_name":"Italfile","article_modified_time":"2025-02-05T13:53:20+00:00","og_image":[{"width":540,"height":540,"url":"https:\/\/italfile.it\/wp-content\/uploads\/2024\/08\/EasyCheck_principal.png","type":"image\/png"}],"twitter_card":"summary_large_image","twitter_misc":{"Tiempo de lectura":"1 minuto"},"schema":{"@context":"https:\/\/schema.org","@graph":[{"@type":"WebPage","@id":"https:\/\/italfile.it\/es\/producto\/easy-check\/","url":"https:\/\/italfile.it\/es\/producto\/easy-check\/","name":"Easy Check - Italfile","isPartOf":{"@id":"https:\/\/italfile.it\/#website"},"primaryImageOfPage":{"@id":"https:\/\/italfile.it\/es\/producto\/easy-check\/#primaryimage"},"image":{"@id":"https:\/\/italfile.it\/es\/producto\/easy-check\/#primaryimage"},"thumbnailUrl":"https:\/\/italfile.it\/wp-content\/uploads\/2024\/08\/EasyCheck_principal.png","datePublished":"2024-08-27T13:21:54+00:00","dateModified":"2025-02-05T13:53:20+00:00","breadcrumb":{"@id":"https:\/\/italfile.it\/es\/producto\/easy-check\/#breadcrumb"},"inLanguage":"es","potentialAction":[{"@type":"ReadAction","target":["https:\/\/italfile.it\/es\/producto\/easy-check\/"]}]},{"@type":"ImageObject","inLanguage":"es","@id":"https:\/\/italfile.it\/es\/producto\/easy-check\/#primaryimage","url":"https:\/\/italfile.it\/wp-content\/uploads\/2024\/08\/EasyCheck_principal.png","contentUrl":"https:\/\/italfile.it\/wp-content\/uploads\/2024\/08\/EasyCheck_principal.png","width":540,"height":540},{"@type":"BreadcrumbList","@id":"https:\/\/italfile.it\/es\/producto\/easy-check\/#breadcrumb","itemListElement":[{"@type":"ListItem","position":1,"name":"Home","item":"https:\/\/italfile.it\/es\/"},{"@type":"ListItem","position":2,"name":"Shop","item":"https:\/\/italfile.it\/?page_id=558"},{"@type":"ListItem","position":3,"name":"Easy Check"}]},{"@type":"WebSite","@id":"https:\/\/italfile.it\/#website","url":"https:\/\/italfile.it\/","name":"Italfile - Radiocomandi Universali","description":"Radiocomandi Universali per Cancelli","publisher":{"@id":"https:\/\/italfile.it\/#organization"},"potentialAction":[{"@type":"SearchAction","target":{"@type":"EntryPoint","urlTemplate":"https:\/\/italfile.it\/?s={search_term_string}"},"query-input":{"@type":"PropertyValueSpecification","valueRequired":true,"valueName":"search_term_string"}}],"inLanguage":"es"},{"@type":"Organization","@id":"https:\/\/italfile.it\/#organization","name":"Italfile Srl","url":"https:\/\/italfile.it\/","logo":{"@type":"ImageObject","inLanguage":"es","@id":"https:\/\/italfile.it\/#\/schema\/logo\/image\/","url":"https:\/\/italfile.it\/wp-content\/uploads\/2024\/07\/itafile-logo225.png","contentUrl":"https:\/\/italfile.it\/wp-content\/uploads\/2024\/07\/itafile-logo225.png","width":225,"height":23,"caption":"Italfile Srl"},"image":{"@id":"https:\/\/italfile.it\/#\/schema\/logo\/image\/"}}]}},"_links":{"self":[{"href":"https:\/\/italfile.it\/es\/wp-json\/wp\/v2\/product\/1217","targetHints":{"allow":["GET"]}}],"collection":[{"href":"https:\/\/italfile.it\/es\/wp-json\/wp\/v2\/product"}],"about":[{"href":"https:\/\/italfile.it\/es\/wp-json\/wp\/v2\/types\/product"}],"wp:featuredmedia":[{"embeddable":true,"href":"https:\/\/italfile.it\/es\/wp-json\/wp\/v2\/media\/1124"}],"wp:attachment":[{"href":"https:\/\/italfile.it\/es\/wp-json\/wp\/v2\/media?parent=1217"}],"wp:term":[{"taxonomy":"product_cat","embeddable":true,"href":"https:\/\/italfile.it\/es\/wp-json\/wp\/v2\/product_cat?post=1217"},{"taxonomy":"product_tag","embeddable":true,"href":"https:\/\/italfile.it\/es\/wp-json\/wp\/v2\/product_tag?post=1217"}],"curies":[{"name":"wp","href":"https:\/\/api.w.org\/{rel}","templated":true}]}}