{"id":1216,"date":"2024-08-30T08:59:35","date_gmt":"2024-08-30T08:59:35","guid":{"rendered":"https:\/\/italfile.it\/prodotto\/rxjr2c\/"},"modified":"2024-11-06T09:56:17","modified_gmt":"2024-11-06T09:56:17","slug":"rxjr2c","status":"publish","type":"product","link":"https:\/\/italfile.it\/es\/producto\/rxjr2c\/","title":{"rendered":"RXJR2C"},"content":{"rendered":"<p>Receptor de 2 canales<br \/>\nAlimentaci\u00f3n 12\/24 Voltios AC\/DC<br \/>\nFrecuencia 433.92 MHz<br \/>\nEquipado con filtro anti interferencias para optimizar las frecuencias de los mandos a distancia<br \/>\n3 funciones independientes: impulso, paso a paso, temporizado<\/p>\n","protected":false},"excerpt":{"rendered":"<h2><strong>COMPATIBLE CON:<\/strong><\/h2>\n<ul>\n<li><strong> JANE versi\u00f3n R<\/strong><\/li>\n<li><strong>PRIME versi\u00f3n TOP<\/strong> duplicado con JANE R<\/li>\n<li><strong>IRIS versi\u00f3n TOP<\/strong> duplicado con JANE R<\/li>\n<li><strong>IRIS versi\u00f3n 433 <\/strong>generando c\u00f3digo JANE R<\/li>\n<\/ul>\n","protected":false},"featured_media":1094,"template":"","meta":{"_acf_changed":false,"_et_pb_use_builder":"off","_et_pb_old_content":"La versi\u00f3n <strong>TOP 02<\/strong> es compatible con la mayor\u00eda de los radiomandos multifrecuencia de c\u00f3digo fijo y con una serie de radiomandos de c\u00f3digo variable. Quedan excluidas las frecuencias de cuarzo. La versi\u00f3n <strong>TOP 02<\/strong> genera c\u00f3digos fijos de 12 y 24 bits y rolling codes compatibles. El doble color del LED identifica el tipo de c\u00f3digo transmitido: c\u00f3digo fijo verde, c\u00f3digo rodante rojo. \n\n ","_et_gb_content_width":""},"product_cat":[62],"product_tag":[],"class_list":{"0":"post-1216","1":"product","2":"type-product","3":"status-publish","4":"has-post-thumbnail","6":"product_cat-receptores","8":"first","9":"instock","10":"shipping-taxable","11":"product-type-simple"},"acf":[],"yoast_head":"<!-- This site is optimized with the Yoast SEO plugin v24.0 - https:\/\/yoast.com\/wordpress\/plugins\/seo\/ -->\n<title>RXJR2C - Italfile<\/title>\n<meta name=\"robots\" content=\"index, follow, max-snippet:-1, max-image-preview:large, max-video-preview:-1\" \/>\n<link rel=\"canonical\" href=\"https:\/\/italfile.it\/es\/producto\/rxjr2c\/\" \/>\n<meta property=\"og:locale\" content=\"es_ES\" \/>\n<meta property=\"og:type\" content=\"article\" \/>\n<meta property=\"og:title\" content=\"RXJR2C - Italfile\" \/>\n<meta property=\"og:description\" content=\"COMPATIBLE CON:   JANE versi\u00f3n R  PRIME versi\u00f3n TOP duplicado con JANE R  IRIS versi\u00f3n TOP duplicado con JANE R  IRIS versi\u00f3n 433 generando c\u00f3digo JANE R\" \/>\n<meta property=\"og:url\" content=\"https:\/\/italfile.it\/es\/producto\/rxjr2c\/\" \/>\n<meta property=\"og:site_name\" content=\"Italfile\" \/>\n<meta property=\"article:modified_time\" content=\"2024-11-06T09:56:17+00:00\" \/>\n<meta property=\"og:image\" content=\"https:\/\/italfile.it\/wp-content\/uploads\/2024\/08\/DSCF0294-compress.jpg\" \/>\n\t<meta property=\"og:image:width\" content=\"1280\" \/>\n\t<meta property=\"og:image:height\" content=\"1920\" \/>\n\t<meta property=\"og:image:type\" content=\"image\/jpeg\" \/>\n<meta name=\"twitter:card\" content=\"summary_large_image\" \/>\n<meta name=\"twitter:label1\" content=\"Tiempo de lectura\" \/>\n\t<meta name=\"twitter:data1\" content=\"1 minuto\" \/>\n<script type=\"application\/ld+json\" class=\"yoast-schema-graph\">{\"@context\":\"https:\/\/schema.org\",\"@graph\":[{\"@type\":\"WebPage\",\"@id\":\"https:\/\/italfile.it\/es\/producto\/rxjr2c\/\",\"url\":\"https:\/\/italfile.it\/es\/producto\/rxjr2c\/\",\"name\":\"RXJR2C - Italfile\",\"isPartOf\":{\"@id\":\"https:\/\/italfile.it\/#website\"},\"primaryImageOfPage\":{\"@id\":\"https:\/\/italfile.it\/es\/producto\/rxjr2c\/#primaryimage\"},\"image\":{\"@id\":\"https:\/\/italfile.it\/es\/producto\/rxjr2c\/#primaryimage\"},\"thumbnailUrl\":\"https:\/\/italfile.it\/wp-content\/uploads\/2024\/08\/DSCF0294-compress.jpg\",\"datePublished\":\"2024-08-30T08:59:35+00:00\",\"dateModified\":\"2024-11-06T09:56:17+00:00\",\"breadcrumb\":{\"@id\":\"https:\/\/italfile.it\/es\/producto\/rxjr2c\/#breadcrumb\"},\"inLanguage\":\"es\",\"potentialAction\":[{\"@type\":\"ReadAction\",\"target\":[\"https:\/\/italfile.it\/es\/producto\/rxjr2c\/\"]}]},{\"@type\":\"ImageObject\",\"inLanguage\":\"es\",\"@id\":\"https:\/\/italfile.it\/es\/producto\/rxjr2c\/#primaryimage\",\"url\":\"https:\/\/italfile.it\/wp-content\/uploads\/2024\/08\/DSCF0294-compress.jpg\",\"contentUrl\":\"https:\/\/italfile.it\/wp-content\/uploads\/2024\/08\/DSCF0294-compress.jpg\",\"width\":1280,\"height\":1920},{\"@type\":\"BreadcrumbList\",\"@id\":\"https:\/\/italfile.it\/es\/producto\/rxjr2c\/#breadcrumb\",\"itemListElement\":[{\"@type\":\"ListItem\",\"position\":1,\"name\":\"Home\",\"item\":\"https:\/\/italfile.it\/es\/\"},{\"@type\":\"ListItem\",\"position\":2,\"name\":\"Shop\",\"item\":\"https:\/\/italfile.it\/?page_id=558\"},{\"@type\":\"ListItem\",\"position\":3,\"name\":\"RXJR2C\"}]},{\"@type\":\"WebSite\",\"@id\":\"https:\/\/italfile.it\/#website\",\"url\":\"https:\/\/italfile.it\/\",\"name\":\"Italfile - Radiocomandi Universali\",\"description\":\"Radiocomandi Universali per Cancelli\",\"publisher\":{\"@id\":\"https:\/\/italfile.it\/#organization\"},\"potentialAction\":[{\"@type\":\"SearchAction\",\"target\":{\"@type\":\"EntryPoint\",\"urlTemplate\":\"https:\/\/italfile.it\/?s={search_term_string}\"},\"query-input\":{\"@type\":\"PropertyValueSpecification\",\"valueRequired\":true,\"valueName\":\"search_term_string\"}}],\"inLanguage\":\"es\"},{\"@type\":\"Organization\",\"@id\":\"https:\/\/italfile.it\/#organization\",\"name\":\"Italfile Srl\",\"url\":\"https:\/\/italfile.it\/\",\"logo\":{\"@type\":\"ImageObject\",\"inLanguage\":\"es\",\"@id\":\"https:\/\/italfile.it\/#\/schema\/logo\/image\/\",\"url\":\"https:\/\/italfile.it\/wp-content\/uploads\/2024\/07\/itafile-logo225.png\",\"contentUrl\":\"https:\/\/italfile.it\/wp-content\/uploads\/2024\/07\/itafile-logo225.png\",\"width\":225,\"height\":23,\"caption\":\"Italfile Srl\"},\"image\":{\"@id\":\"https:\/\/italfile.it\/#\/schema\/logo\/image\/\"}}]}<\/script>\n<!-- \/ Yoast SEO plugin. -->","yoast_head_json":{"title":"RXJR2C - Italfile","robots":{"index":"index","follow":"follow","max-snippet":"max-snippet:-1","max-image-preview":"max-image-preview:large","max-video-preview":"max-video-preview:-1"},"canonical":"https:\/\/italfile.it\/es\/producto\/rxjr2c\/","og_locale":"es_ES","og_type":"article","og_title":"RXJR2C - Italfile","og_description":"COMPATIBLE CON:   JANE versi\u00f3n R  PRIME versi\u00f3n TOP duplicado con JANE R  IRIS versi\u00f3n TOP duplicado con JANE R  IRIS versi\u00f3n 433 generando c\u00f3digo JANE R","og_url":"https:\/\/italfile.it\/es\/producto\/rxjr2c\/","og_site_name":"Italfile","article_modified_time":"2024-11-06T09:56:17+00:00","og_image":[{"width":1280,"height":1920,"url":"https:\/\/italfile.it\/wp-content\/uploads\/2024\/08\/DSCF0294-compress.jpg","type":"image\/jpeg"}],"twitter_card":"summary_large_image","twitter_misc":{"Tiempo de lectura":"1 minuto"},"schema":{"@context":"https:\/\/schema.org","@graph":[{"@type":"WebPage","@id":"https:\/\/italfile.it\/es\/producto\/rxjr2c\/","url":"https:\/\/italfile.it\/es\/producto\/rxjr2c\/","name":"RXJR2C - Italfile","isPartOf":{"@id":"https:\/\/italfile.it\/#website"},"primaryImageOfPage":{"@id":"https:\/\/italfile.it\/es\/producto\/rxjr2c\/#primaryimage"},"image":{"@id":"https:\/\/italfile.it\/es\/producto\/rxjr2c\/#primaryimage"},"thumbnailUrl":"https:\/\/italfile.it\/wp-content\/uploads\/2024\/08\/DSCF0294-compress.jpg","datePublished":"2024-08-30T08:59:35+00:00","dateModified":"2024-11-06T09:56:17+00:00","breadcrumb":{"@id":"https:\/\/italfile.it\/es\/producto\/rxjr2c\/#breadcrumb"},"inLanguage":"es","potentialAction":[{"@type":"ReadAction","target":["https:\/\/italfile.it\/es\/producto\/rxjr2c\/"]}]},{"@type":"ImageObject","inLanguage":"es","@id":"https:\/\/italfile.it\/es\/producto\/rxjr2c\/#primaryimage","url":"https:\/\/italfile.it\/wp-content\/uploads\/2024\/08\/DSCF0294-compress.jpg","contentUrl":"https:\/\/italfile.it\/wp-content\/uploads\/2024\/08\/DSCF0294-compress.jpg","width":1280,"height":1920},{"@type":"BreadcrumbList","@id":"https:\/\/italfile.it\/es\/producto\/rxjr2c\/#breadcrumb","itemListElement":[{"@type":"ListItem","position":1,"name":"Home","item":"https:\/\/italfile.it\/es\/"},{"@type":"ListItem","position":2,"name":"Shop","item":"https:\/\/italfile.it\/?page_id=558"},{"@type":"ListItem","position":3,"name":"RXJR2C"}]},{"@type":"WebSite","@id":"https:\/\/italfile.it\/#website","url":"https:\/\/italfile.it\/","name":"Italfile - Radiocomandi Universali","description":"Radiocomandi Universali per Cancelli","publisher":{"@id":"https:\/\/italfile.it\/#organization"},"potentialAction":[{"@type":"SearchAction","target":{"@type":"EntryPoint","urlTemplate":"https:\/\/italfile.it\/?s={search_term_string}"},"query-input":{"@type":"PropertyValueSpecification","valueRequired":true,"valueName":"search_term_string"}}],"inLanguage":"es"},{"@type":"Organization","@id":"https:\/\/italfile.it\/#organization","name":"Italfile Srl","url":"https:\/\/italfile.it\/","logo":{"@type":"ImageObject","inLanguage":"es","@id":"https:\/\/italfile.it\/#\/schema\/logo\/image\/","url":"https:\/\/italfile.it\/wp-content\/uploads\/2024\/07\/itafile-logo225.png","contentUrl":"https:\/\/italfile.it\/wp-content\/uploads\/2024\/07\/itafile-logo225.png","width":225,"height":23,"caption":"Italfile Srl"},"image":{"@id":"https:\/\/italfile.it\/#\/schema\/logo\/image\/"}}]}},"_links":{"self":[{"href":"https:\/\/italfile.it\/es\/wp-json\/wp\/v2\/product\/1216","targetHints":{"allow":["GET"]}}],"collection":[{"href":"https:\/\/italfile.it\/es\/wp-json\/wp\/v2\/product"}],"about":[{"href":"https:\/\/italfile.it\/es\/wp-json\/wp\/v2\/types\/product"}],"wp:featuredmedia":[{"embeddable":true,"href":"https:\/\/italfile.it\/es\/wp-json\/wp\/v2\/media\/1094"}],"wp:attachment":[{"href":"https:\/\/italfile.it\/es\/wp-json\/wp\/v2\/media?parent=1216"}],"wp:term":[{"taxonomy":"product_cat","embeddable":true,"href":"https:\/\/italfile.it\/es\/wp-json\/wp\/v2\/product_cat?post=1216"},{"taxonomy":"product_tag","embeddable":true,"href":"https:\/\/italfile.it\/es\/wp-json\/wp\/v2\/product_tag?post=1216"}],"curies":[{"name":"wp","href":"https:\/\/api.w.org\/{rel}","templated":true}]}}