{"id":1213,"date":"2024-08-30T08:39:02","date_gmt":"2024-08-30T08:39:02","guid":{"rendered":"https:\/\/italfile.it\/prodotto\/iris-versione-top\/"},"modified":"2024-11-26T07:51:39","modified_gmt":"2024-11-26T07:51:39","slug":"iris-version-top","status":"publish","type":"product","link":"https:\/\/italfile.it\/es\/producto\/iris-version-top\/","title":{"rendered":"IRIS &#8211; Versi\u00f3n TOP"},"content":{"rendered":"<p>La <strong>versi\u00f3n IRIS<\/strong> <strong>TOP<\/strong> es un mando a distancia universal capaz de duplicar hasta 2 dispositivos diferentes.<\/p>\n","protected":false},"excerpt":{"rendered":"<p>La versi\u00f3n IRIS TOP es un mando a distancia universal capaz de duplicar hasta 2 dispositivos diferentes.<\/p>\n","protected":false},"featured_media":1109,"template":"","meta":{"_acf_changed":false,"_et_pb_use_builder":"off","_et_pb_old_content":"La versi\u00f3n <strong>TOP 02<\/strong> es compatible con la mayor\u00eda de los radiomandos multifrecuencia de c\u00f3digo fijo y con una serie de radiomandos de c\u00f3digo variable. Quedan excluidas las frecuencias de cuarzo. La versi\u00f3n <strong>TOP 02<\/strong> genera c\u00f3digos fijos de 12 y 24 bits y rolling codes compatibles. El doble color del LED identifica el tipo de c\u00f3digo transmitido: c\u00f3digo fijo verde, c\u00f3digo rodante rojo. \r\n\r\n ","_et_gb_content_width":""},"product_cat":[59],"product_tag":[],"class_list":{"0":"post-1213","1":"product","2":"type-product","3":"status-publish","4":"has-post-thumbnail","6":"product_cat-iris-es","8":"first","9":"instock","10":"shipping-taxable","11":"product-type-simple"},"acf":[],"yoast_head":"<!-- This site is optimized with the Yoast SEO plugin v24.0 - https:\/\/yoast.com\/wordpress\/plugins\/seo\/ -->\n<title>IRIS - Versi\u00f3n TOP - Italfile<\/title>\n<meta name=\"robots\" content=\"index, follow, max-snippet:-1, max-image-preview:large, max-video-preview:-1\" \/>\n<link rel=\"canonical\" href=\"https:\/\/italfile.it\/es\/producto\/iris-version-top\/\" \/>\n<meta property=\"og:locale\" content=\"es_ES\" \/>\n<meta property=\"og:type\" content=\"article\" \/>\n<meta property=\"og:title\" content=\"IRIS - Versi\u00f3n TOP - Italfile\" \/>\n<meta property=\"og:description\" content=\"La versi\u00f3n IRIS TOP es un mando a distancia universal capaz de duplicar hasta 2 dispositivos diferentes.\" \/>\n<meta property=\"og:url\" content=\"https:\/\/italfile.it\/es\/producto\/iris-version-top\/\" \/>\n<meta property=\"og:site_name\" content=\"Italfile\" \/>\n<meta property=\"article:modified_time\" content=\"2024-11-26T07:51:39+00:00\" \/>\n<meta property=\"og:image\" content=\"https:\/\/italfile.it\/wp-content\/uploads\/2024\/08\/iris-top-cat.jpg\" \/>\n\t<meta property=\"og:image:width\" content=\"1920\" \/>\n\t<meta property=\"og:image:height\" content=\"1411\" \/>\n\t<meta property=\"og:image:type\" content=\"image\/jpeg\" \/>\n<meta name=\"twitter:card\" content=\"summary_large_image\" \/>\n<meta name=\"twitter:label1\" content=\"Tiempo de lectura\" \/>\n\t<meta name=\"twitter:data1\" content=\"1 minuto\" \/>\n<script type=\"application\/ld+json\" class=\"yoast-schema-graph\">{\"@context\":\"https:\/\/schema.org\",\"@graph\":[{\"@type\":\"WebPage\",\"@id\":\"https:\/\/italfile.it\/es\/producto\/iris-version-top\/\",\"url\":\"https:\/\/italfile.it\/es\/producto\/iris-version-top\/\",\"name\":\"IRIS - Versi\u00f3n TOP - Italfile\",\"isPartOf\":{\"@id\":\"https:\/\/italfile.it\/#website\"},\"primaryImageOfPage\":{\"@id\":\"https:\/\/italfile.it\/es\/producto\/iris-version-top\/#primaryimage\"},\"image\":{\"@id\":\"https:\/\/italfile.it\/es\/producto\/iris-version-top\/#primaryimage\"},\"thumbnailUrl\":\"https:\/\/italfile.it\/wp-content\/uploads\/2024\/08\/iris-top-cat.jpg\",\"datePublished\":\"2024-08-30T08:39:02+00:00\",\"dateModified\":\"2024-11-26T07:51:39+00:00\",\"breadcrumb\":{\"@id\":\"https:\/\/italfile.it\/es\/producto\/iris-version-top\/#breadcrumb\"},\"inLanguage\":\"es\",\"potentialAction\":[{\"@type\":\"ReadAction\",\"target\":[\"https:\/\/italfile.it\/es\/producto\/iris-version-top\/\"]}]},{\"@type\":\"ImageObject\",\"inLanguage\":\"es\",\"@id\":\"https:\/\/italfile.it\/es\/producto\/iris-version-top\/#primaryimage\",\"url\":\"https:\/\/italfile.it\/wp-content\/uploads\/2024\/08\/iris-top-cat.jpg\",\"contentUrl\":\"https:\/\/italfile.it\/wp-content\/uploads\/2024\/08\/iris-top-cat.jpg\",\"width\":1920,\"height\":1411},{\"@type\":\"BreadcrumbList\",\"@id\":\"https:\/\/italfile.it\/es\/producto\/iris-version-top\/#breadcrumb\",\"itemListElement\":[{\"@type\":\"ListItem\",\"position\":1,\"name\":\"Home\",\"item\":\"https:\/\/italfile.it\/es\/\"},{\"@type\":\"ListItem\",\"position\":2,\"name\":\"Shop\",\"item\":\"https:\/\/italfile.it\/?page_id=558\"},{\"@type\":\"ListItem\",\"position\":3,\"name\":\"IRIS &#8211; Versi\u00f3n TOP\"}]},{\"@type\":\"WebSite\",\"@id\":\"https:\/\/italfile.it\/#website\",\"url\":\"https:\/\/italfile.it\/\",\"name\":\"Italfile - Radiocomandi Universali\",\"description\":\"Radiocomandi Universali per Cancelli\",\"publisher\":{\"@id\":\"https:\/\/italfile.it\/#organization\"},\"potentialAction\":[{\"@type\":\"SearchAction\",\"target\":{\"@type\":\"EntryPoint\",\"urlTemplate\":\"https:\/\/italfile.it\/?s={search_term_string}\"},\"query-input\":{\"@type\":\"PropertyValueSpecification\",\"valueRequired\":true,\"valueName\":\"search_term_string\"}}],\"inLanguage\":\"es\"},{\"@type\":\"Organization\",\"@id\":\"https:\/\/italfile.it\/#organization\",\"name\":\"Italfile Srl\",\"url\":\"https:\/\/italfile.it\/\",\"logo\":{\"@type\":\"ImageObject\",\"inLanguage\":\"es\",\"@id\":\"https:\/\/italfile.it\/#\/schema\/logo\/image\/\",\"url\":\"https:\/\/italfile.it\/wp-content\/uploads\/2024\/07\/itafile-logo225.png\",\"contentUrl\":\"https:\/\/italfile.it\/wp-content\/uploads\/2024\/07\/itafile-logo225.png\",\"width\":225,\"height\":23,\"caption\":\"Italfile Srl\"},\"image\":{\"@id\":\"https:\/\/italfile.it\/#\/schema\/logo\/image\/\"}}]}<\/script>\n<!-- \/ Yoast SEO plugin. -->","yoast_head_json":{"title":"IRIS - Versi\u00f3n TOP - Italfile","robots":{"index":"index","follow":"follow","max-snippet":"max-snippet:-1","max-image-preview":"max-image-preview:large","max-video-preview":"max-video-preview:-1"},"canonical":"https:\/\/italfile.it\/es\/producto\/iris-version-top\/","og_locale":"es_ES","og_type":"article","og_title":"IRIS - Versi\u00f3n TOP - Italfile","og_description":"La versi\u00f3n IRIS TOP es un mando a distancia universal capaz de duplicar hasta 2 dispositivos diferentes.","og_url":"https:\/\/italfile.it\/es\/producto\/iris-version-top\/","og_site_name":"Italfile","article_modified_time":"2024-11-26T07:51:39+00:00","og_image":[{"width":1920,"height":1411,"url":"https:\/\/italfile.it\/wp-content\/uploads\/2024\/08\/iris-top-cat.jpg","type":"image\/jpeg"}],"twitter_card":"summary_large_image","twitter_misc":{"Tiempo de lectura":"1 minuto"},"schema":{"@context":"https:\/\/schema.org","@graph":[{"@type":"WebPage","@id":"https:\/\/italfile.it\/es\/producto\/iris-version-top\/","url":"https:\/\/italfile.it\/es\/producto\/iris-version-top\/","name":"IRIS - Versi\u00f3n TOP - Italfile","isPartOf":{"@id":"https:\/\/italfile.it\/#website"},"primaryImageOfPage":{"@id":"https:\/\/italfile.it\/es\/producto\/iris-version-top\/#primaryimage"},"image":{"@id":"https:\/\/italfile.it\/es\/producto\/iris-version-top\/#primaryimage"},"thumbnailUrl":"https:\/\/italfile.it\/wp-content\/uploads\/2024\/08\/iris-top-cat.jpg","datePublished":"2024-08-30T08:39:02+00:00","dateModified":"2024-11-26T07:51:39+00:00","breadcrumb":{"@id":"https:\/\/italfile.it\/es\/producto\/iris-version-top\/#breadcrumb"},"inLanguage":"es","potentialAction":[{"@type":"ReadAction","target":["https:\/\/italfile.it\/es\/producto\/iris-version-top\/"]}]},{"@type":"ImageObject","inLanguage":"es","@id":"https:\/\/italfile.it\/es\/producto\/iris-version-top\/#primaryimage","url":"https:\/\/italfile.it\/wp-content\/uploads\/2024\/08\/iris-top-cat.jpg","contentUrl":"https:\/\/italfile.it\/wp-content\/uploads\/2024\/08\/iris-top-cat.jpg","width":1920,"height":1411},{"@type":"BreadcrumbList","@id":"https:\/\/italfile.it\/es\/producto\/iris-version-top\/#breadcrumb","itemListElement":[{"@type":"ListItem","position":1,"name":"Home","item":"https:\/\/italfile.it\/es\/"},{"@type":"ListItem","position":2,"name":"Shop","item":"https:\/\/italfile.it\/?page_id=558"},{"@type":"ListItem","position":3,"name":"IRIS &#8211; Versi\u00f3n TOP"}]},{"@type":"WebSite","@id":"https:\/\/italfile.it\/#website","url":"https:\/\/italfile.it\/","name":"Italfile - Radiocomandi Universali","description":"Radiocomandi Universali per Cancelli","publisher":{"@id":"https:\/\/italfile.it\/#organization"},"potentialAction":[{"@type":"SearchAction","target":{"@type":"EntryPoint","urlTemplate":"https:\/\/italfile.it\/?s={search_term_string}"},"query-input":{"@type":"PropertyValueSpecification","valueRequired":true,"valueName":"search_term_string"}}],"inLanguage":"es"},{"@type":"Organization","@id":"https:\/\/italfile.it\/#organization","name":"Italfile Srl","url":"https:\/\/italfile.it\/","logo":{"@type":"ImageObject","inLanguage":"es","@id":"https:\/\/italfile.it\/#\/schema\/logo\/image\/","url":"https:\/\/italfile.it\/wp-content\/uploads\/2024\/07\/itafile-logo225.png","contentUrl":"https:\/\/italfile.it\/wp-content\/uploads\/2024\/07\/itafile-logo225.png","width":225,"height":23,"caption":"Italfile Srl"},"image":{"@id":"https:\/\/italfile.it\/#\/schema\/logo\/image\/"}}]}},"_links":{"self":[{"href":"https:\/\/italfile.it\/es\/wp-json\/wp\/v2\/product\/1213","targetHints":{"allow":["GET"]}}],"collection":[{"href":"https:\/\/italfile.it\/es\/wp-json\/wp\/v2\/product"}],"about":[{"href":"https:\/\/italfile.it\/es\/wp-json\/wp\/v2\/types\/product"}],"wp:featuredmedia":[{"embeddable":true,"href":"https:\/\/italfile.it\/es\/wp-json\/wp\/v2\/media\/1109"}],"wp:attachment":[{"href":"https:\/\/italfile.it\/es\/wp-json\/wp\/v2\/media?parent=1213"}],"wp:term":[{"taxonomy":"product_cat","embeddable":true,"href":"https:\/\/italfile.it\/es\/wp-json\/wp\/v2\/product_cat?post=1213"},{"taxonomy":"product_tag","embeddable":true,"href":"https:\/\/italfile.it\/es\/wp-json\/wp\/v2\/product_tag?post=1213"}],"curies":[{"name":"wp","href":"https:\/\/api.w.org\/{rel}","templated":true}]}}