{"id":1043,"date":"2024-07-30T10:25:40","date_gmt":"2024-07-30T10:25:40","guid":{"rendered":"https:\/\/italfile.it\/chi-siamo\/"},"modified":"2024-11-06T15:25:23","modified_gmt":"2024-11-06T15:25:23","slug":"quienes-somos","status":"publish","type":"page","link":"https:\/\/italfile.it\/es\/quienes-somos\/","title":{"rendered":"Qui\u00e9nes somos"},"content":{"rendered":"<p>[et_pb_section fb_built=\u00bb1&#8243; _builder_version=\u00bb4.27.0&#8243; _module_preset=\u00bbdefault\u00bb background_color=\u00bb#F2F2F2&#8243; global_colors_info=\u00bb{}\u00bb][et_pb_row _builder_version=\u00bb4.27.0&#8243; _module_preset=\u00bbdefault\u00bb global_colors_info=\u00bb{}\u00bb][et_pb_column type=\u00bb4_4&#8243; _builder_version=\u00bb4.27.0&#8243; _module_preset=\u00bbdefault\u00bb global_colors_info=\u00bb{}\u00bb][et_pb_text _builder_version=\u00bb4.27.2&#8243; _module_preset=\u00bbdefault\u00bb header_font=\u00bb&#8211;et_global_heading_font||||||||\u00bb header_text_color=\u00bb#1D1D1D\u00bb header_font_size=\u00bb5em\u00bb header_font_size_tablet=\u00bb5em\u00bb header_font_size_phone=\u00bb3.5em\u00bb header_font_size_last_edited=\u00bbon|phone\u00bb global_colors_info=\u00bb{}\u00bb]<\/p>\n<h1>POR QU\u00c9 ELEGIR <strong>ITALFILE<\/strong><\/h1>\n<p>[\/et_pb_text][\/et_pb_column][\/et_pb_row][et_pb_row column_structure=\u00bb3_5,2_5&#8243; use_custom_gutter=\u00bbon\u00bb make_equal=\u00bbon\u00bb _builder_version=\u00bb4.27.0&#8243; _module_preset=\u00bbdefault\u00bb width=\u00bb100%\u00bb max_width=\u00bb100%\u00bb custom_padding=\u00bb|13%|||false|false\u00bb custom_css_main_element=\u00bbalign-items:flex-end;\u00bb global_colors_info=\u00bb{}\u00bb][et_pb_column type=\u00bb3_5&#8243; _builder_version=\u00bb4.27.0&#8243; _module_preset=\u00bbdefault\u00bb global_colors_info=\u00bb{}\u00bb][et_pb_image src=\u00bbhttps:\/\/italfile.it\/wp-content\/uploads\/2024\/07\/macchinario-1200&#215;801-1.jpg\u00bb title_text=\u00bbmacchinario-1200&#215;801&#8243; _builder_version=\u00bb4.27.0&#8243; _module_preset=\u00bbdefault\u00bb animation_style=\u00bbzoom\u00bb animation_duration=\u00bb1250ms\u00bb animation_intensity_zoom=\u00bb10%\u00bb border_radii=\u00bboff||20px|20px|\u00bb global_colors_info=\u00bb{}\u00bb][\/et_pb_image][\/et_pb_column][et_pb_column type=\u00bb2_5&#8243; _builder_version=\u00bb4.27.0&#8243; _module_preset=\u00bbdefault\u00bb custom_padding_tablet=\u00bb|||10%|false|false\u00bb custom_padding_phone=\u00bb|||10%|false|false\u00bb custom_padding_last_edited=\u00bbon|tablet\u00bb global_colors_info=\u00bb{}\u00bb][et_pb_text _builder_version=\u00bb4.27.0&#8243; _module_preset=\u00bbdefault\u00bb text_text_color=\u00bb#FFFFFF\u00bb header_2_text_color=\u00bb#1D1D1D\u00bb header_2_font_size=\u00bb2em\u00bb global_colors_info=\u00bb{}\u00bb]<\/p>\n<h2>Qui\u00e9nes somos<\/h2>\n<p>[\/et_pb_text][et_pb_text _builder_version=\u00bb4.27.0&#8243; _module_preset=\u00bbdefault\u00bb text_text_color=\u00bb#1D1D1D\u00bb global_colors_info=\u00bb{}\u00bb]<\/p>\n<p>ITALFILE es una empresa fundada en Montecchio Maggiore, en la provincia de Vicenza, que desde hace m\u00e1s de 15 a\u00f1os produce mandos a distancia de duplicaci\u00f3n y repuestos para la automatizaci\u00f3n de portones. A lo largo de los a\u00f1os, la empresa se ha consolidado en el mercado italiano y hoy en d\u00eda est\u00e1 presente en los principales pa\u00edses europeos, en Estados Unidos y en Australia. <\/p>\n<p>[\/et_pb_text][et_pb_image src=\u00bbhttps:\/\/italfile.it\/wp-content\/uploads\/2024\/07\/K012C0121_20201203121415.jpg\u00bb title_text=\u00bbK012C0121_20201203121415&#8243; _builder_version=\u00bb4.27.0&#8243; _module_preset=\u00bbdefault\u00bb animation_style=\u00bbzoom\u00bb animation_duration=\u00bb1250ms\u00bb animation_delay=\u00bb500ms\u00bb animation_intensity_zoom=\u00bb10%\u00bb border_radii=\u00bbon|20px|20px|20px|20px\u00bb global_colors_info=\u00bb{}\u00bb][\/et_pb_image][\/et_pb_column][\/et_pb_row][et_pb_row column_structure=\u00bb1_4,3_4&#8243; _builder_version=\u00bb4.27.0&#8243; _module_preset=\u00bbdefault\u00bb custom_margin=\u00bb5%||5%||true|false\u00bb global_colors_info=\u00bb{}\u00bb][et_pb_column type=\u00bb1_4&#8243; _builder_version=\u00bb4.27.0&#8243; _module_preset=\u00bbdefault\u00bb global_colors_info=\u00bb{}\u00bb][\/et_pb_column][et_pb_column type=\u00bb3_4&#8243; _builder_version=\u00bb4.27.0&#8243; _module_preset=\u00bbdefault\u00bb global_colors_info=\u00bb{}\u00bb][et_pb_text _builder_version=\u00bb4.27.0&#8243; _module_preset=\u00bbdefault\u00bb text_text_color=\u00bb#FFFFFF\u00bb header_2_text_color=\u00bb#1D1D1D\u00bb header_3_font_size=\u00bb2em\u00bb global_colors_info=\u00bb{}\u00bb]<\/p>\n<h3>Producci\u00f3n Made in Italy<\/h3>\n<p>[\/et_pb_text][et_pb_text _builder_version=\u00bb4.27.0&#8243; _module_preset=\u00bbdefault\u00bb text_text_color=\u00bb#1D1D1D\u00bb global_colors_info=\u00bb{}\u00bb]<\/p>\n<p>La ingenier\u00eda se lleva a cabo de manera que el producto sea robusto y duradero. Adem\u00e1s, se aplica una pel\u00edcula de acabado soft touch en los pl\u00e1sticos que lo hace m\u00e1s resistente a los golpes. El dise\u00f1o est\u00e1 concebido para ser a la vez ergon\u00f3mico y est\u00e9ticamente agradable. En el proceso de producci\u00f3n de las placas electr\u00f3nicas se realizan controles continuos para garantizar la m\u00e1xima fiabilidad.<br \/>Gracias tambi\u00e9n a la estrecha relaci\u00f3n y al intercambio con nuestros clientes, el software se actualiza peri\u00f3dicamente para ofrecer un producto m\u00e1s f\u00e1cil de usar y m\u00e1s compatible con sus necesidades.<br \/>El estudio y la realizaci\u00f3n de nuestros productos se desarrollan \u00edntegramente en nuestra sede; mientras que la producci\u00f3n se cumple en las inmediaciones., en un radio de aproximadamente 100 km, para tener bajo control todo el proceso de producci\u00f3n y garantizar una alta calidad. Por lo tanto, los productos ITALFILE son un ejemplo del made in Italy.    <\/p>\n<p>[\/et_pb_text][\/et_pb_column][\/et_pb_row][et_pb_row column_structure=\u00bb2_5,3_5&#8243; use_custom_gutter=\u00bbon\u00bb make_equal=\u00bbon\u00bb _builder_version=\u00bb4.27.0&#8243; _module_preset=\u00bbdefault\u00bb custom_css_main_element=\u00bbalign-items:center;\u00bb global_colors_info=\u00bb{}\u00bb][et_pb_column type=\u00bb2_5&#8243; _builder_version=\u00bb4.27.0&#8243; _module_preset=\u00bbdefault\u00bb global_colors_info=\u00bb{}\u00bb][et_pb_image src=\u00bbhttps:\/\/italfile.it\/wp-content\/uploads\/2024\/07\/jane_mood-18-4.jpg\u00bb title_text=\u00bbjane_mood-18-4&#8243; _builder_version=\u00bb4.27.0&#8243; _module_preset=\u00bbdefault\u00bb scroll_vertical_motion_enable=\u00bbon\u00bb scroll_vertical_motion=\u00bb0|50|50|100|-1|0|0&#8243; scroll_horizontal_motion=\u00bb0|50|50|100|1|0|0&#8243; border_radii=\u00bbon|20px|20px|20px|20px\u00bb global_colors_info=\u00bb{}\u00bb][\/et_pb_image][\/et_pb_column][et_pb_column type=\u00bb3_5&#8243; _builder_version=\u00bb4.27.0&#8243; _module_preset=\u00bbdefault\u00bb custom_padding=\u00bb|15%|||false|false\u00bb global_colors_info=\u00bb{}\u00bb][et_pb_text _builder_version=\u00bb4.27.0&#8243; _module_preset=\u00bbdefault\u00bb text_text_color=\u00bb#FFFFFF\u00bb header_2_text_color=\u00bb#1D1D1D\u00bb header_2_font_size=\u00bb4em\u00bb header_3_font_size=\u00bb2em\u00bb custom_margin_tablet=\u00bb10%||||false|false\u00bb custom_margin_phone=\u00bb10%||||false|false\u00bb custom_margin_last_edited=\u00bbon|tablet\u00bb header_2_font_size_tablet=\u00bb4em\u00bb header_2_font_size_phone=\u00bb2.5em\u00bb header_2_font_size_last_edited=\u00bbon|phone\u00bb global_colors_info=\u00bb{}\u00bb]<\/p>\n<h2>La empresa crece con nuevas ideas.<\/h2>\n<p>[\/et_pb_text][et_pb_text _builder_version=\u00bb4.27.0&#8243; _module_preset=\u00bbdefault\u00bb text_text_color=\u00bb#1D1D1D\u00bb global_colors_info=\u00bb{}\u00bb]<\/p>\n<p>Todos los productos de Italfile, desde los mandos a distancia hasta los receptores, se someten a controles peri\u00f3dicos y est\u00e1n certificados por la autoridad de radiofrecuencias.<br \/>Gracias a la experiencia de su personal y a la escucha de las opiniones de clientes y distribuidores, la empresa est\u00e1 en constante crecimiento, con m\u00e1s ideas nuevas en proyecto.<\/p>\n<p>[\/et_pb_text][et_pb_button button_url=\u00bb@ET-DC@eyJkeW5hbWljIjp0cnVlLCJjb250ZW50IjoicG9zdF9saW5rX3VybF9wYWdlIiwic2V0dGluZ3MiOnsicG9zdF9pZCI6Ijg0In19@\u00bb button_text=\u00bbCont\u00e1ctenos\u00bb module_class=\u00bbpulsante-icona\u00bb _builder_version=\u00bb4.27.2&#8243; _dynamic_attributes=\u00bbbutton_url\u00bb _module_preset=\u00bbdefault\u00bb custom_button=\u00bbon\u00bb button_text_color=\u00bb#1D1D1D\u00bb button_border_width=\u00bb0px\u00bb button_border_radius=\u00bb0px\u00bb button_icon=\u00bb&#xe03e;||divi||400&#8243; button_icon_color=\u00bb#E02B20&#8243; button_icon_placement=\u00bbleft\u00bb button_on_hover=\u00bboff\u00bb hover_transition_duration=\u00bb600ms\u00bb global_colors_info=\u00bb{}\u00bb button_text_color__hover=\u00bb#F2F2F2&#8243; button_text_color__hover_enabled=\u00bbon|hover\u00bb button_border_radius__hover=\u00bb50px\u00bb button_border_radius__hover_enabled=\u00bbon|hover\u00bb button_icon_color__hover=\u00bb#F2F2F2&#8243; button_icon_color__hover_enabled=\u00bbon|hover\u00bb button_bg_color__hover=\u00bb#e02b20&#8243; button_bg_color__hover_enabled=\u00bbon|hover\u00bb][\/et_pb_button][\/et_pb_column][\/et_pb_row][\/et_pb_section]<\/p>\n","protected":false},"excerpt":{"rendered":"<p>POR QU\u00c9 ELEGIR ITALFILEQui\u00e9nes somosITALFILE es una empresa fundada en Montecchio Maggiore, en la provincia de Vicenza, que desde hace m\u00e1s de 15 a\u00f1os produce mandos a distancia de duplicaci\u00f3n y repuestos para la automatizaci\u00f3n de portones. A lo largo de los a\u00f1os, la empresa se ha consolidado en el mercado italiano y hoy en [&hellip;]<\/p>\n","protected":false},"author":1,"featured_media":0,"parent":0,"menu_order":39,"comment_status":"closed","ping_status":"closed","template":"","meta":{"_acf_changed":false,"_et_pb_use_builder":"on","_et_pb_old_content":"","_et_gb_content_width":"","footnotes":""},"class_list":["post-1043","page","type-page","status-publish","hentry"],"acf":[],"yoast_head":"<!-- This site is optimized with the Yoast SEO plugin v24.0 - https:\/\/yoast.com\/wordpress\/plugins\/seo\/ -->\n<title>Qui\u00e9nes somos - Italfile<\/title>\n<meta name=\"description\" content=\"Italfile: l\u00edder en soluciones de automatizaci\u00f3n de portales. Descubra nuestra experiencia e innovaci\u00f3n en el sector.\" \/>\n<meta name=\"robots\" content=\"index, follow, max-snippet:-1, max-image-preview:large, max-video-preview:-1\" \/>\n<link rel=\"canonical\" href=\"https:\/\/italfile.it\/chi-siamo\/\" \/>\n<meta property=\"og:locale\" content=\"es_ES\" \/>\n<meta property=\"og:type\" content=\"article\" \/>\n<meta property=\"og:title\" content=\"Qui\u00e9nes somos - Italfile\" \/>\n<meta property=\"og:description\" content=\"Italfile: l\u00edder en soluciones de automatizaci\u00f3n de portales. Descubra nuestra experiencia e innovaci\u00f3n en el sector.\" \/>\n<meta property=\"og:url\" content=\"https:\/\/italfile.it\/chi-siamo\/\" \/>\n<meta property=\"og:site_name\" content=\"Italfile\" \/>\n<meta property=\"article:modified_time\" content=\"2024-11-06T15:25:23+00:00\" \/>\n<meta name=\"twitter:card\" content=\"summary_large_image\" \/>\n<meta name=\"twitter:label1\" content=\"Tiempo de lectura\" \/>\n\t<meta name=\"twitter:data1\" content=\"2 minutos\" \/>\n<script type=\"application\/ld+json\" class=\"yoast-schema-graph\">{\"@context\":\"https:\/\/schema.org\",\"@graph\":[{\"@type\":\"WebPage\",\"@id\":\"https:\/\/italfile.it\/chi-siamo\/\",\"url\":\"https:\/\/italfile.it\/chi-siamo\/\",\"name\":\"Qui\u00e9nes somos - Italfile\",\"isPartOf\":{\"@id\":\"https:\/\/italfile.it\/#website\"},\"datePublished\":\"2024-07-30T10:25:40+00:00\",\"dateModified\":\"2024-11-06T15:25:23+00:00\",\"description\":\"Italfile: l\u00edder en soluciones de automatizaci\u00f3n de portales. Descubra nuestra experiencia e innovaci\u00f3n en el sector.\",\"breadcrumb\":{\"@id\":\"https:\/\/italfile.it\/chi-siamo\/#breadcrumb\"},\"inLanguage\":\"es\",\"potentialAction\":[{\"@type\":\"ReadAction\",\"target\":[\"https:\/\/italfile.it\/chi-siamo\/\"]}]},{\"@type\":\"BreadcrumbList\",\"@id\":\"https:\/\/italfile.it\/chi-siamo\/#breadcrumb\",\"itemListElement\":[{\"@type\":\"ListItem\",\"position\":1,\"name\":\"Home\",\"item\":\"https:\/\/italfile.it\/es\/\"},{\"@type\":\"ListItem\",\"position\":2,\"name\":\"Qui\u00e9nes somos\"}]},{\"@type\":\"WebSite\",\"@id\":\"https:\/\/italfile.it\/#website\",\"url\":\"https:\/\/italfile.it\/\",\"name\":\"Italfile - Radiocomandi Universali\",\"description\":\"Radiocomandi Universali per Cancelli\",\"publisher\":{\"@id\":\"https:\/\/italfile.it\/#organization\"},\"potentialAction\":[{\"@type\":\"SearchAction\",\"target\":{\"@type\":\"EntryPoint\",\"urlTemplate\":\"https:\/\/italfile.it\/?s={search_term_string}\"},\"query-input\":{\"@type\":\"PropertyValueSpecification\",\"valueRequired\":true,\"valueName\":\"search_term_string\"}}],\"inLanguage\":\"es\"},{\"@type\":\"Organization\",\"@id\":\"https:\/\/italfile.it\/#organization\",\"name\":\"Italfile Srl\",\"url\":\"https:\/\/italfile.it\/\",\"logo\":{\"@type\":\"ImageObject\",\"inLanguage\":\"es\",\"@id\":\"https:\/\/italfile.it\/#\/schema\/logo\/image\/\",\"url\":\"https:\/\/italfile.it\/wp-content\/uploads\/2024\/07\/itafile-logo225.png\",\"contentUrl\":\"https:\/\/italfile.it\/wp-content\/uploads\/2024\/07\/itafile-logo225.png\",\"width\":225,\"height\":23,\"caption\":\"Italfile Srl\"},\"image\":{\"@id\":\"https:\/\/italfile.it\/#\/schema\/logo\/image\/\"}}]}<\/script>\n<!-- \/ Yoast SEO plugin. -->","yoast_head_json":{"title":"Qui\u00e9nes somos - Italfile","description":"Italfile: l\u00edder en soluciones de automatizaci\u00f3n de portales. Descubra nuestra experiencia e innovaci\u00f3n en el sector.","robots":{"index":"index","follow":"follow","max-snippet":"max-snippet:-1","max-image-preview":"max-image-preview:large","max-video-preview":"max-video-preview:-1"},"canonical":"https:\/\/italfile.it\/chi-siamo\/","og_locale":"es_ES","og_type":"article","og_title":"Qui\u00e9nes somos - Italfile","og_description":"Italfile: l\u00edder en soluciones de automatizaci\u00f3n de portales. Descubra nuestra experiencia e innovaci\u00f3n en el sector.","og_url":"https:\/\/italfile.it\/chi-siamo\/","og_site_name":"Italfile","article_modified_time":"2024-11-06T15:25:23+00:00","twitter_card":"summary_large_image","twitter_misc":{"Tiempo de lectura":"2 minutos"},"schema":{"@context":"https:\/\/schema.org","@graph":[{"@type":"WebPage","@id":"https:\/\/italfile.it\/chi-siamo\/","url":"https:\/\/italfile.it\/chi-siamo\/","name":"Qui\u00e9nes somos - Italfile","isPartOf":{"@id":"https:\/\/italfile.it\/#website"},"datePublished":"2024-07-30T10:25:40+00:00","dateModified":"2024-11-06T15:25:23+00:00","description":"Italfile: l\u00edder en soluciones de automatizaci\u00f3n de portales. Descubra nuestra experiencia e innovaci\u00f3n en el sector.","breadcrumb":{"@id":"https:\/\/italfile.it\/chi-siamo\/#breadcrumb"},"inLanguage":"es","potentialAction":[{"@type":"ReadAction","target":["https:\/\/italfile.it\/chi-siamo\/"]}]},{"@type":"BreadcrumbList","@id":"https:\/\/italfile.it\/chi-siamo\/#breadcrumb","itemListElement":[{"@type":"ListItem","position":1,"name":"Home","item":"https:\/\/italfile.it\/es\/"},{"@type":"ListItem","position":2,"name":"Qui\u00e9nes somos"}]},{"@type":"WebSite","@id":"https:\/\/italfile.it\/#website","url":"https:\/\/italfile.it\/","name":"Italfile - Radiocomandi Universali","description":"Radiocomandi Universali per Cancelli","publisher":{"@id":"https:\/\/italfile.it\/#organization"},"potentialAction":[{"@type":"SearchAction","target":{"@type":"EntryPoint","urlTemplate":"https:\/\/italfile.it\/?s={search_term_string}"},"query-input":{"@type":"PropertyValueSpecification","valueRequired":true,"valueName":"search_term_string"}}],"inLanguage":"es"},{"@type":"Organization","@id":"https:\/\/italfile.it\/#organization","name":"Italfile Srl","url":"https:\/\/italfile.it\/","logo":{"@type":"ImageObject","inLanguage":"es","@id":"https:\/\/italfile.it\/#\/schema\/logo\/image\/","url":"https:\/\/italfile.it\/wp-content\/uploads\/2024\/07\/itafile-logo225.png","contentUrl":"https:\/\/italfile.it\/wp-content\/uploads\/2024\/07\/itafile-logo225.png","width":225,"height":23,"caption":"Italfile Srl"},"image":{"@id":"https:\/\/italfile.it\/#\/schema\/logo\/image\/"}}]}},"_links":{"self":[{"href":"https:\/\/italfile.it\/es\/wp-json\/wp\/v2\/pages\/1043","targetHints":{"allow":["GET"]}}],"collection":[{"href":"https:\/\/italfile.it\/es\/wp-json\/wp\/v2\/pages"}],"about":[{"href":"https:\/\/italfile.it\/es\/wp-json\/wp\/v2\/types\/page"}],"author":[{"embeddable":true,"href":"https:\/\/italfile.it\/es\/wp-json\/wp\/v2\/users\/1"}],"replies":[{"embeddable":true,"href":"https:\/\/italfile.it\/es\/wp-json\/wp\/v2\/comments?post=1043"}],"version-history":[{"count":6,"href":"https:\/\/italfile.it\/es\/wp-json\/wp\/v2\/pages\/1043\/revisions"}],"predecessor-version":[{"id":1433,"href":"https:\/\/italfile.it\/es\/wp-json\/wp\/v2\/pages\/1043\/revisions\/1433"}],"wp:attachment":[{"href":"https:\/\/italfile.it\/es\/wp-json\/wp\/v2\/media?parent=1043"}],"curies":[{"name":"wp","href":"https:\/\/api.w.org\/{rel}","templated":true}]}}