{"id":1038,"date":"2024-07-30T10:30:27","date_gmt":"2024-07-30T10:30:27","guid":{"rendered":"https:\/\/italfile.it\/contatti\/"},"modified":"2024-11-06T15:25:20","modified_gmt":"2024-11-06T15:25:20","slug":"contacto","status":"publish","type":"page","link":"https:\/\/italfile.it\/es\/contacto\/","title":{"rendered":"Contacto"},"content":{"rendered":"<p>[et_pb_section fb_built=\u00bb1&#8243; _builder_version=\u00bb4.27.0&#8243; _module_preset=\u00bbdefault\u00bb background_color=\u00bb#F2F2F2&#8243; global_colors_info=\u00bb{}\u00bb][et_pb_row _builder_version=\u00bb4.27.0&#8243; _module_preset=\u00bbdefault\u00bb global_colors_info=\u00bb{}\u00bb][et_pb_column type=\u00bb4_4&#8243; _builder_version=\u00bb4.27.0&#8243; _module_preset=\u00bbdefault\u00bb global_colors_info=\u00bb{}\u00bb][et_pb_text _builder_version=\u00bb4.27.0&#8243; _module_preset=\u00bbdefault\u00bb header_font=\u00bb||||||||\u00bb header_font_size=\u00bb5em\u00bb header_font_size_tablet=\u00bb5em\u00bb header_font_size_phone=\u00bb3.5em\u00bb header_font_size_last_edited=\u00bbon|phone\u00bb global_colors_info=\u00bb{}\u00bb]<\/p>\n<h1>Cont\u00e1ctenos<\/h1>\n<p>[\/et_pb_text][\/et_pb_column][\/et_pb_row][et_pb_row column_structure=\u00bb2_5,3_5&#8243; use_custom_gutter=\u00bbon\u00bb gutter_width=\u00bb3&#8243; _builder_version=\u00bb4.27.0&#8243; _module_preset=\u00bbdefault\u00bb global_colors_info=\u00bb{}\u00bb][et_pb_column type=\u00bb2_5&#8243; _builder_version=\u00bb4.27.0&#8243; _module_preset=\u00bbdefault\u00bb global_colors_info=\u00bb{}\u00bb][et_pb_text _builder_version=\u00bb4.27.0&#8243; _module_preset=\u00bbdefault\u00bb text_font=\u00bb||||||||\u00bb text_font_size=\u00bb20px\u00bb global_colors_info=\u00bb{}\u00bb]<\/p>\n<p>Para solicitar informaci\u00f3n, p\u00f3ngase en contacto con nosotros en las siguientes direcciones o rellene el formulario. Uno de nuestros operadores se pondr\u00e1 en contacto con usted lo antes posible. <\/p>\n<p>[\/et_pb_text][et_pb_blurb use_icon=\u00bbon\u00bb font_icon=\u00bb&#xf276;||fa||900&#8243; icon_color=\u00bb#1D1D1D\u00bb icon_placement=\u00bbleft\u00bb image_icon_width=\u00bb20px\u00bb content_max_width=\u00bb100%\u00bb _builder_version=\u00bb4.27.2&#8243; _module_preset=\u00bbdefault\u00bb body_font=\u00bb||||||||\u00bb body_link_font=\u00bbArchivo|800|||||||\u00bb body_link_text_color=\u00bb#1D1D1D\u00bb custom_margin=\u00bb8%||||false|false\u00bb global_colors_info=\u00bb{}\u00bb]<\/p>\n<p><a href=\"https:\/\/maps.app.goo.gl\/jioPxu7mEZM6DFcN9\" target=\"_blank\" rel=\"noopener\">Via Della Gualda, 11, 36075 Montecchio Maggiore, VI, Italia<\/a><\/p>\n<p>[\/et_pb_blurb][et_pb_blurb use_icon=\u00bbon\u00bb font_icon=\u00bb&#xe076;||divi||400&#8243; icon_color=\u00bb#1D1D1D\u00bb icon_placement=\u00bbleft\u00bb image_icon_width=\u00bb20px\u00bb content_max_width=\u00bb100%\u00bb _builder_version=\u00bb4.27.0&#8243; _module_preset=\u00bbdefault\u00bb body_font=\u00bb||||||||\u00bb body_link_font=\u00bbArchivo|800|||||||\u00bb body_link_text_color=\u00bb#1D1D1D\u00bb custom_margin=\u00bb4%||||false|false\u00bb global_colors_info=\u00bb{}\u00bb]<\/p>\n<p><a href=\"mailto:info@italfile.it\">info@italfile.it<\/a><\/p>\n<p>[\/et_pb_blurb][et_pb_blurb use_icon=\u00bbon\u00bb font_icon=\u00bb&#xf879;||fa||900&#8243; icon_color=\u00bb#1D1D1D\u00bb icon_placement=\u00bbleft\u00bb image_icon_width=\u00bb20px\u00bb content_max_width=\u00bb100%\u00bb _builder_version=\u00bb4.27.0&#8243; _module_preset=\u00bbdefault\u00bb body_font=\u00bb||||||||\u00bb body_link_font=\u00bbArchivo|800|||||||\u00bb body_link_text_color=\u00bb#1D1D1D\u00bb custom_margin=\u00bb4%||||false|false\u00bb global_colors_info=\u00bb{}\u00bb]<\/p>\n<p><a href=\"tel:+390444371303\">+39 0444 371303<\/a><\/p>\n<p>[\/et_pb_blurb][\/et_pb_column][et_pb_column type=\u00bb3_5&#8243; _builder_version=\u00bb4.27.0&#8243; _module_preset=\u00bbdefault\u00bb global_colors_info=\u00bb{}\u00bb][dvppl_cf7_styler button_alignment=\u00bbright\u00bb cf7=\u00bb8&#8243; form_background_color=\u00bbRGBA(255,255,255,0)\u00bb form_field_spacing=\u00bb15px\u00bb cr_custom_styles=\u00bbon\u00bb cr_selected_color=\u00bb#F20000&#8243; _builder_version=\u00bb4.27.0&#8243; _module_preset=\u00bbdefault\u00bb form_field_font_text_color=\u00bb#1D1D1D\u00bb labels_font=\u00bb||||||||\u00bb custom_submit_button=\u00bbon\u00bb submit_button_text_size=\u00bb22px\u00bb submit_button_bg_color=\u00bb#1D1D1D\u00bb submit_button_border_width=\u00bb0px\u00bb submit_button_border_radius=\u00bb50px\u00bb submit_button_font=\u00bbObvia &#8211; Regular||||||||\u00bb submit_button_custom_padding=\u00bb1.5%|5%|1.5%|5%|true|true\u00bb submit_button_custom_padding_tablet=\u00bb2.5%|5%|2%|5%|false|true\u00bb submit_button_custom_padding_phone=\u00bb5%|10%|4%|10%|false|true\u00bb submit_button_custom_padding_last_edited=\u00bbon|tablet\u00bb custom_margin_tablet=\u00bb5%||||false|false\u00bb custom_margin_phone=\u00bb5%||||false|false\u00bb custom_margin_last_edited=\u00bbon|tablet\u00bb border_radii_field=\u00bbon|5px|5px|5px|5px\u00bb global_colors_info=\u00bb{}\u00bb][\/dvppl_cf7_styler][\/et_pb_column][\/et_pb_row][\/et_pb_section]<\/p>\n","protected":false},"excerpt":{"rendered":"<p>Cont\u00e1ctenosPara solicitar informaci\u00f3n, p\u00f3ngase en contacto con nosotros en las siguientes direcciones o rellene el formulario. Uno de nuestros operadores se pondr\u00e1 en contacto con usted lo antes posible. Via Della Gualda, 11, 36075 Montecchio Maggiore, VI, Italiainfo@italfile.it+39 0444 371303<div class=\"et_pb_module dvppl_cf7_styler dvppl_cf7_styler_0\">\n\t\t\t\t\n\t\t\t\t\n\t\t\t\t\n\t\t\t\t\n\t\t\t\t\n\t\t\t\t\n\t\t\t\t<div class=\"et_pb_module_inner\">\n\t\t\t\t\t<div class=\"dipe-cf7-container dipe-cf7-button-\u00bbright\u00bb\">\n\t\t\t\t\n\t\t\t\t<div class=\"dipe-cf7 dipe-cf7-styler \">\n\t\t\t\t\t<p class=\"wpcf7-contact-form-not-found\"><strong>Error:<\/strong> Formulario de contacto no encontrado.<\/p>\n\t\t\t\t<\/div>\n\t\t\t<\/div>\n\t\t\t\t<\/div>\n\t\t\t<\/div><\/p>\n","protected":false},"author":1,"featured_media":0,"parent":0,"menu_order":33,"comment_status":"closed","ping_status":"closed","template":"","meta":{"_acf_changed":false,"_et_pb_use_builder":"on","_et_pb_old_content":"","_et_gb_content_width":"","footnotes":""},"class_list":["post-1038","page","type-page","status-publish","hentry"],"acf":[],"yoast_head":"<!-- This site is optimized with the Yoast SEO plugin v24.0 - https:\/\/yoast.com\/wordpress\/plugins\/seo\/ -->\n<title>Contacto - Italfile Mandos a distancia<\/title>\n<meta name=\"description\" content=\"P\u00f3ngase en contacto con Italfile para obtener informaci\u00f3n sobre mandos a distancia para cancelas, receptores y soluciones de automatizaci\u00f3n personalizadas.\" \/>\n<meta name=\"robots\" content=\"index, follow, max-snippet:-1, max-image-preview:large, max-video-preview:-1\" \/>\n<link rel=\"canonical\" href=\"https:\/\/italfile.it\/contatti\/\" \/>\n<meta property=\"og:locale\" content=\"es_ES\" \/>\n<meta property=\"og:type\" content=\"article\" \/>\n<meta property=\"og:title\" content=\"Contacto - Italfile Mandos a distancia\" \/>\n<meta property=\"og:description\" content=\"P\u00f3ngase en contacto con Italfile para obtener informaci\u00f3n sobre mandos a distancia para cancelas, receptores y soluciones de automatizaci\u00f3n personalizadas.\" \/>\n<meta property=\"og:url\" content=\"https:\/\/italfile.it\/contatti\/\" \/>\n<meta property=\"og:site_name\" content=\"Italfile\" \/>\n<meta property=\"article:modified_time\" content=\"2024-11-06T15:25:20+00:00\" \/>\n<meta name=\"twitter:card\" content=\"summary_large_image\" \/>\n<meta name=\"twitter:label1\" content=\"Tiempo de lectura\" \/>\n\t<meta name=\"twitter:data1\" content=\"1 minuto\" \/>\n<script type=\"application\/ld+json\" class=\"yoast-schema-graph\">{\"@context\":\"https:\/\/schema.org\",\"@graph\":[{\"@type\":\"WebPage\",\"@id\":\"https:\/\/italfile.it\/contatti\/\",\"url\":\"https:\/\/italfile.it\/contatti\/\",\"name\":\"Contacto - Italfile Mandos a distancia\",\"isPartOf\":{\"@id\":\"https:\/\/italfile.it\/#website\"},\"datePublished\":\"2024-07-30T10:30:27+00:00\",\"dateModified\":\"2024-11-06T15:25:20+00:00\",\"description\":\"P\u00f3ngase en contacto con Italfile para obtener informaci\u00f3n sobre mandos a distancia para cancelas, receptores y soluciones de automatizaci\u00f3n personalizadas.\",\"breadcrumb\":{\"@id\":\"https:\/\/italfile.it\/contatti\/#breadcrumb\"},\"inLanguage\":\"es\",\"potentialAction\":[{\"@type\":\"ReadAction\",\"target\":[\"https:\/\/italfile.it\/contatti\/\"]}]},{\"@type\":\"BreadcrumbList\",\"@id\":\"https:\/\/italfile.it\/contatti\/#breadcrumb\",\"itemListElement\":[{\"@type\":\"ListItem\",\"position\":1,\"name\":\"Home\",\"item\":\"https:\/\/italfile.it\/es\/\"},{\"@type\":\"ListItem\",\"position\":2,\"name\":\"Contacto\"}]},{\"@type\":\"WebSite\",\"@id\":\"https:\/\/italfile.it\/#website\",\"url\":\"https:\/\/italfile.it\/\",\"name\":\"Italfile - Radiocomandi Universali\",\"description\":\"Radiocomandi Universali per Cancelli\",\"publisher\":{\"@id\":\"https:\/\/italfile.it\/#organization\"},\"potentialAction\":[{\"@type\":\"SearchAction\",\"target\":{\"@type\":\"EntryPoint\",\"urlTemplate\":\"https:\/\/italfile.it\/?s={search_term_string}\"},\"query-input\":{\"@type\":\"PropertyValueSpecification\",\"valueRequired\":true,\"valueName\":\"search_term_string\"}}],\"inLanguage\":\"es\"},{\"@type\":\"Organization\",\"@id\":\"https:\/\/italfile.it\/#organization\",\"name\":\"Italfile Srl\",\"url\":\"https:\/\/italfile.it\/\",\"logo\":{\"@type\":\"ImageObject\",\"inLanguage\":\"es\",\"@id\":\"https:\/\/italfile.it\/#\/schema\/logo\/image\/\",\"url\":\"https:\/\/italfile.it\/wp-content\/uploads\/2024\/07\/itafile-logo225.png\",\"contentUrl\":\"https:\/\/italfile.it\/wp-content\/uploads\/2024\/07\/itafile-logo225.png\",\"width\":225,\"height\":23,\"caption\":\"Italfile Srl\"},\"image\":{\"@id\":\"https:\/\/italfile.it\/#\/schema\/logo\/image\/\"}}]}<\/script>\n<!-- \/ Yoast SEO plugin. -->","yoast_head_json":{"title":"Contacto - Italfile Mandos a distancia","description":"P\u00f3ngase en contacto con Italfile para obtener informaci\u00f3n sobre mandos a distancia para cancelas, receptores y soluciones de automatizaci\u00f3n personalizadas.","robots":{"index":"index","follow":"follow","max-snippet":"max-snippet:-1","max-image-preview":"max-image-preview:large","max-video-preview":"max-video-preview:-1"},"canonical":"https:\/\/italfile.it\/contatti\/","og_locale":"es_ES","og_type":"article","og_title":"Contacto - Italfile Mandos a distancia","og_description":"P\u00f3ngase en contacto con Italfile para obtener informaci\u00f3n sobre mandos a distancia para cancelas, receptores y soluciones de automatizaci\u00f3n personalizadas.","og_url":"https:\/\/italfile.it\/contatti\/","og_site_name":"Italfile","article_modified_time":"2024-11-06T15:25:20+00:00","twitter_card":"summary_large_image","twitter_misc":{"Tiempo de lectura":"1 minuto"},"schema":{"@context":"https:\/\/schema.org","@graph":[{"@type":"WebPage","@id":"https:\/\/italfile.it\/contatti\/","url":"https:\/\/italfile.it\/contatti\/","name":"Contacto - Italfile Mandos a distancia","isPartOf":{"@id":"https:\/\/italfile.it\/#website"},"datePublished":"2024-07-30T10:30:27+00:00","dateModified":"2024-11-06T15:25:20+00:00","description":"P\u00f3ngase en contacto con Italfile para obtener informaci\u00f3n sobre mandos a distancia para cancelas, receptores y soluciones de automatizaci\u00f3n personalizadas.","breadcrumb":{"@id":"https:\/\/italfile.it\/contatti\/#breadcrumb"},"inLanguage":"es","potentialAction":[{"@type":"ReadAction","target":["https:\/\/italfile.it\/contatti\/"]}]},{"@type":"BreadcrumbList","@id":"https:\/\/italfile.it\/contatti\/#breadcrumb","itemListElement":[{"@type":"ListItem","position":1,"name":"Home","item":"https:\/\/italfile.it\/es\/"},{"@type":"ListItem","position":2,"name":"Contacto"}]},{"@type":"WebSite","@id":"https:\/\/italfile.it\/#website","url":"https:\/\/italfile.it\/","name":"Italfile - Radiocomandi Universali","description":"Radiocomandi Universali per Cancelli","publisher":{"@id":"https:\/\/italfile.it\/#organization"},"potentialAction":[{"@type":"SearchAction","target":{"@type":"EntryPoint","urlTemplate":"https:\/\/italfile.it\/?s={search_term_string}"},"query-input":{"@type":"PropertyValueSpecification","valueRequired":true,"valueName":"search_term_string"}}],"inLanguage":"es"},{"@type":"Organization","@id":"https:\/\/italfile.it\/#organization","name":"Italfile Srl","url":"https:\/\/italfile.it\/","logo":{"@type":"ImageObject","inLanguage":"es","@id":"https:\/\/italfile.it\/#\/schema\/logo\/image\/","url":"https:\/\/italfile.it\/wp-content\/uploads\/2024\/07\/itafile-logo225.png","contentUrl":"https:\/\/italfile.it\/wp-content\/uploads\/2024\/07\/itafile-logo225.png","width":225,"height":23,"caption":"Italfile Srl"},"image":{"@id":"https:\/\/italfile.it\/#\/schema\/logo\/image\/"}}]}},"_links":{"self":[{"href":"https:\/\/italfile.it\/es\/wp-json\/wp\/v2\/pages\/1038","targetHints":{"allow":["GET"]}}],"collection":[{"href":"https:\/\/italfile.it\/es\/wp-json\/wp\/v2\/pages"}],"about":[{"href":"https:\/\/italfile.it\/es\/wp-json\/wp\/v2\/types\/page"}],"author":[{"embeddable":true,"href":"https:\/\/italfile.it\/es\/wp-json\/wp\/v2\/users\/1"}],"replies":[{"embeddable":true,"href":"https:\/\/italfile.it\/es\/wp-json\/wp\/v2\/comments?post=1038"}],"version-history":[{"count":6,"href":"https:\/\/italfile.it\/es\/wp-json\/wp\/v2\/pages\/1038\/revisions"}],"predecessor-version":[{"id":1429,"href":"https:\/\/italfile.it\/es\/wp-json\/wp\/v2\/pages\/1038\/revisions\/1429"}],"wp:attachment":[{"href":"https:\/\/italfile.it\/es\/wp-json\/wp\/v2\/media?parent=1038"}],"curies":[{"name":"wp","href":"https:\/\/api.w.org\/{rel}","templated":true}]}}