{"id":1454,"date":"2024-07-30T15:54:50","date_gmt":"2024-07-30T15:54:50","guid":{"rendered":"https:\/\/italfile.it\/home\/"},"modified":"2024-11-12T11:20:22","modified_gmt":"2024-11-12T11:20:22","slug":"home","status":"publish","type":"page","link":"https:\/\/italfile.it\/de\/","title":{"rendered":"Home"},"content":{"rendered":"<p>[et_pb_section fb_built=&#8220;1&#8243; module_class=&#8220;overlayed&#8220; _builder_version=&#8220;4.27.2&#8243; _module_preset=&#8220;default&#8220; background_enable_image=&#8220;off&#8220; background_video_mp4=&#8220;https:\/\/italfile.it\/wp-content\/uploads\/2024\/11\/Italfile_Telecomandi_emozionale_Muto-compress.mp4&#8243; height=&#8220;90vh&#8220; height_tablet=&#8220;90vh&#8220; height_phone=&#8220;70vh&#8220; height_last_edited=&#8220;on|phone&#8220; hover_enabled=&#8220;0&#8243; global_colors_info=&#8220;{}&#8220; title_text=&#8220;Italfile_Telecomandi_emozionale_Muto compress&#8220; sticky_enabled=&#8220;0&#8243;][et_pb_row column_structure=&#8220;3_5,2_5&#8243; make_equal=&#8220;on&#8220; _builder_version=&#8220;4.27.0&#8243; _module_preset=&#8220;default&#8220; positioning=&#8220;absolute&#8220; position_origin_a=&#8220;bottom_center&#8220; z_index=&#8220;3&#8243; custom_margin=&#8220;||5%||false|false&#8220; custom_css_main_element=&#8220;align-items:center;&#8220; border_width_bottom=&#8220;2px&#8220; border_color_bottom=&#8220;#FFFFFF&#8220; global_colors_info=&#8220;{}&#8220;][et_pb_column type=&#8220;3_5&#8243; _builder_version=&#8220;4.27.0&#8243; _module_preset=&#8220;default&#8220; global_colors_info=&#8220;{}&#8220;][et_pb_text _builder_version=&#8220;4.27.0&#8243; _module_preset=&#8220;default&#8220; text_text_color=&#8220;#F2F2F2&#8243; header_font=&#8220;|||on|||||&#8220; header_text_color=&#8220;#FFFFFF&#8220; header_font_size=&#8220;3.5em&#8220; custom_margin=&#8220;||3%||false|false&#8220; header_font_size_tablet=&#8220;3.5em&#8220; header_font_size_phone=&#8220;2.5em&#8220; header_font_size_last_edited=&#8220;on|phone&#8220; global_colors_info=&#8220;{}&#8220;]<\/p>\n<h1>Universalfernbedienungen f\u00fcr tore<\/h1>\n<p>[\/et_pb_text][\/et_pb_column][et_pb_column type=&#8220;2_5&#8243; _builder_version=&#8220;4.27.0&#8243; _module_preset=&#8220;default&#8220; global_colors_info=&#8220;{}&#8220;][et_pb_button button_url=&#8220;@ET-DC@eyJkeW5hbWljIjp0cnVlLCJjb250ZW50IjoicG9zdF9saW5rX3VybF9wYWdlIiwic2V0dGluZ3MiOnsicG9zdF9pZCI6IjEwIn19@&#8220; button_text=&#8220;Entdecken Sie unsere Produkte&#8220; button_alignment=&#8220;right&#8220; button_alignment_tablet=&#8220;left&#8220; button_alignment_phone=&#8220;left&#8220; button_alignment_last_edited=&#8220;on|tablet&#8220; module_class=&#8220;pulsante-icona&#8220; _builder_version=&#8220;4.27.2&#8243; _dynamic_attributes=&#8220;button_url&#8220; _module_preset=&#8220;default&#8220; custom_button=&#8220;on&#8220; button_text_color=&#8220;#FFFFFF&#8220; button_border_width=&#8220;0px&#8220; button_border_radius=&#8220;0px&#8220; button_icon=&#8220;&#xe03e;||divi||400&#8243; button_icon_color=&#8220;#E02B20&#8243; button_icon_placement=&#8220;left&#8220; button_on_hover=&#8220;off&#8220; hover_transition_duration=&#8220;600ms&#8220; locked=&#8220;off&#8220; global_colors_info=&#8220;{}&#8220; button_bg_color__hover_enabled=&#8220;on|hover&#8220; button_bg_color__hover=&#8220;#e02b20&#8243; button_bg_enable_color__hover=&#8220;on&#8220; button_text_color__hover_enabled=&#8220;on|hover&#8220; button_text_color__hover=&#8220;#F2F2F2&#8243; button_border_radius__hover_enabled=&#8220;on|hover&#8220; button_border_radius__hover=&#8220;50px&#8220; button_icon_color__hover_enabled=&#8220;on|hover&#8220; button_icon_color__hover=&#8220;#F2F2F2&#8243;][\/et_pb_button][\/et_pb_column][\/et_pb_row][\/et_pb_section][et_pb_section fb_built=&#8220;1&#8243; _builder_version=&#8220;4.27.0&#8243; _module_preset=&#8220;default&#8220; background_color=&#8220;#1D1D1D&#8220; global_colors_info=&#8220;{}&#8220;][et_pb_row _builder_version=&#8220;4.27.0&#8243; _module_preset=&#8220;default&#8220; custom_margin=&#8220;||4%||false|false&#8220; custom_padding=&#8220;||||false|false&#8220; global_colors_info=&#8220;{}&#8220;][et_pb_column type=&#8220;4_4&#8243; _builder_version=&#8220;4.27.0&#8243; _module_preset=&#8220;default&#8220; global_colors_info=&#8220;{}&#8220;][et_pb_text _builder_version=&#8220;4.27.0&#8243; _module_preset=&#8220;default&#8220; text_text_color=&#8220;#F2F2F2&#8243; header_text_color=&#8220;#FFFFFF&#8220; header_font_size=&#8220;3em&#8220; header_2_font=&#8220;|||on|||||&#8220; header_2_text_align=&#8220;center&#8220; header_2_text_color=&#8220;#FFFFFF&#8220; header_2_font_size=&#8220;4em&#8220; custom_margin=&#8220;||||false|false&#8220; header_2_font_size_tablet=&#8220;4em&#8220; header_2_font_size_phone=&#8220;2em&#8220; header_2_font_size_last_edited=&#8220;on|phone&#8220; global_colors_info=&#8220;{}&#8220;]<\/p>\n<h2>Unsere Fernbedienungen<\/h2>\n<p>[\/et_pb_text][\/et_pb_column][\/et_pb_row][et_pb_row column_structure=&#8220;1_3,1_3,1_3&#8243; use_custom_gutter=&#8220;on&#8220; _builder_version=&#8220;4.27.2&#8243; _module_preset=&#8220;default&#8220; width=&#8220;100%&#8220; max_width=&#8220;90%&#8220; custom_padding=&#8220;0px||0px||true|false&#8220; global_colors_info=&#8220;{}&#8220;][et_pb_column type=&#8220;1_3&#8243; module_class=&#8220;w-over-img&#8220; _builder_version=&#8220;4.27.2&#8243; _module_preset=&#8220;default&#8220; background_color=&#8220;#F2F2F2&#8243; custom_padding=&#8220;5%||5%||true|false&#8220; link_option_url=&#8220;https:\/\/italfile.it\/de\/produkt-kategorie\/jane-de\/&#8220; global_colors_info=&#8220;{}&#8220;][et_pb_image src=&#8220;https:\/\/italfile.it\/wp-content\/uploads\/2024\/08\/Jane_principal.png&#8220; title_text=&#8220;Jane_principal&#8220; align=&#8220;center&#8220; module_class=&#8220;overed-img&#8220; _builder_version=&#8220;4.27.0&#8243; _module_preset=&#8220;default&#8220; width=&#8220;100%&#8220; max_width=&#8220;60%&#8220; global_colors_info=&#8220;{}&#8220;][\/et_pb_image][et_pb_image src=&#8220;https:\/\/italfile.it\/wp-content\/uploads\/2024\/07\/jane.svg&#8220; title_text=&#8220;jane&#8220; module_class=&#8220;over-img&#8220; _builder_version=&#8220;4.27.0&#8243; _module_preset=&#8220;default&#8220; positioning=&#8220;absolute&#8220; position_origin_a=&#8220;center_center&#8220; width=&#8220;100%&#8220; max_width=&#8220;70%&#8220; global_colors_info=&#8220;{}&#8220; filter_opacity__hover_enabled=&#8220;off|desktop&#8220; filter_opacity__hover=&#8220;100%&#8220;][\/et_pb_image][\/et_pb_column][et_pb_column type=&#8220;1_3&#8243; module_class=&#8220;w-over-img&#8220; _builder_version=&#8220;4.27.2&#8243; _module_preset=&#8220;default&#8220; background_color=&#8220;#F2F2F2&#8243; custom_padding=&#8220;5%||5%||true|false&#8220; link_option_url=&#8220;https:\/\/italfile.it\/de\/produkt-kategorie\/prime-de\/&#8220; global_colors_info=&#8220;{}&#8220;][et_pb_image src=&#8220;https:\/\/italfile.it\/wp-content\/uploads\/2024\/08\/prime-principal.png&#8220; title_text=&#8220;prime-principal&#8220; align=&#8220;center&#8220; module_class=&#8220;overed-img&#8220; _builder_version=&#8220;4.27.0&#8243; _module_preset=&#8220;default&#8220; max_width=&#8220;60%&#8220; global_colors_info=&#8220;{}&#8220;][\/et_pb_image][et_pb_image src=&#8220;https:\/\/italfile.it\/wp-content\/uploads\/2024\/08\/priime-logo.svg&#8220; title_text=&#8220;priime-logo&#8220; module_class=&#8220;over-img&#8220; _builder_version=&#8220;4.27.0&#8243; _module_preset=&#8220;default&#8220; positioning=&#8220;absolute&#8220; position_origin_a=&#8220;center_center&#8220; width=&#8220;100%&#8220; max_width=&#8220;70%&#8220; global_colors_info=&#8220;{}&#8220; filter_opacity__hover_enabled=&#8220;off|desktop&#8220; filter_opacity__hover=&#8220;100%&#8220;][\/et_pb_image][\/et_pb_column][et_pb_column type=&#8220;1_3&#8243; module_class=&#8220;w-over-img&#8220; _builder_version=&#8220;4.27.2&#8243; _module_preset=&#8220;default&#8220; background_color=&#8220;#F2F2F2&#8243; custom_padding=&#8220;5%||5%||true|false&#8220; link_option_url=&#8220;https:\/\/italfile.it\/de\/produkt-kategorie\/iris-de\/&#8220; global_colors_info=&#8220;{}&#8220;][et_pb_image src=&#8220;https:\/\/italfile.it\/wp-content\/uploads\/2024\/08\/Iris-principal.png&#8220; title_text=&#8220;Iris-principal&#8220; align=&#8220;center&#8220; module_class=&#8220;overed-img&#8220; _builder_version=&#8220;4.27.0&#8243; _module_preset=&#8220;default&#8220; max_width=&#8220;60%&#8220; global_colors_info=&#8220;{}&#8220;][\/et_pb_image][et_pb_image src=&#8220;https:\/\/italfile.it\/wp-content\/uploads\/2024\/08\/Iris-logo.svg&#8220; title_text=&#8220;Iris-logo&#8220; module_class=&#8220;over-img&#8220; _builder_version=&#8220;4.27.0&#8243; _module_preset=&#8220;default&#8220; positioning=&#8220;absolute&#8220; position_origin_a=&#8220;center_center&#8220; width=&#8220;100%&#8220; max_width=&#8220;70%&#8220; global_colors_info=&#8220;{}&#8220; filter_opacity__hover_enabled=&#8220;off|desktop&#8220; filter_opacity__hover=&#8220;100%&#8220;][\/et_pb_image][\/et_pb_column][\/et_pb_row][\/et_pb_section][et_pb_section fb_built=&#8220;1&#8243; _builder_version=&#8220;4.27.2&#8243; _module_preset=&#8220;default&#8220; background_image=&#8220;https:\/\/italfile.it\/wp-content\/uploads\/2024\/10\/foto-generale-compress.jpg&#8220; parallax=&#8220;on&#8220; global_colors_info=&#8220;{}&#8220;][et_pb_row _builder_version=&#8220;4.27.0&#8243; _module_preset=&#8220;default&#8220; global_colors_info=&#8220;{}&#8220;][et_pb_column type=&#8220;4_4&#8243; _builder_version=&#8220;4.27.0&#8243; _module_preset=&#8220;default&#8220; global_colors_info=&#8220;{}&#8220;][et_pb_divider show_divider=&#8220;off&#8220; _builder_version=&#8220;4.27.0&#8243; _module_preset=&#8220;default&#8220; height=&#8220;80vh&#8220; height_tablet=&#8220;60vh&#8220; height_phone=&#8220;50vh&#8220; height_last_edited=&#8220;on|tablet&#8220; global_colors_info=&#8220;{}&#8220;][\/et_pb_divider][\/et_pb_column][\/et_pb_row][\/et_pb_section][et_pb_section fb_built=&#8220;1&#8243; _builder_version=&#8220;4.27.0&#8243; _module_preset=&#8220;default&#8220; global_colors_info=&#8220;{}&#8220;][et_pb_row column_structure=&#8220;1_2,1_2&#8243; use_custom_gutter=&#8220;on&#8220; make_equal=&#8220;on&#8220; _builder_version=&#8220;4.27.2&#8243; _module_preset=&#8220;default&#8220; custom_padding=&#8220;||||false|false&#8220; custom_css_main_element=&#8220;align-items:center;&#8220; locked=&#8220;off&#8220; global_colors_info=&#8220;{}&#8220;][et_pb_column type=&#8220;1_2&#8243; _builder_version=&#8220;4.27.0&#8243; _module_preset=&#8220;default&#8220; global_colors_info=&#8220;{}&#8220;][et_pb_text _builder_version=&#8220;4.27.2&#8243; _module_preset=&#8220;default&#8220; text_text_color=&#8220;#FFFFFF&#8220; header_2_text_color=&#8220;#1D1D1D&#8220; header_2_font_size=&#8220;4em&#8220; header_2_font_size_tablet=&#8220;4em&#8220; header_2_font_size_phone=&#8220;4em&#8220; header_2_font_size_last_edited=&#8220;on|phone&#8220; header_3_font_size_tablet=&#8220;&#8220; header_3_font_size_phone=&#8220;18px&#8220; header_3_font_size_last_edited=&#8220;on|phone&#8220; global_colors_info=&#8220;{}&#8220;]<\/p>\n<h3>Warum ITALFILE w\u00e4hlen<\/h3>\n<h2>FINDEN SIE HERAUS, WER WIR SIND<\/h2>\n<p>[\/et_pb_text][et_pb_text _builder_version=&#8220;4.27.2&#8243; _module_preset=&#8220;default&#8220; text_text_color=&#8220;#1D1D1D&#8220; global_colors_info=&#8220;{}&#8220;]ITALFILE ist ein Unternehmen mit Sitz in Montecchio Maggiore in der Provinz Vicenza, das seit u\u0308ber 15 Jahren Fernbedienungen zur Duplikation und Ersatzteile fu\u0308r die Torautomatisierung herstellt. Im Laufe der Jahre hat sich das Unternehmen auf dem italienischen Markt etabliert und ist heute in den wichtigsten europ\u00e4ischen L\u00e4ndern, in den USA und in Australien vertreten.<br \/>\n[\/et_pb_text][et_pb_button button_url=&#8220;@ET-DC@eyJkeW5hbWljIjp0cnVlLCJjb250ZW50IjoicG9zdF9saW5rX3VybF9wYWdlIiwic2V0dGluZ3MiOnsicG9zdF9pZCI6IjcyIn19@&#8220; button_text=&#8220;Entdecken Sie das Unternehmen&#8220; module_class=&#8220;pulsante-icona&#8220; _builder_version=&#8220;4.27.0&#8243; _dynamic_attributes=&#8220;button_url&#8220; _module_preset=&#8220;default&#8220; custom_button=&#8220;on&#8220; button_text_color=&#8220;#1D1D1D&#8220; button_border_width=&#8220;0px&#8220; button_border_radius=&#8220;0px&#8220; button_icon=&#8220;&#xe03e;||divi||400&#8243; button_icon_color=&#8220;#E02B20&#8243; button_icon_placement=&#8220;left&#8220; button_on_hover=&#8220;off&#8220; hover_transition_duration=&#8220;600ms&#8220; global_colors_info=&#8220;{}&#8220; button_bg_color__hover_enabled=&#8220;on|hover&#8220; button_bg_color__hover=&#8220;#e02b20&#8243; button_bg_enable_color__hover=&#8220;on&#8220; button_text_color__hover_enabled=&#8220;on|hover&#8220; button_text_color__hover=&#8220;#F2F2F2&#8243; button_border_radius__hover_enabled=&#8220;on|hover&#8220; button_border_radius__hover=&#8220;50px&#8220; button_icon_color__hover_enabled=&#8220;on|hover&#8220; button_icon_color__hover=&#8220;#F2F2F2&#8243;][\/et_pb_button][\/et_pb_column][et_pb_column type=&#8220;1_2&#8243; _builder_version=&#8220;4.27.0&#8243; _module_preset=&#8220;default&#8220; global_colors_info=&#8220;{}&#8220;][et_pb_image src=&#8220;https:\/\/italfile.it\/wp-content\/uploads\/2024\/08\/stampi-1200&#215;801-compress.jpg&#8220; title_text=&#8220;stampi-1200&#215;801-compress&#8220; _builder_version=&#8220;4.27.2&#8243; _module_preset=&#8220;default&#8220; animation_style=&#8220;zoom&#8220; animation_duration=&#8220;1250ms&#8220; animation_intensity_zoom=&#8220;10%&#8220; border_radii=&#8220;off|20px|20px|20px|20px&#8220; global_colors_info=&#8220;{}&#8220;][\/et_pb_image][\/et_pb_column][\/et_pb_row][\/et_pb_section]<\/p>\n","protected":false},"excerpt":{"rendered":"<p>Universalfernbedienungen f\u00fcr tore Unsere Fernbedienungen Warum ITALFILE w\u00e4hlen FINDEN SIE HERAUS, WER WIR SIND ITALFILE ist ein Unternehmen mit Sitz in Montecchio Maggiore in der Provinz Vicenza, das seit u\u0308ber 15 Jahren Fernbedienungen zur Duplikation und Ersatzteile fu\u0308r die Torautomatisierung herstellt. Im Laufe der Jahre hat sich das Unternehmen auf dem italienischen Markt etabliert und [&hellip;]<\/p>\n","protected":false},"author":1,"featured_media":0,"parent":0,"menu_order":3,"comment_status":"closed","ping_status":"closed","template":"","meta":{"_acf_changed":false,"_et_pb_use_builder":"on","_et_pb_old_content":"","_et_gb_content_width":"","footnotes":""},"class_list":["post-1454","page","type-page","status-publish","hentry"],"acf":[],"yoast_head":"<!-- This site is optimized with the Yoast SEO plugin v24.0 - https:\/\/yoast.com\/wordpress\/plugins\/seo\/ -->\n<title>Fernbedienungen f\u00fcr Tore - Italfile%<\/title>\n<meta name=\"description\" content=\"Entdecken Sie die Palette der Italfile-Fernbedienungen f\u00fcr automatische Tore: Zuverl\u00e4ssigkeit und Sicherheit f\u00fcr jeden Bedarf.\" \/>\n<meta name=\"robots\" content=\"index, follow, max-snippet:-1, max-image-preview:large, max-video-preview:-1\" \/>\n<link rel=\"canonical\" href=\"https:\/\/italfile.it\/de\/\" \/>\n<meta property=\"og:locale\" content=\"de_DE\" \/>\n<meta property=\"og:type\" content=\"article\" \/>\n<meta property=\"og:title\" content=\"Fernbedienungen f\u00fcr Tore - Italfile%\" \/>\n<meta property=\"og:description\" content=\"Entdecken Sie die Palette der Italfile-Fernbedienungen f\u00fcr automatische Tore: Zuverl\u00e4ssigkeit und Sicherheit f\u00fcr jeden Bedarf.\" \/>\n<meta property=\"og:url\" content=\"https:\/\/italfile.it\/de\/\" \/>\n<meta property=\"og:site_name\" content=\"Italfile\" \/>\n<meta property=\"article:modified_time\" content=\"2024-11-12T11:20:22+00:00\" \/>\n<meta name=\"twitter:card\" content=\"summary_large_image\" \/>\n<meta name=\"twitter:label1\" content=\"Gesch\u00e4tzte Lesezeit\" \/>\n\t<meta name=\"twitter:data1\" content=\"2\u00a0Minuten\" \/>\n<script type=\"application\/ld+json\" class=\"yoast-schema-graph\">{\"@context\":\"https:\/\/schema.org\",\"@graph\":[{\"@type\":\"WebPage\",\"@id\":\"https:\/\/italfile.it\/de\/\",\"url\":\"https:\/\/italfile.it\/de\/\",\"name\":\"Fernbedienungen f\u00fcr Tore - Italfile%\",\"isPartOf\":{\"@id\":\"https:\/\/italfile.it\/#website\"},\"datePublished\":\"2024-07-30T15:54:50+00:00\",\"dateModified\":\"2024-11-12T11:20:22+00:00\",\"description\":\"Entdecken Sie die Palette der Italfile-Fernbedienungen f\u00fcr automatische Tore: Zuverl\u00e4ssigkeit und Sicherheit f\u00fcr jeden Bedarf.\",\"breadcrumb\":{\"@id\":\"https:\/\/italfile.it\/de\/#breadcrumb\"},\"inLanguage\":\"de\",\"potentialAction\":[{\"@type\":\"ReadAction\",\"target\":[\"https:\/\/italfile.it\/de\/\"]}]},{\"@type\":\"BreadcrumbList\",\"@id\":\"https:\/\/italfile.it\/de\/#breadcrumb\",\"itemListElement\":[{\"@type\":\"ListItem\",\"position\":1,\"name\":\"Home\",\"item\":\"https:\/\/italfile.it\/de\/\"},{\"@type\":\"ListItem\",\"position\":2,\"name\":\"Home\"}]},{\"@type\":\"WebSite\",\"@id\":\"https:\/\/italfile.it\/#website\",\"url\":\"https:\/\/italfile.it\/\",\"name\":\"Italfile - Radiocomandi Universali\",\"description\":\"Radiocomandi Universali per Cancelli\",\"publisher\":{\"@id\":\"https:\/\/italfile.it\/#organization\"},\"potentialAction\":[{\"@type\":\"SearchAction\",\"target\":{\"@type\":\"EntryPoint\",\"urlTemplate\":\"https:\/\/italfile.it\/?s={search_term_string}\"},\"query-input\":{\"@type\":\"PropertyValueSpecification\",\"valueRequired\":true,\"valueName\":\"search_term_string\"}}],\"inLanguage\":\"de\"},{\"@type\":\"Organization\",\"@id\":\"https:\/\/italfile.it\/#organization\",\"name\":\"Italfile Srl\",\"url\":\"https:\/\/italfile.it\/\",\"logo\":{\"@type\":\"ImageObject\",\"inLanguage\":\"de\",\"@id\":\"https:\/\/italfile.it\/#\/schema\/logo\/image\/\",\"url\":\"https:\/\/italfile.it\/wp-content\/uploads\/2024\/07\/itafile-logo225.png\",\"contentUrl\":\"https:\/\/italfile.it\/wp-content\/uploads\/2024\/07\/itafile-logo225.png\",\"width\":225,\"height\":23,\"caption\":\"Italfile Srl\"},\"image\":{\"@id\":\"https:\/\/italfile.it\/#\/schema\/logo\/image\/\"}}]}<\/script>\n<!-- \/ Yoast SEO plugin. -->","yoast_head_json":{"title":"Fernbedienungen f\u00fcr Tore - Italfile%","description":"Entdecken Sie die Palette der Italfile-Fernbedienungen f\u00fcr automatische Tore: Zuverl\u00e4ssigkeit und Sicherheit f\u00fcr jeden Bedarf.","robots":{"index":"index","follow":"follow","max-snippet":"max-snippet:-1","max-image-preview":"max-image-preview:large","max-video-preview":"max-video-preview:-1"},"canonical":"https:\/\/italfile.it\/de\/","og_locale":"de_DE","og_type":"article","og_title":"Fernbedienungen f\u00fcr Tore - Italfile%","og_description":"Entdecken Sie die Palette der Italfile-Fernbedienungen f\u00fcr automatische Tore: Zuverl\u00e4ssigkeit und Sicherheit f\u00fcr jeden Bedarf.","og_url":"https:\/\/italfile.it\/de\/","og_site_name":"Italfile","article_modified_time":"2024-11-12T11:20:22+00:00","twitter_card":"summary_large_image","twitter_misc":{"Gesch\u00e4tzte Lesezeit":"2\u00a0Minuten"},"schema":{"@context":"https:\/\/schema.org","@graph":[{"@type":"WebPage","@id":"https:\/\/italfile.it\/de\/","url":"https:\/\/italfile.it\/de\/","name":"Fernbedienungen f\u00fcr Tore - Italfile%","isPartOf":{"@id":"https:\/\/italfile.it\/#website"},"datePublished":"2024-07-30T15:54:50+00:00","dateModified":"2024-11-12T11:20:22+00:00","description":"Entdecken Sie die Palette der Italfile-Fernbedienungen f\u00fcr automatische Tore: Zuverl\u00e4ssigkeit und Sicherheit f\u00fcr jeden Bedarf.","breadcrumb":{"@id":"https:\/\/italfile.it\/de\/#breadcrumb"},"inLanguage":"de","potentialAction":[{"@type":"ReadAction","target":["https:\/\/italfile.it\/de\/"]}]},{"@type":"BreadcrumbList","@id":"https:\/\/italfile.it\/de\/#breadcrumb","itemListElement":[{"@type":"ListItem","position":1,"name":"Home","item":"https:\/\/italfile.it\/de\/"},{"@type":"ListItem","position":2,"name":"Home"}]},{"@type":"WebSite","@id":"https:\/\/italfile.it\/#website","url":"https:\/\/italfile.it\/","name":"Italfile - Radiocomandi Universali","description":"Radiocomandi Universali per Cancelli","publisher":{"@id":"https:\/\/italfile.it\/#organization"},"potentialAction":[{"@type":"SearchAction","target":{"@type":"EntryPoint","urlTemplate":"https:\/\/italfile.it\/?s={search_term_string}"},"query-input":{"@type":"PropertyValueSpecification","valueRequired":true,"valueName":"search_term_string"}}],"inLanguage":"de"},{"@type":"Organization","@id":"https:\/\/italfile.it\/#organization","name":"Italfile Srl","url":"https:\/\/italfile.it\/","logo":{"@type":"ImageObject","inLanguage":"de","@id":"https:\/\/italfile.it\/#\/schema\/logo\/image\/","url":"https:\/\/italfile.it\/wp-content\/uploads\/2024\/07\/itafile-logo225.png","contentUrl":"https:\/\/italfile.it\/wp-content\/uploads\/2024\/07\/itafile-logo225.png","width":225,"height":23,"caption":"Italfile Srl"},"image":{"@id":"https:\/\/italfile.it\/#\/schema\/logo\/image\/"}}]}},"_links":{"self":[{"href":"https:\/\/italfile.it\/de\/wp-json\/wp\/v2\/pages\/1454","targetHints":{"allow":["GET"]}}],"collection":[{"href":"https:\/\/italfile.it\/de\/wp-json\/wp\/v2\/pages"}],"about":[{"href":"https:\/\/italfile.it\/de\/wp-json\/wp\/v2\/types\/page"}],"author":[{"embeddable":true,"href":"https:\/\/italfile.it\/de\/wp-json\/wp\/v2\/users\/1"}],"replies":[{"embeddable":true,"href":"https:\/\/italfile.it\/de\/wp-json\/wp\/v2\/comments?post=1454"}],"version-history":[{"count":5,"href":"https:\/\/italfile.it\/de\/wp-json\/wp\/v2\/pages\/1454\/revisions"}],"predecessor-version":[{"id":1513,"href":"https:\/\/italfile.it\/de\/wp-json\/wp\/v2\/pages\/1454\/revisions\/1513"}],"wp:attachment":[{"href":"https:\/\/italfile.it\/de\/wp-json\/wp\/v2\/media?parent=1454"}],"curies":[{"name":"wp","href":"https:\/\/api.w.org\/{rel}","templated":true}]}}