{"id":1431,"date":"2024-07-30T10:25:40","date_gmt":"2024-07-30T10:25:40","guid":{"rendered":"https:\/\/italfile.it\/chi-siamo\/"},"modified":"2024-11-06T15:33:52","modified_gmt":"2024-11-06T15:33:52","slug":"ueber-uns","status":"publish","type":"page","link":"https:\/\/italfile.it\/de\/ueber-uns\/","title":{"rendered":"\u00dcber uns"},"content":{"rendered":"<p>[et_pb_section fb_built=&#8220;1&#8243; _builder_version=&#8220;4.27.0&#8243; _module_preset=&#8220;default&#8220; background_color=&#8220;#F2F2F2&#8243; global_colors_info=&#8220;{}&#8220;][et_pb_row _builder_version=&#8220;4.27.0&#8243; _module_preset=&#8220;default&#8220; global_colors_info=&#8220;{}&#8220;][et_pb_column type=&#8220;4_4&#8243; _builder_version=&#8220;4.27.0&#8243; _module_preset=&#8220;default&#8220; global_colors_info=&#8220;{}&#8220;][et_pb_text _builder_version=&#8220;4.27.2&#8243; _module_preset=&#8220;default&#8220; header_font=&#8220;&#8211;et_global_heading_font||||||||&#8220; header_text_color=&#8220;#1D1D1D&#8220; header_font_size=&#8220;5em&#8220; header_font_size_tablet=&#8220;5em&#8220; header_font_size_phone=&#8220;3.5em&#8220; header_font_size_last_edited=&#8220;on|phone&#8220; global_colors_info=&#8220;{}&#8220;]<\/p>\n<h1>WARUM <strong>ITALFILE<\/strong> W\u00c4HLEN<\/h1>\n<p>[\/et_pb_text][\/et_pb_column][\/et_pb_row][et_pb_row column_structure=&#8220;3_5,2_5&#8243; use_custom_gutter=&#8220;on&#8220; make_equal=&#8220;on&#8220; _builder_version=&#8220;4.27.0&#8243; _module_preset=&#8220;default&#8220; width=&#8220;100%&#8220; max_width=&#8220;100%&#8220; custom_padding=&#8220;|13%|||false|false&#8220; custom_css_main_element=&#8220;align-items:flex-end;&#8220; global_colors_info=&#8220;{}&#8220;][et_pb_column type=&#8220;3_5&#8243; _builder_version=&#8220;4.27.0&#8243; _module_preset=&#8220;default&#8220; global_colors_info=&#8220;{}&#8220;][et_pb_image src=&#8220;https:\/\/italfile.it\/wp-content\/uploads\/2024\/07\/macchinario-1200&#215;801-1.jpg&#8220; title_text=&#8220;macchinario-1200&#215;801&#8243; _builder_version=&#8220;4.27.0&#8243; _module_preset=&#8220;default&#8220; animation_style=&#8220;zoom&#8220; animation_duration=&#8220;1250ms&#8220; animation_intensity_zoom=&#8220;10%&#8220; border_radii=&#8220;off||20px|20px|&#8220; global_colors_info=&#8220;{}&#8220;][\/et_pb_image][\/et_pb_column][et_pb_column type=&#8220;2_5&#8243; _builder_version=&#8220;4.27.0&#8243; _module_preset=&#8220;default&#8220; custom_padding_tablet=&#8220;|||10%|false|false&#8220; custom_padding_phone=&#8220;|||10%|false|false&#8220; custom_padding_last_edited=&#8220;on|tablet&#8220; global_colors_info=&#8220;{}&#8220;][et_pb_text _builder_version=&#8220;4.27.0&#8243; _module_preset=&#8220;default&#8220; text_text_color=&#8220;#FFFFFF&#8220; header_2_text_color=&#8220;#1D1D1D&#8220; header_2_font_size=&#8220;2em&#8220; global_colors_info=&#8220;{}&#8220;]<\/p>\n<h2>\u00dcber uns<\/h2>\n<p>[\/et_pb_text][et_pb_text _builder_version=&#8220;4.27.0&#8243; _module_preset=&#8220;default&#8220; text_text_color=&#8220;#1D1D1D&#8220; global_colors_info=&#8220;{}&#8220;]<\/p>\n<p>ITALFILE ist ein Unternehmen mit Sitz in Montecchio Maggiore in der Provinz Vicenza, das seit u\u0308ber 15 Jahren Fernbedienungen zur Duplikation und Ersatzteile fu\u0308r die Torautomatisierung herstellt. Im Laufe der Jahre hat sich das Unternehmen auf dem italienischen Markt etabliert und ist heute in den wichtigsten europ\u00e4ischen L\u00e4ndern, in den USA und in Australien vertreten. <\/p>\n<p>[\/et_pb_text][et_pb_image src=&#8220;https:\/\/italfile.it\/wp-content\/uploads\/2024\/07\/K012C0121_20201203121415.jpg&#8220; title_text=&#8220;K012C0121_20201203121415&#8243; _builder_version=&#8220;4.27.0&#8243; _module_preset=&#8220;default&#8220; animation_style=&#8220;zoom&#8220; animation_duration=&#8220;1250ms&#8220; animation_delay=&#8220;500ms&#8220; animation_intensity_zoom=&#8220;10%&#8220; border_radii=&#8220;on|20px|20px|20px|20px&#8220; global_colors_info=&#8220;{}&#8220;][\/et_pb_image][\/et_pb_column][\/et_pb_row][et_pb_row column_structure=&#8220;1_4,3_4&#8243; _builder_version=&#8220;4.27.0&#8243; _module_preset=&#8220;default&#8220; custom_margin=&#8220;5%||5%||true|false&#8220; global_colors_info=&#8220;{}&#8220;][et_pb_column type=&#8220;1_4&#8243; _builder_version=&#8220;4.27.0&#8243; _module_preset=&#8220;default&#8220; global_colors_info=&#8220;{}&#8220;][\/et_pb_column][et_pb_column type=&#8220;3_4&#8243; _builder_version=&#8220;4.27.0&#8243; _module_preset=&#8220;default&#8220; global_colors_info=&#8220;{}&#8220;][et_pb_text _builder_version=&#8220;4.27.0&#8243; _module_preset=&#8220;default&#8220; text_text_color=&#8220;#FFFFFF&#8220; header_2_text_color=&#8220;#1D1D1D&#8220; header_3_font_size=&#8220;2em&#8220; global_colors_info=&#8220;{}&#8220;]<\/p>\n<h3>Produktion Made in Italy<\/h3>\n<p>[\/et_pb_text][et_pb_text _builder_version=&#8220;4.27.0&#8243; _module_preset=&#8220;default&#8220; text_text_color=&#8220;#1D1D1D&#8220; global_colors_info=&#8220;{}&#8220;]<\/p>\n<p>Die Entwicklung der Produkte erfolgt so, dass sie robust und langlebig sind. Zudem wird auf den Kunststoffoberfl\u00e4chen eine Soft-Touch-Beschichtung aufgetragen, die sie widerstandsf\u00e4higer gegen St\u00f6\u00dfe macht. Das Design ist sowohl ergonomisch als auch \u00e4sthetisch ansprechend gestaltet. Im Produktionsprozess der elektronischen Platinen werden kontinuierliche Kontrollen durchgefu\u0308hrt, um maximale Zuverl\u00e4ssigkeit zu gew\u00e4hrleisten. Durch den engen Austausch mit unseren Kunden wird die Software regelm\u00e4\u00dfig aktualisiert, um eine benutzerfreundlichere und kompatiblere L\u00f6sung zu schaffen, die ihren Anforderungen entspricht. Die Entwicklung und das Design unserer Produkte werden vollst\u00e4ndig in unserem Hauptsitz durchgefu\u0308hrt; die Produktion erfolgt in unmittelbarer N\u00e4he, in einem Umkreis von etwa 100 km, um den gesamten Produktionsprozess zu u\u0308berwachen und hohe Qualit\u00e4t sicherzustellen. Daher sind die Produkte von ITALFILE ein Beispiel fu\u0308r italienische Qualit\u00e4t und Handwerkskunst.    <\/p>\n<p>[\/et_pb_text][\/et_pb_column][\/et_pb_row][et_pb_row column_structure=&#8220;2_5,3_5&#8243; use_custom_gutter=&#8220;on&#8220; make_equal=&#8220;on&#8220; _builder_version=&#8220;4.27.0&#8243; _module_preset=&#8220;default&#8220; custom_css_main_element=&#8220;align-items:center;&#8220; global_colors_info=&#8220;{}&#8220;][et_pb_column type=&#8220;2_5&#8243; _builder_version=&#8220;4.27.0&#8243; _module_preset=&#8220;default&#8220; global_colors_info=&#8220;{}&#8220;][et_pb_image src=&#8220;https:\/\/italfile.it\/wp-content\/uploads\/2024\/07\/jane_mood-18-4.jpg&#8220; title_text=&#8220;jane_mood-18-4&#8243; _builder_version=&#8220;4.27.0&#8243; _module_preset=&#8220;default&#8220; scroll_vertical_motion_enable=&#8220;on&#8220; scroll_vertical_motion=&#8220;0|50|50|100|-1|0|0&#8243; scroll_horizontal_motion=&#8220;0|50|50|100|1|0|0&#8243; border_radii=&#8220;on|20px|20px|20px|20px&#8220; global_colors_info=&#8220;{}&#8220;][\/et_pb_image][\/et_pb_column][et_pb_column type=&#8220;3_5&#8243; _builder_version=&#8220;4.27.0&#8243; _module_preset=&#8220;default&#8220; custom_padding=&#8220;|15%|||false|false&#8220; global_colors_info=&#8220;{}&#8220;][et_pb_text _builder_version=&#8220;4.27.0&#8243; _module_preset=&#8220;default&#8220; text_text_color=&#8220;#FFFFFF&#8220; header_2_text_color=&#8220;#1D1D1D&#8220; header_2_font_size=&#8220;4em&#8220; header_3_font_size=&#8220;2em&#8220; custom_margin_tablet=&#8220;10%||||false|false&#8220; custom_margin_phone=&#8220;10%||||false|false&#8220; custom_margin_last_edited=&#8220;on|tablet&#8220; header_2_font_size_tablet=&#8220;4em&#8220; header_2_font_size_phone=&#8220;2.5em&#8220; header_2_font_size_last_edited=&#8220;on|phone&#8220; global_colors_info=&#8220;{}&#8220;]<\/p>\n<h2>Das Unternehmen w\u00e4chst mit neuen Ideen.<\/h2>\n<p>[\/et_pb_text][et_pb_text _builder_version=&#8220;4.27.0&#8243; _module_preset=&#8220;default&#8220; text_text_color=&#8220;#1D1D1D&#8220; global_colors_info=&#8220;{}&#8220;]<\/p>\n<p>Alle Produkte von Italfile, von den Fernbedienungen bis zu den Empf\u00e4ngern, werden regelm\u00e4\u00dfig kontrolliert und sind von der Beh\u00f6rde f\u00fcr Funkfrequenzen zertifiziert.<br \/>Dank der Erfahrung des Personals und der Meinung der Kunden und H\u00e4ndler w\u00e4chst das Unternehmen st\u00e4ndig und hat immer neue Ideen in der Pipeline.<\/p>\n<p>[\/et_pb_text][et_pb_button button_url=&#8220;@ET-DC@eyJkeW5hbWljIjp0cnVlLCJjb250ZW50IjoicG9zdF9saW5rX3VybF9wYWdlIiwic2V0dGluZ3MiOnsicG9zdF9pZCI6Ijg0In19@&#8220; button_text=&#8220;Kontakt&#8220; module_class=&#8220;pulsante-icona&#8220; _builder_version=&#8220;4.27.2&#8243; _dynamic_attributes=&#8220;button_url&#8220; _module_preset=&#8220;default&#8220; custom_button=&#8220;on&#8220; button_text_color=&#8220;#1D1D1D&#8220; button_border_width=&#8220;0px&#8220; button_border_radius=&#8220;0px&#8220; button_icon=&#8220;&#xe03e;||divi||400&#8243; button_icon_color=&#8220;#E02B20&#8243; button_icon_placement=&#8220;left&#8220; button_on_hover=&#8220;off&#8220; hover_transition_duration=&#8220;600ms&#8220; global_colors_info=&#8220;{}&#8220; button_text_color__hover=&#8220;#F2F2F2&#8243; button_text_color__hover_enabled=&#8220;on|hover&#8220; button_border_radius__hover=&#8220;50px&#8220; button_border_radius__hover_enabled=&#8220;on|hover&#8220; button_icon_color__hover=&#8220;#F2F2F2&#8243; button_icon_color__hover_enabled=&#8220;on|hover&#8220; button_bg_color__hover=&#8220;#e02b20&#8243; button_bg_color__hover_enabled=&#8220;on|hover&#8220;][\/et_pb_button][\/et_pb_column][\/et_pb_row][\/et_pb_section]<\/p>\n","protected":false},"excerpt":{"rendered":"<p>WARUM ITALFILE W\u00c4HLEN\u00dcber unsITALFILE ist ein Unternehmen mit Sitz in Montecchio Maggiore in der Provinz Vicenza, das seit u\u0308ber 15 Jahren Fernbedienungen zur Duplikation und Ersatzteile fu\u0308r die Torautomatisierung herstellt. Im Laufe der Jahre hat sich das Unternehmen auf dem italienischen Markt etabliert und ist heute in den wichtigsten europ\u00e4ischen L\u00e4ndern, in den USA und [&hellip;]<\/p>\n","protected":false},"author":1,"featured_media":0,"parent":0,"menu_order":38,"comment_status":"closed","ping_status":"closed","template":"","meta":{"_acf_changed":false,"_et_pb_use_builder":"on","_et_pb_old_content":"","_et_gb_content_width":"","footnotes":""},"class_list":["post-1431","page","type-page","status-publish","hentry"],"acf":[],"yoast_head":"<!-- This site is optimized with the Yoast SEO plugin v24.0 - https:\/\/yoast.com\/wordpress\/plugins\/seo\/ -->\n<title>\u00dcber uns - Italfile<\/title>\n<meta name=\"description\" content=\"Italfile: f\u00fchrend bei L\u00f6sungen zur Automatisierung von Toren. Entdecken Sie unsere Erfahrung und Innovation in der Branche.\" \/>\n<meta name=\"robots\" content=\"index, follow, max-snippet:-1, max-image-preview:large, max-video-preview:-1\" \/>\n<link rel=\"canonical\" href=\"https:\/\/italfile.it\/de\/ueber-uns\/\" \/>\n<meta property=\"og:locale\" content=\"de_DE\" \/>\n<meta property=\"og:type\" content=\"article\" \/>\n<meta property=\"og:title\" content=\"\u00dcber uns - Italfile\" \/>\n<meta property=\"og:description\" content=\"Italfile: f\u00fchrend bei L\u00f6sungen zur Automatisierung von Toren. Entdecken Sie unsere Erfahrung und Innovation in der Branche.\" \/>\n<meta property=\"og:url\" content=\"https:\/\/italfile.it\/de\/ueber-uns\/\" \/>\n<meta property=\"og:site_name\" content=\"Italfile\" \/>\n<meta property=\"article:modified_time\" content=\"2024-11-06T15:33:52+00:00\" \/>\n<meta name=\"twitter:card\" content=\"summary_large_image\" \/>\n<meta name=\"twitter:label1\" content=\"Gesch\u00e4tzte Lesezeit\" \/>\n\t<meta name=\"twitter:data1\" content=\"2\u00a0Minuten\" \/>\n<script type=\"application\/ld+json\" class=\"yoast-schema-graph\">{\"@context\":\"https:\/\/schema.org\",\"@graph\":[{\"@type\":\"WebPage\",\"@id\":\"https:\/\/italfile.it\/de\/ueber-uns\/\",\"url\":\"https:\/\/italfile.it\/de\/ueber-uns\/\",\"name\":\"\u00dcber uns - Italfile\",\"isPartOf\":{\"@id\":\"https:\/\/italfile.it\/#website\"},\"datePublished\":\"2024-07-30T10:25:40+00:00\",\"dateModified\":\"2024-11-06T15:33:52+00:00\",\"description\":\"Italfile: f\u00fchrend bei L\u00f6sungen zur Automatisierung von Toren. Entdecken Sie unsere Erfahrung und Innovation in der Branche.\",\"breadcrumb\":{\"@id\":\"https:\/\/italfile.it\/de\/ueber-uns\/#breadcrumb\"},\"inLanguage\":\"de\",\"potentialAction\":[{\"@type\":\"ReadAction\",\"target\":[\"https:\/\/italfile.it\/de\/ueber-uns\/\"]}]},{\"@type\":\"BreadcrumbList\",\"@id\":\"https:\/\/italfile.it\/de\/ueber-uns\/#breadcrumb\",\"itemListElement\":[{\"@type\":\"ListItem\",\"position\":1,\"name\":\"Home\",\"item\":\"https:\/\/italfile.it\/de\/\"},{\"@type\":\"ListItem\",\"position\":2,\"name\":\"\u00dcber uns\"}]},{\"@type\":\"WebSite\",\"@id\":\"https:\/\/italfile.it\/#website\",\"url\":\"https:\/\/italfile.it\/\",\"name\":\"Italfile - Radiocomandi Universali\",\"description\":\"Radiocomandi Universali per Cancelli\",\"publisher\":{\"@id\":\"https:\/\/italfile.it\/#organization\"},\"potentialAction\":[{\"@type\":\"SearchAction\",\"target\":{\"@type\":\"EntryPoint\",\"urlTemplate\":\"https:\/\/italfile.it\/?s={search_term_string}\"},\"query-input\":{\"@type\":\"PropertyValueSpecification\",\"valueRequired\":true,\"valueName\":\"search_term_string\"}}],\"inLanguage\":\"de\"},{\"@type\":\"Organization\",\"@id\":\"https:\/\/italfile.it\/#organization\",\"name\":\"Italfile Srl\",\"url\":\"https:\/\/italfile.it\/\",\"logo\":{\"@type\":\"ImageObject\",\"inLanguage\":\"de\",\"@id\":\"https:\/\/italfile.it\/#\/schema\/logo\/image\/\",\"url\":\"https:\/\/italfile.it\/wp-content\/uploads\/2024\/07\/itafile-logo225.png\",\"contentUrl\":\"https:\/\/italfile.it\/wp-content\/uploads\/2024\/07\/itafile-logo225.png\",\"width\":225,\"height\":23,\"caption\":\"Italfile Srl\"},\"image\":{\"@id\":\"https:\/\/italfile.it\/#\/schema\/logo\/image\/\"}}]}<\/script>\n<!-- \/ Yoast SEO plugin. -->","yoast_head_json":{"title":"\u00dcber uns - Italfile","description":"Italfile: f\u00fchrend bei L\u00f6sungen zur Automatisierung von Toren. Entdecken Sie unsere Erfahrung und Innovation in der Branche.","robots":{"index":"index","follow":"follow","max-snippet":"max-snippet:-1","max-image-preview":"max-image-preview:large","max-video-preview":"max-video-preview:-1"},"canonical":"https:\/\/italfile.it\/de\/ueber-uns\/","og_locale":"de_DE","og_type":"article","og_title":"\u00dcber uns - Italfile","og_description":"Italfile: f\u00fchrend bei L\u00f6sungen zur Automatisierung von Toren. Entdecken Sie unsere Erfahrung und Innovation in der Branche.","og_url":"https:\/\/italfile.it\/de\/ueber-uns\/","og_site_name":"Italfile","article_modified_time":"2024-11-06T15:33:52+00:00","twitter_card":"summary_large_image","twitter_misc":{"Gesch\u00e4tzte Lesezeit":"2\u00a0Minuten"},"schema":{"@context":"https:\/\/schema.org","@graph":[{"@type":"WebPage","@id":"https:\/\/italfile.it\/de\/ueber-uns\/","url":"https:\/\/italfile.it\/de\/ueber-uns\/","name":"\u00dcber uns - Italfile","isPartOf":{"@id":"https:\/\/italfile.it\/#website"},"datePublished":"2024-07-30T10:25:40+00:00","dateModified":"2024-11-06T15:33:52+00:00","description":"Italfile: f\u00fchrend bei L\u00f6sungen zur Automatisierung von Toren. Entdecken Sie unsere Erfahrung und Innovation in der Branche.","breadcrumb":{"@id":"https:\/\/italfile.it\/de\/ueber-uns\/#breadcrumb"},"inLanguage":"de","potentialAction":[{"@type":"ReadAction","target":["https:\/\/italfile.it\/de\/ueber-uns\/"]}]},{"@type":"BreadcrumbList","@id":"https:\/\/italfile.it\/de\/ueber-uns\/#breadcrumb","itemListElement":[{"@type":"ListItem","position":1,"name":"Home","item":"https:\/\/italfile.it\/de\/"},{"@type":"ListItem","position":2,"name":"\u00dcber uns"}]},{"@type":"WebSite","@id":"https:\/\/italfile.it\/#website","url":"https:\/\/italfile.it\/","name":"Italfile - Radiocomandi Universali","description":"Radiocomandi Universali per Cancelli","publisher":{"@id":"https:\/\/italfile.it\/#organization"},"potentialAction":[{"@type":"SearchAction","target":{"@type":"EntryPoint","urlTemplate":"https:\/\/italfile.it\/?s={search_term_string}"},"query-input":{"@type":"PropertyValueSpecification","valueRequired":true,"valueName":"search_term_string"}}],"inLanguage":"de"},{"@type":"Organization","@id":"https:\/\/italfile.it\/#organization","name":"Italfile Srl","url":"https:\/\/italfile.it\/","logo":{"@type":"ImageObject","inLanguage":"de","@id":"https:\/\/italfile.it\/#\/schema\/logo\/image\/","url":"https:\/\/italfile.it\/wp-content\/uploads\/2024\/07\/itafile-logo225.png","contentUrl":"https:\/\/italfile.it\/wp-content\/uploads\/2024\/07\/itafile-logo225.png","width":225,"height":23,"caption":"Italfile Srl"},"image":{"@id":"https:\/\/italfile.it\/#\/schema\/logo\/image\/"}}]}},"_links":{"self":[{"href":"https:\/\/italfile.it\/de\/wp-json\/wp\/v2\/pages\/1431","targetHints":{"allow":["GET"]}}],"collection":[{"href":"https:\/\/italfile.it\/de\/wp-json\/wp\/v2\/pages"}],"about":[{"href":"https:\/\/italfile.it\/de\/wp-json\/wp\/v2\/types\/page"}],"author":[{"embeddable":true,"href":"https:\/\/italfile.it\/de\/wp-json\/wp\/v2\/users\/1"}],"replies":[{"embeddable":true,"href":"https:\/\/italfile.it\/de\/wp-json\/wp\/v2\/comments?post=1431"}],"version-history":[{"count":4,"href":"https:\/\/italfile.it\/de\/wp-json\/wp\/v2\/pages\/1431\/revisions"}],"predecessor-version":[{"id":1448,"href":"https:\/\/italfile.it\/de\/wp-json\/wp\/v2\/pages\/1431\/revisions\/1448"}],"wp:attachment":[{"href":"https:\/\/italfile.it\/de\/wp-json\/wp\/v2\/media?parent=1431"}],"curies":[{"name":"wp","href":"https:\/\/api.w.org\/{rel}","templated":true}]}}