{"id":1427,"date":"2024-07-30T10:30:27","date_gmt":"2024-07-30T10:30:27","guid":{"rendered":"https:\/\/italfile.it\/contatti\/"},"modified":"2024-11-06T15:34:02","modified_gmt":"2024-11-06T15:34:02","slug":"kontakt","status":"publish","type":"page","link":"https:\/\/italfile.it\/de\/kontakt\/","title":{"rendered":"Kontakt"},"content":{"rendered":"<p>[et_pb_section fb_built=&#8220;1&#8243; _builder_version=&#8220;4.27.0&#8243; _module_preset=&#8220;default&#8220; background_color=&#8220;#F2F2F2&#8243; global_colors_info=&#8220;{}&#8220;][et_pb_row _builder_version=&#8220;4.27.0&#8243; _module_preset=&#8220;default&#8220; global_colors_info=&#8220;{}&#8220;][et_pb_column type=&#8220;4_4&#8243; _builder_version=&#8220;4.27.0&#8243; _module_preset=&#8220;default&#8220; global_colors_info=&#8220;{}&#8220;][et_pb_text _builder_version=&#8220;4.27.0&#8243; _module_preset=&#8220;default&#8220; header_font=&#8220;||||||||&#8220; header_font_size=&#8220;5em&#8220; header_font_size_tablet=&#8220;5em&#8220; header_font_size_phone=&#8220;3.5em&#8220; header_font_size_last_edited=&#8220;on|phone&#8220; global_colors_info=&#8220;{}&#8220;]<\/p>\n<h1>Kontakt<\/h1>\n<p>[\/et_pb_text][\/et_pb_column][\/et_pb_row][et_pb_row column_structure=&#8220;2_5,3_5&#8243; use_custom_gutter=&#8220;on&#8220; gutter_width=&#8220;3&#8243; _builder_version=&#8220;4.27.0&#8243; _module_preset=&#8220;default&#8220; global_colors_info=&#8220;{}&#8220;][et_pb_column type=&#8220;2_5&#8243; _builder_version=&#8220;4.27.0&#8243; _module_preset=&#8220;default&#8220; global_colors_info=&#8220;{}&#8220;][et_pb_text _builder_version=&#8220;4.27.0&#8243; _module_preset=&#8220;default&#8220; text_font=&#8220;||||||||&#8220; text_font_size=&#8220;20px&#8220; global_colors_info=&#8220;{}&#8220;]<\/p>\n<p>Um Informationen anzufordern, kontaktieren Sie uns bitte unter den folgenden Adressen oder f\u00fcllen Sie das Formular aus. Einer unserer Mitarbeiter wird sich so schnell wie m\u00f6glich mit Ihnen in Verbindung setzen. <\/p>\n<p>[\/et_pb_text][et_pb_blurb use_icon=&#8220;on&#8220; font_icon=&#8220;&#xf276;||fa||900&#8243; icon_color=&#8220;#1D1D1D&#8220; icon_placement=&#8220;left&#8220; image_icon_width=&#8220;20px&#8220; content_max_width=&#8220;100%&#8220; _builder_version=&#8220;4.27.2&#8243; _module_preset=&#8220;default&#8220; body_font=&#8220;||||||||&#8220; body_link_font=&#8220;Archivo|800|||||||&#8220; body_link_text_color=&#8220;#1D1D1D&#8220; custom_margin=&#8220;8%||||false|false&#8220; global_colors_info=&#8220;{}&#8220;]<\/p>\n<p><a href=\"https:\/\/maps.app.goo.gl\/jioPxu7mEZM6DFcN9\" target=\"_blank\" rel=\"noopener\">Via Della Gualda, 11, 36075 Montecchio Maggiore, VI, Italien<\/a><\/p>\n<p>[\/et_pb_blurb][et_pb_blurb use_icon=&#8220;on&#8220; font_icon=&#8220;&#xe076;||divi||400&#8243; icon_color=&#8220;#1D1D1D&#8220; icon_placement=&#8220;left&#8220; image_icon_width=&#8220;20px&#8220; content_max_width=&#8220;100%&#8220; _builder_version=&#8220;4.27.0&#8243; _module_preset=&#8220;default&#8220; body_font=&#8220;||||||||&#8220; body_link_font=&#8220;Archivo|800|||||||&#8220; body_link_text_color=&#8220;#1D1D1D&#8220; custom_margin=&#8220;4%||||false|false&#8220; global_colors_info=&#8220;{}&#8220;]<\/p>\n<p><a href=\"mailto:info@italfile.it\">info@italfile.it<\/a><\/p>\n<p>[\/et_pb_blurb][et_pb_blurb use_icon=&#8220;on&#8220; font_icon=&#8220;&#xf879;||fa||900&#8243; icon_color=&#8220;#1D1D1D&#8220; icon_placement=&#8220;left&#8220; image_icon_width=&#8220;20px&#8220; content_max_width=&#8220;100%&#8220; _builder_version=&#8220;4.27.0&#8243; _module_preset=&#8220;default&#8220; body_font=&#8220;||||||||&#8220; body_link_font=&#8220;Archivo|800|||||||&#8220; body_link_text_color=&#8220;#1D1D1D&#8220; custom_margin=&#8220;4%||||false|false&#8220; global_colors_info=&#8220;{}&#8220;]<\/p>\n<p><a href=\"tel:+390444371303\">+39 0444 371303<\/a><\/p>\n<p>[\/et_pb_blurb][\/et_pb_column][et_pb_column type=&#8220;3_5&#8243; _builder_version=&#8220;4.27.0&#8243; _module_preset=&#8220;default&#8220; global_colors_info=&#8220;{}&#8220;][dvppl_cf7_styler button_alignment=&#8220;right&#8220; cf7=&#8220;8&#8243; form_background_color=&#8220;RGBA(255,255,255,0)&#8220; form_field_spacing=&#8220;15px&#8220; cr_custom_styles=&#8220;on&#8220; cr_selected_color=&#8220;#F20000&#8243; _builder_version=&#8220;4.27.0&#8243; _module_preset=&#8220;default&#8220; form_field_font_text_color=&#8220;#1D1D1D&#8220; labels_font=&#8220;||||||||&#8220; custom_submit_button=&#8220;on&#8220; submit_button_text_size=&#8220;22px&#8220; submit_button_bg_color=&#8220;#1D1D1D&#8220; submit_button_border_width=&#8220;0px&#8220; submit_button_border_radius=&#8220;50px&#8220; submit_button_font=&#8220;Obvia &#8211; Regular||||||||&#8220; submit_button_custom_padding=&#8220;1.5%|5%|1.5%|5%|true|true&#8220; submit_button_custom_padding_tablet=&#8220;2.5%|5%|2%|5%|false|true&#8220; submit_button_custom_padding_phone=&#8220;5%|10%|4%|10%|false|true&#8220; submit_button_custom_padding_last_edited=&#8220;on|tablet&#8220; custom_margin_tablet=&#8220;5%||||false|false&#8220; custom_margin_phone=&#8220;5%||||false|false&#8220; custom_margin_last_edited=&#8220;on|tablet&#8220; border_radii_field=&#8220;on|5px|5px|5px|5px&#8220; global_colors_info=&#8220;{}&#8220;][\/dvppl_cf7_styler][\/et_pb_column][\/et_pb_row][\/et_pb_section]<\/p>\n","protected":false},"excerpt":{"rendered":"<p>KontaktUm Informationen anzufordern, kontaktieren Sie uns bitte unter den folgenden Adressen oder f\u00fcllen Sie das Formular aus. Einer unserer Mitarbeiter wird sich so schnell wie m\u00f6glich mit Ihnen in Verbindung setzen. Via Della Gualda, 11, 36075 Montecchio Maggiore, VI, Italieninfo@italfile.it+39 0444 371303<div class=\"et_pb_module dvppl_cf7_styler dvppl_cf7_styler_0\">\n\t\t\t\t\n\t\t\t\t\n\t\t\t\t\n\t\t\t\t\n\t\t\t\t\n\t\t\t\t\n\t\t\t\t<div class=\"et_pb_module_inner\">\n\t\t\t\t\t<div class=\"dipe-cf7-container dipe-cf7-button-&#8220;right&#8220;\">\n\t\t\t\t\n\t\t\t\t<div class=\"dipe-cf7 dipe-cf7-styler \">\n\t\t\t\t\t<p class=\"wpcf7-contact-form-not-found\"><strong>Fehler:<\/strong> Kontaktformular wurde nicht gefunden.<\/p>\n\t\t\t\t<\/div>\n\t\t\t<\/div>\n\t\t\t\t<\/div>\n\t\t\t<\/div><\/p>\n","protected":false},"author":1,"featured_media":0,"parent":0,"menu_order":37,"comment_status":"closed","ping_status":"closed","template":"","meta":{"_acf_changed":false,"_et_pb_use_builder":"on","_et_pb_old_content":"","_et_gb_content_width":"","footnotes":""},"class_list":["post-1427","page","type-page","status-publish","hentry"],"acf":[],"yoast_head":"<!-- This site is optimized with the Yoast SEO plugin v24.0 - https:\/\/yoast.com\/wordpress\/plugins\/seo\/ -->\n<title>Kontakt - Italfile Fernbedienungen<\/title>\n<meta name=\"description\" content=\"Wenden Sie sich an Italfile, um Informationen \u00fcber Fernbedienungen f\u00fcr Tore, Empf\u00e4nger und ma\u00dfgeschneiderte Automatisierungsl\u00f6sungen zu erhalten.\" \/>\n<meta name=\"robots\" content=\"index, follow, max-snippet:-1, max-image-preview:large, max-video-preview:-1\" \/>\n<link rel=\"canonical\" href=\"https:\/\/italfile.it\/de\/kontakt\/\" \/>\n<meta property=\"og:locale\" content=\"de_DE\" \/>\n<meta property=\"og:type\" content=\"article\" \/>\n<meta property=\"og:title\" content=\"Kontakt - Italfile Fernbedienungen\" \/>\n<meta property=\"og:description\" content=\"Wenden Sie sich an Italfile, um Informationen \u00fcber Fernbedienungen f\u00fcr Tore, Empf\u00e4nger und ma\u00dfgeschneiderte Automatisierungsl\u00f6sungen zu erhalten.\" \/>\n<meta property=\"og:url\" content=\"https:\/\/italfile.it\/de\/kontakt\/\" \/>\n<meta property=\"og:site_name\" content=\"Italfile\" \/>\n<meta property=\"article:modified_time\" content=\"2024-11-06T15:34:02+00:00\" \/>\n<meta name=\"twitter:card\" content=\"summary_large_image\" \/>\n<meta name=\"twitter:label1\" content=\"Gesch\u00e4tzte Lesezeit\" \/>\n\t<meta name=\"twitter:data1\" content=\"1\u00a0Minute\" \/>\n<script type=\"application\/ld+json\" class=\"yoast-schema-graph\">{\"@context\":\"https:\/\/schema.org\",\"@graph\":[{\"@type\":\"WebPage\",\"@id\":\"https:\/\/italfile.it\/de\/kontakt\/\",\"url\":\"https:\/\/italfile.it\/de\/kontakt\/\",\"name\":\"Kontakt - Italfile Fernbedienungen\",\"isPartOf\":{\"@id\":\"https:\/\/italfile.it\/#website\"},\"datePublished\":\"2024-07-30T10:30:27+00:00\",\"dateModified\":\"2024-11-06T15:34:02+00:00\",\"description\":\"Wenden Sie sich an Italfile, um Informationen \u00fcber Fernbedienungen f\u00fcr Tore, Empf\u00e4nger und ma\u00dfgeschneiderte Automatisierungsl\u00f6sungen zu erhalten.\",\"breadcrumb\":{\"@id\":\"https:\/\/italfile.it\/de\/kontakt\/#breadcrumb\"},\"inLanguage\":\"de\",\"potentialAction\":[{\"@type\":\"ReadAction\",\"target\":[\"https:\/\/italfile.it\/de\/kontakt\/\"]}]},{\"@type\":\"BreadcrumbList\",\"@id\":\"https:\/\/italfile.it\/de\/kontakt\/#breadcrumb\",\"itemListElement\":[{\"@type\":\"ListItem\",\"position\":1,\"name\":\"Home\",\"item\":\"https:\/\/italfile.it\/de\/\"},{\"@type\":\"ListItem\",\"position\":2,\"name\":\"Kontakt\"}]},{\"@type\":\"WebSite\",\"@id\":\"https:\/\/italfile.it\/#website\",\"url\":\"https:\/\/italfile.it\/\",\"name\":\"Italfile - Radiocomandi Universali\",\"description\":\"Radiocomandi Universali per Cancelli\",\"publisher\":{\"@id\":\"https:\/\/italfile.it\/#organization\"},\"potentialAction\":[{\"@type\":\"SearchAction\",\"target\":{\"@type\":\"EntryPoint\",\"urlTemplate\":\"https:\/\/italfile.it\/?s={search_term_string}\"},\"query-input\":{\"@type\":\"PropertyValueSpecification\",\"valueRequired\":true,\"valueName\":\"search_term_string\"}}],\"inLanguage\":\"de\"},{\"@type\":\"Organization\",\"@id\":\"https:\/\/italfile.it\/#organization\",\"name\":\"Italfile Srl\",\"url\":\"https:\/\/italfile.it\/\",\"logo\":{\"@type\":\"ImageObject\",\"inLanguage\":\"de\",\"@id\":\"https:\/\/italfile.it\/#\/schema\/logo\/image\/\",\"url\":\"https:\/\/italfile.it\/wp-content\/uploads\/2024\/07\/itafile-logo225.png\",\"contentUrl\":\"https:\/\/italfile.it\/wp-content\/uploads\/2024\/07\/itafile-logo225.png\",\"width\":225,\"height\":23,\"caption\":\"Italfile Srl\"},\"image\":{\"@id\":\"https:\/\/italfile.it\/#\/schema\/logo\/image\/\"}}]}<\/script>\n<!-- \/ Yoast SEO plugin. -->","yoast_head_json":{"title":"Kontakt - Italfile Fernbedienungen","description":"Wenden Sie sich an Italfile, um Informationen \u00fcber Fernbedienungen f\u00fcr Tore, Empf\u00e4nger und ma\u00dfgeschneiderte Automatisierungsl\u00f6sungen zu erhalten.","robots":{"index":"index","follow":"follow","max-snippet":"max-snippet:-1","max-image-preview":"max-image-preview:large","max-video-preview":"max-video-preview:-1"},"canonical":"https:\/\/italfile.it\/de\/kontakt\/","og_locale":"de_DE","og_type":"article","og_title":"Kontakt - Italfile Fernbedienungen","og_description":"Wenden Sie sich an Italfile, um Informationen \u00fcber Fernbedienungen f\u00fcr Tore, Empf\u00e4nger und ma\u00dfgeschneiderte Automatisierungsl\u00f6sungen zu erhalten.","og_url":"https:\/\/italfile.it\/de\/kontakt\/","og_site_name":"Italfile","article_modified_time":"2024-11-06T15:34:02+00:00","twitter_card":"summary_large_image","twitter_misc":{"Gesch\u00e4tzte Lesezeit":"1\u00a0Minute"},"schema":{"@context":"https:\/\/schema.org","@graph":[{"@type":"WebPage","@id":"https:\/\/italfile.it\/de\/kontakt\/","url":"https:\/\/italfile.it\/de\/kontakt\/","name":"Kontakt - Italfile Fernbedienungen","isPartOf":{"@id":"https:\/\/italfile.it\/#website"},"datePublished":"2024-07-30T10:30:27+00:00","dateModified":"2024-11-06T15:34:02+00:00","description":"Wenden Sie sich an Italfile, um Informationen \u00fcber Fernbedienungen f\u00fcr Tore, Empf\u00e4nger und ma\u00dfgeschneiderte Automatisierungsl\u00f6sungen zu erhalten.","breadcrumb":{"@id":"https:\/\/italfile.it\/de\/kontakt\/#breadcrumb"},"inLanguage":"de","potentialAction":[{"@type":"ReadAction","target":["https:\/\/italfile.it\/de\/kontakt\/"]}]},{"@type":"BreadcrumbList","@id":"https:\/\/italfile.it\/de\/kontakt\/#breadcrumb","itemListElement":[{"@type":"ListItem","position":1,"name":"Home","item":"https:\/\/italfile.it\/de\/"},{"@type":"ListItem","position":2,"name":"Kontakt"}]},{"@type":"WebSite","@id":"https:\/\/italfile.it\/#website","url":"https:\/\/italfile.it\/","name":"Italfile - Radiocomandi Universali","description":"Radiocomandi Universali per Cancelli","publisher":{"@id":"https:\/\/italfile.it\/#organization"},"potentialAction":[{"@type":"SearchAction","target":{"@type":"EntryPoint","urlTemplate":"https:\/\/italfile.it\/?s={search_term_string}"},"query-input":{"@type":"PropertyValueSpecification","valueRequired":true,"valueName":"search_term_string"}}],"inLanguage":"de"},{"@type":"Organization","@id":"https:\/\/italfile.it\/#organization","name":"Italfile Srl","url":"https:\/\/italfile.it\/","logo":{"@type":"ImageObject","inLanguage":"de","@id":"https:\/\/italfile.it\/#\/schema\/logo\/image\/","url":"https:\/\/italfile.it\/wp-content\/uploads\/2024\/07\/itafile-logo225.png","contentUrl":"https:\/\/italfile.it\/wp-content\/uploads\/2024\/07\/itafile-logo225.png","width":225,"height":23,"caption":"Italfile Srl"},"image":{"@id":"https:\/\/italfile.it\/#\/schema\/logo\/image\/"}}]}},"_links":{"self":[{"href":"https:\/\/italfile.it\/de\/wp-json\/wp\/v2\/pages\/1427","targetHints":{"allow":["GET"]}}],"collection":[{"href":"https:\/\/italfile.it\/de\/wp-json\/wp\/v2\/pages"}],"about":[{"href":"https:\/\/italfile.it\/de\/wp-json\/wp\/v2\/types\/page"}],"author":[{"embeddable":true,"href":"https:\/\/italfile.it\/de\/wp-json\/wp\/v2\/users\/1"}],"replies":[{"embeddable":true,"href":"https:\/\/italfile.it\/de\/wp-json\/wp\/v2\/comments?post=1427"}],"version-history":[{"count":4,"href":"https:\/\/italfile.it\/de\/wp-json\/wp\/v2\/pages\/1427\/revisions"}],"predecessor-version":[{"id":1443,"href":"https:\/\/italfile.it\/de\/wp-json\/wp\/v2\/pages\/1427\/revisions\/1443"}],"wp:attachment":[{"href":"https:\/\/italfile.it\/de\/wp-json\/wp\/v2\/media?parent=1427"}],"curies":[{"name":"wp","href":"https:\/\/api.w.org\/{rel}","templated":true}]}}